{"id":28760,"date":"2023-03-14T20:20:47","date_gmt":"2023-03-14T20:20:47","guid":{"rendered":"https:\/\/www.icape-group.com\/feiras-e-eventos\/"},"modified":"2023-07-03T14:16:40","modified_gmt":"2023-07-03T14:16:40","slug":"feiras-e-eventos","status":"publish","type":"page","link":"https:\/\/www.icape-group.com\/pt-pt\/feiras-e-eventos\/","title":{"rendered":"Feiras e Eventos"},"content":{"rendered":"\t\t<div data-elementor-type=\"wp-page\" data-elementor-id=\"28760\" class=\"elementor elementor-28760 elementor-4064\" data-elementor-post-type=\"page\">\n\t\t\t\t\t\t<section class=\"elementor-section elementor-top-section elementor-element elementor-element-0b26ede elementor-section-height-min-height hero elementor-section-items-bottom elementor-section-boxed elementor-section-height-default\" data-id=\"0b26ede\" data-element_type=\"section\" data-e-type=\"section\" data-settings=\"{&quot;background_background&quot;:&quot;classic&quot;}\">\n\t\t\t\t\t\t\t<div class=\"elementor-background-overlay\"><\/div>\n\t\t\t\t\t\t\t<div class=\"elementor-container elementor-column-gap-default\">\n\t\t\t\t\t<div class=\"elementor-column elementor-col-100 elementor-top-column elementor-element elementor-element-635ab45 hero-content\" data-id=\"635ab45\" data-element_type=\"column\" data-e-type=\"column\">\n\t\t\t<div class=\"elementor-widget-wrap elementor-element-populated\">\n\t\t\t\t\t\t<div class=\"elementor-element elementor-element-069cf6d elementor-widget elementor-widget-elementskit-heading\" data-id=\"069cf6d\" data-element_type=\"widget\" data-e-type=\"widget\" data-widget_type=\"elementskit-heading.default\">\n\t\t\t\t<div class=\"elementor-widget-container\">\n\t\t\t\t\t<div class=\"ekit-wid-con\" ><div class=\"ekit-heading elementskit-section-title-wraper text_left   ekit_heading_tablet-   ekit_heading_mobile-\"><h1 class=\"ekit-heading--title elementskit-section-title \">Junte-se a n\u00f3s nos pr\u00f3ximos <span><span>Feiras e eventos<\/span><\/span><\/h1><\/div><\/div>\t\t\t\t<\/div>\n\t\t\t\t<\/div>\n\t\t\t\t\t<\/div>\n\t\t<\/div>\n\t\t\t\t\t<\/div>\n\t\t<\/section>\n\t\t\t\t<section class=\"elementor-section elementor-top-section elementor-element elementor-element-a03c779 elementor-section-boxed elementor-section-height-default elementor-section-height-default\" data-id=\"a03c779\" data-element_type=\"section\" data-e-type=\"section\">\n\t\t\t\t\t\t<div class=\"elementor-container elementor-column-gap-default\">\n\t\t\t\t\t<div class=\"elementor-column elementor-col-100 elementor-top-column elementor-element elementor-element-e728abf\" data-id=\"e728abf\" data-element_type=\"column\" data-e-type=\"column\">\n\t\t\t<div class=\"elementor-widget-wrap elementor-element-populated\">\n\t\t\t\t\t\t<div class=\"elementor-element elementor-element-c7064dd elementor-widget elementor-widget-heading\" data-id=\"c7064dd\" data-element_type=\"widget\" data-e-type=\"widget\" data-widget_type=\"heading.default\">\n\t\t\t\t<div class=\"elementor-widget-container\">\n\t\t\t\t\t<h2 class=\"elementor-heading-title elementor-size-default\">Feiras<\/h2>\t\t\t\t<\/div>\n\t\t\t\t<\/div>\n\t\t\t\t\t<\/div>\n\t\t<\/div>\n\t\t\t\t\t<\/div>\n\t\t<\/section>\n\t\t\t\t<section class=\"elementor-section elementor-top-section elementor-element elementor-element-d3664c9 elementor-section-boxed elementor-section-height-default elementor-section-height-default\" data-id=\"d3664c9\" data-element_type=\"section\" data-e-type=\"section\">\n\t\t\t\t\t\t<div class=\"elementor-container elementor-column-gap-default\">\n\t\t\t\t\t<div class=\"elementor-column elementor-col-100 elementor-top-column elementor-element elementor-element-edf4228\" data-id=\"edf4228\" data-element_type=\"column\" data-e-type=\"column\">\n\t\t\t<div class=\"elementor-widget-wrap elementor-element-populated\">\n\t\t\t\t\t\t<div class=\"elementor-element elementor-element-e75c1c8 elementor-widget elementor-widget-heading\" data-id=\"e75c1c8\" data-element_type=\"widget\" data-e-type=\"widget\" data-widget_type=\"heading.default\">\n\t\t\t\t<div class=\"elementor-widget-container\">\n\t\t\t\t\t<div class=\"elementor-heading-title elementor-size-default\">Selecione sua localiza\u00e7\u00e3o<\/div>\t\t\t\t<\/div>\n\t\t\t\t<\/div>\n\t\t\t\t<div class=\"elementor-element elementor-element-8d4e46d elementor-widget elementor-widget-shortcode\" data-id=\"8d4e46d\" data-element_type=\"widget\" data-e-type=\"widget\" data-widget_type=\"shortcode.default\">\n\t\t\t\t<div class=\"elementor-widget-container\">\n\t\t\t\t\t\t\t<div class=\"elementor-shortcode\">        <select name=\"cbo_countries_event\" class=\"cbo_blue\" data-cpt=\"icape_event\" data-col=\"4\">\r\n            <option value=\"\">Kraj<\/option>\r\n                    <option value=\"271\">ALEMANHA<\/option>\r\n                    <option value=\"323\">BRASIL<\/option>\r\n                    <option value=\"254\">DINAMARCA<\/option>\r\n                    <option value=\"404\">FRAN\u00c7A<\/option>\r\n                    <option value=\"741\">IT\u00c1LIA<\/option>\r\n                    <option value=\"358\">JAP\u00c3O<\/option>\r\n                    <option value=\"587\">REINO UNIDO<\/option>\r\n                    <option value=\"259\">SU\u00c9CIA<\/option>\r\n                \r\n        <\/select>\r\n        \r\n        <div class=\"webinar-holder\">\r\n            <div class=\"webinar-loading\">\r\n                <img decoding=\"async\" data-src=\"https:\/\/www.icape-group.com\/wp-content\/themes\/hello-elementor-child\/assets\/images\/loading.svg\" src=\"data:image\/svg+xml;base64,PHN2ZyB3aWR0aD0iMSIgaGVpZ2h0PSIxIiB4bWxucz0iaHR0cDovL3d3dy53My5vcmcvMjAwMC9zdmciPjwvc3ZnPg==\" class=\"lazyload\" \/>\r\n            <\/div>\r\n            <div id=\"webinar-container\"><\/div>\r\n        <\/div>\r\n    \r\n    <\/div>\n\t\t\t\t\t\t<\/div>\n\t\t\t\t<\/div>\n\t\t\t\t\t<\/div>\n\t\t<\/div>\n\t\t\t\t\t<\/div>\n\t\t<\/section>\n\t\t\t\t<\/div>\n\t\t","protected":false},"excerpt":{"rendered":"<p>Junte-se a n\u00f3s nos pr\u00f3ximos Feiras e eventos Feiras Selecione sua localiza\u00e7\u00e3o<\/p>\n","protected":false},"author":2,"featured_media":0,"parent":0,"menu_order":0,"comment_status":"closed","ping_status":"closed","template":"","meta":{"_acf_changed":false,"content-type":"","inline_featured_image":false,"footnotes":""},"class_list":["post-28760","page","type-page","status-publish","hentry"],"acf":[],"aioseo_notices":[],"yoast_head":"<!-- This site is optimized with the Yoast SEO Premium plugin v27.3 (Yoast SEO v27.4) - https:\/\/yoast.com\/product\/yoast-seo-premium-wordpress\/ -->\n<title>Feiras e Eventos - ICAPE Group<\/title>\n<meta name=\"robots\" content=\"index, follow, max-snippet:-1, max-image-preview:large, max-video-preview:-1\" \/>\n<meta name=\"twitter:card\" content=\"summary_large_image\" \/>\n<meta name=\"twitter:title\" content=\"Feiras e Eventos - ICAPE Group\" \/>\n<meta name=\"twitter:description\" content=\"Junte-se a n\u00f3s nos pr\u00f3ximos Feiras e eventos Feiras Selecione sua localiza\u00e7\u00e3o\" \/>\n<script type=\"application\/ld+json\" class=\"yoast-schema-graph\">{\"@context\":\"https:\\\/\\\/schema.org\",\"@graph\":[{\"@type\":\"WebPage\",\"@id\":\"https:\\\/\\\/www.icape-group.com\\\/pt-pt\\\/feiras-e-eventos\\\/\",\"url\":\"https:\\\/\\\/www.icape-group.com\\\/pt-pt\\\/feiras-e-eventos\\\/\",\"name\":\"Feiras e Eventos - ICAPE Group\",\"isPartOf\":{\"@id\":\"https:\\\/\\\/www.icape-group.com\\\/pt-pt\\\/#website\"},\"datePublished\":\"2023-03-14T20:20:47+00:00\",\"dateModified\":\"2023-07-03T14:16:40+00:00\",\"breadcrumb\":{\"@id\":\"https:\\\/\\\/www.icape-group.com\\\/pt-pt\\\/feiras-e-eventos\\\/#breadcrumb\"},\"inLanguage\":\"pt-PT\",\"potentialAction\":[{\"@type\":\"ReadAction\",\"target\":[\"https:\\\/\\\/www.icape-group.com\\\/pt-pt\\\/feiras-e-eventos\\\/\"]}]},{\"@type\":\"BreadcrumbList\",\"@id\":\"https:\\\/\\\/www.icape-group.com\\\/pt-pt\\\/feiras-e-eventos\\\/#breadcrumb\",\"itemListElement\":[{\"@type\":\"ListItem\",\"position\":1,\"name\":\"Home\",\"item\":\"https:\\\/\\\/www.icape-group.com\\\/pt-pt\\\/\"},{\"@type\":\"ListItem\",\"position\":2,\"name\":\"Feiras e Eventos\"}]},{\"@type\":\"WebSite\",\"@id\":\"https:\\\/\\\/www.icape-group.com\\\/pt-pt\\\/#website\",\"url\":\"https:\\\/\\\/www.icape-group.com\\\/pt-pt\\\/\",\"name\":\"ICAPE Group\",\"description\":\"The power of precision\",\"publisher\":{\"@id\":\"https:\\\/\\\/www.icape-group.com\\\/pt-pt\\\/#organization\"},\"potentialAction\":[{\"@type\":\"SearchAction\",\"target\":{\"@type\":\"EntryPoint\",\"urlTemplate\":\"https:\\\/\\\/www.icape-group.com\\\/pt-pt\\\/?s={search_term_string}\"},\"query-input\":{\"@type\":\"PropertyValueSpecification\",\"valueRequired\":true,\"valueName\":\"search_term_string\"}}],\"inLanguage\":\"pt-PT\"},{\"@type\":\"Organization\",\"@id\":\"https:\\\/\\\/www.icape-group.com\\\/pt-pt\\\/#organization\",\"name\":\"ICAPE Group\",\"url\":\"https:\\\/\\\/www.icape-group.com\\\/pt-pt\\\/\",\"logo\":{\"@type\":\"ImageObject\",\"inLanguage\":\"pt-PT\",\"@id\":\"https:\\\/\\\/www.icape-group.com\\\/pt-pt\\\/#\\\/schema\\\/logo\\\/image\\\/\",\"url\":\"\",\"contentUrl\":\"\",\"caption\":\"ICAPE Group\"},\"image\":{\"@id\":\"https:\\\/\\\/www.icape-group.com\\\/pt-pt\\\/#\\\/schema\\\/logo\\\/image\\\/\"}}]}<\/script>\n<!-- \/ Yoast SEO Premium plugin. -->","yoast_head_json":{"title":"Feiras e Eventos - ICAPE Group","robots":{"index":"index","follow":"follow","max-snippet":"max-snippet:-1","max-image-preview":"max-image-preview:large","max-video-preview":"max-video-preview:-1"},"twitter_card":"summary_large_image","twitter_title":"Feiras e Eventos - ICAPE Group","twitter_description":"Junte-se a n\u00f3s nos pr\u00f3ximos Feiras e eventos Feiras Selecione sua localiza\u00e7\u00e3o","schema":{"@context":"https:\/\/schema.org","@graph":[{"@type":"WebPage","@id":"https:\/\/www.icape-group.com\/pt-pt\/feiras-e-eventos\/","url":"https:\/\/www.icape-group.com\/pt-pt\/feiras-e-eventos\/","name":"Feiras e Eventos - ICAPE Group","isPartOf":{"@id":"https:\/\/www.icape-group.com\/pt-pt\/#website"},"datePublished":"2023-03-14T20:20:47+00:00","dateModified":"2023-07-03T14:16:40+00:00","breadcrumb":{"@id":"https:\/\/www.icape-group.com\/pt-pt\/feiras-e-eventos\/#breadcrumb"},"inLanguage":"pt-PT","potentialAction":[{"@type":"ReadAction","target":["https:\/\/www.icape-group.com\/pt-pt\/feiras-e-eventos\/"]}]},{"@type":"BreadcrumbList","@id":"https:\/\/www.icape-group.com\/pt-pt\/feiras-e-eventos\/#breadcrumb","itemListElement":[{"@type":"ListItem","position":1,"name":"Home","item":"https:\/\/www.icape-group.com\/pt-pt\/"},{"@type":"ListItem","position":2,"name":"Feiras e Eventos"}]},{"@type":"WebSite","@id":"https:\/\/www.icape-group.com\/pt-pt\/#website","url":"https:\/\/www.icape-group.com\/pt-pt\/","name":"ICAPE Group","description":"The power of precision","publisher":{"@id":"https:\/\/www.icape-group.com\/pt-pt\/#organization"},"potentialAction":[{"@type":"SearchAction","target":{"@type":"EntryPoint","urlTemplate":"https:\/\/www.icape-group.com\/pt-pt\/?s={search_term_string}"},"query-input":{"@type":"PropertyValueSpecification","valueRequired":true,"valueName":"search_term_string"}}],"inLanguage":"pt-PT"},{"@type":"Organization","@id":"https:\/\/www.icape-group.com\/pt-pt\/#organization","name":"ICAPE Group","url":"https:\/\/www.icape-group.com\/pt-pt\/","logo":{"@type":"ImageObject","inLanguage":"pt-PT","@id":"https:\/\/www.icape-group.com\/pt-pt\/#\/schema\/logo\/image\/","url":"","contentUrl":"","caption":"ICAPE Group"},"image":{"@id":"https:\/\/www.icape-group.com\/pt-pt\/#\/schema\/logo\/image\/"}}]}},"_links":{"self":[{"href":"https:\/\/www.icape-group.com\/pt-pt\/wp-json\/wp\/v2\/pages\/28760","targetHints":{"allow":["GET"]}}],"collection":[{"href":"https:\/\/www.icape-group.com\/pt-pt\/wp-json\/wp\/v2\/pages"}],"about":[{"href":"https:\/\/www.icape-group.com\/pt-pt\/wp-json\/wp\/v2\/types\/page"}],"author":[{"embeddable":true,"href":"https:\/\/www.icape-group.com\/pt-pt\/wp-json\/wp\/v2\/users\/2"}],"replies":[{"embeddable":true,"href":"https:\/\/www.icape-group.com\/pt-pt\/wp-json\/wp\/v2\/comments?post=28760"}],"version-history":[{"count":0,"href":"https:\/\/www.icape-group.com\/pt-pt\/wp-json\/wp\/v2\/pages\/28760\/revisions"}],"wp:attachment":[{"href":"https:\/\/www.icape-group.com\/pt-pt\/wp-json\/wp\/v2\/media?parent=28760"}],"curies":[{"name":"wp","href":"https:\/\/api.w.org\/{rel}","templated":true}]}}