{"id":141982,"date":"2025-03-18T19:18:03","date_gmt":"2025-03-18T19:18:03","guid":{"rendered":"https:\/\/www.icape-group.com\/conformidade\/"},"modified":"2025-03-25T15:03:21","modified_gmt":"2025-03-25T15:03:21","slug":"conformidade","status":"publish","type":"page","link":"https:\/\/www.icape-group.com\/pt-pt\/conformidade\/","title":{"rendered":"conformidade"},"content":{"rendered":"\t\t<div data-elementor-type=\"wp-page\" data-elementor-id=\"141982\" class=\"elementor elementor-141982 elementor-137981\">\n\t\t\t\t\t\t<section class=\"elementor-section elementor-top-section elementor-element elementor-element-6162531 elementor-section-height-min-height elementor-section-items-bottom elementor-section-boxed elementor-section-height-default\" data-id=\"6162531\" data-element_type=\"section\" data-e-type=\"section\" data-settings=\"{&quot;background_background&quot;:&quot;classic&quot;}\">\n\t\t\t\t\t\t\t<div class=\"elementor-background-overlay\"><\/div>\n\t\t\t\t\t\t\t<div class=\"elementor-container elementor-column-gap-default\">\n\t\t\t\t\t<div class=\"elementor-column elementor-col-100 elementor-top-column elementor-element elementor-element-55c5e94 hero-content\" data-id=\"55c5e94\" data-element_type=\"column\" data-e-type=\"column\">\n\t\t\t<div class=\"elementor-widget-wrap elementor-element-populated\">\n\t\t\t\t\t\t<div class=\"elementor-element elementor-element-7d8a2b8 elementor-widget__width-initial elementor-widget-mobile__width-initial elementor-widget elementor-widget-elementskit-heading\" data-id=\"7d8a2b8\" data-element_type=\"widget\" data-e-type=\"widget\" data-widget_type=\"elementskit-heading.default\">\n\t\t\t\t<div class=\"elementor-widget-container\">\n\t\t\t\t\t<div class=\"ekit-wid-con\" ><div class=\"ekit-heading elementskit-section-title-wraper text_left   ekit_heading_tablet-   ekit_heading_mobile-\"><h1 class=\"ekit-heading--title elementskit-section-title \">Garantindo a conformidade para <span><span>Sourcing e Fabrica\u00e7\u00e3o Sustent\u00e1veis<\/h1><\/div><\/div>\t\t\t\t<\/div>\n\t\t\t\t<\/div>\n\t\t\t\t<div class=\"elementor-element elementor-element-3101f14 elementor-widget elementor-widget-text-editor\" data-id=\"3101f14\" data-element_type=\"widget\" data-e-type=\"widget\" data-widget_type=\"text-editor.default\">\n\t\t\t\t<div class=\"elementor-widget-container\">\n\t\t\t\t\t\t\t\t\t<p>No Grupo ICAPE, sustentabilidade e conformidade est\u00e3o no centro de nossas opera\u00e7\u00f5es. Garantimos que nossos produtos atendam aos mais altos padr\u00f5es regulat\u00f3rios, ajudando nossos clientes a atingir suas metas ambientais e de responsabilidade corporativa. <\/p>\n\t\t\t\t\t\t\t\t<\/div>\n\t\t\t\t<\/div>\n\t\t\t\t<div class=\"elementor-element elementor-element-6b611ac elementor-align-left elementor-widget__width-auto elementor-widget-mobile__width-inherit style1 elementor-widget elementor-widget-elementskit-button\" data-id=\"6b611ac\" data-element_type=\"widget\" data-e-type=\"widget\" data-widget_type=\"elementskit-button.default\">\n\t\t\t\t<div class=\"elementor-widget-container\">\n\t\t\t\t\t<div class=\"ekit-wid-con\" >\t\t<div class=\"ekit-btn-wraper\">\n\t\t\t\t\t\t\t<a href=\"https:\/\/www.icape-group.com\/contact\/\" class=\"elementskit-btn  whitespace--normal\" id=\"\">\n\t\t\t\t\tFale conosco<svg xmlns=\"http:\/\/www.w3.org\/2000\/svg\" xmlns:xlink=\"http:\/\/www.w3.org\/1999\/xlink\" id=\"Layer_1\" x=\"0px\" y=\"0px\" width=\"32px\" height=\"32px\" viewBox=\"0 0 32 32\" xml:space=\"preserve\"><path d=\"M22.4,14H1.9C1.4,14,1,14.4,1,14.9l0,2.4c0,0.5,0.4,0.9,0.9,0.9h20.5v4.3c0,1.6,0.3,2.5,1.4,1.3l6.6-6.6  c0.7-0.7,0.7-1.9,0-2.6l-6.6-6.6c-1.2-1.2-1.4-0.3-1.4,1.3V14z\"><\/path><\/svg>\t\t\t\t<\/a>\n\t\t\t\t\t<\/div>\n        <\/div>\t\t\t\t<\/div>\n\t\t\t\t<\/div>\n\t\t\t\t\t<\/div>\n\t\t<\/div>\n\t\t\t\t\t<\/div>\n\t\t<\/section>\n\t\t\t\t<section class=\"elementor-section elementor-top-section elementor-element elementor-element-914e0bf elementor-hidden-mobile elementor-section-boxed elementor-section-height-default elementor-section-height-default\" data-id=\"914e0bf\" data-element_type=\"section\" data-e-type=\"section\">\n\t\t\t\t\t\t<div class=\"elementor-container elementor-column-gap-no\">\n\t\t\t\t\t<div class=\"elementor-column elementor-col-100 elementor-top-column elementor-element elementor-element-6c96dc6\" data-id=\"6c96dc6\" data-element_type=\"column\" data-e-type=\"column\">\n\t\t\t<div class=\"elementor-widget-wrap elementor-element-populated\">\n\t\t\t\t\t\t<div class=\"elementor-element elementor-element-48588d1 breadcrumb elementor-widget elementor-widget-shortcode\" data-id=\"48588d1\" data-element_type=\"widget\" data-e-type=\"widget\" data-widget_type=\"shortcode.default\">\n\t\t\t\t<div class=\"elementor-widget-container\">\n\t\t\t\t\t\t\t<div class=\"elementor-shortcode\"><span><span><a href=\"https:\/\/www.icape-group.com\/pt-pt\/\">Home<\/a><\/span><\/span><\/div>\n\t\t\t\t\t\t<\/div>\n\t\t\t\t<\/div>\n\t\t\t\t\t<\/div>\n\t\t<\/div>\n\t\t\t\t\t<\/div>\n\t\t<\/section>\n\t\t\t\t<section class=\"elementor-section elementor-top-section elementor-element elementor-element-31274bb elementor-section-boxed elementor-section-height-default elementor-section-height-default\" data-id=\"31274bb\" data-element_type=\"section\" data-e-type=\"section\">\n\t\t\t\t\t\t<div class=\"elementor-container elementor-column-gap-default\">\n\t\t\t\t\t<div class=\"elementor-column elementor-col-100 elementor-top-column elementor-element elementor-element-0a9afd8\" data-id=\"0a9afd8\" data-element_type=\"column\" data-e-type=\"column\">\n\t\t\t<div class=\"elementor-widget-wrap elementor-element-populated\">\n\t\t\t\t\t\t<div class=\"elementor-element elementor-element-d261d6c elementor-widget elementor-widget-text-editor\" data-id=\"d261d6c\" data-element_type=\"widget\" data-e-type=\"widget\" data-widget_type=\"text-editor.default\">\n\t\t\t\t<div class=\"elementor-widget-container\">\n\t\t\t\t\t\t\t\t\t<p>A conformidade regulat\u00f3ria com <strong data-start=\"129\" data-end=\"175\">RoHS (Restri\u00e7\u00e3o de Subst\u00e2ncias Perigosas)<\/strong> e <strong data-start=\"180\" data-end=\"261\">REACH (Registro, Avalia\u00e7\u00e3o, Autoriza\u00e7\u00e3o e Restri\u00e7\u00e3o de Produtos Qu\u00edmicos)<\/strong> \u00e9 crucial para garantir a seguran\u00e7a, sustentabilidade e comercializa\u00e7\u00e3o global de produtos eletr\u00f4nicos. A RoHS restringe o uso de materiais perigosos como chumbo e merc\u00fario, reduzindo o impacto ambiental e protegendo a sa\u00fade humana. Enquanto isso, o REACH imp\u00f5e r\u00edgidos padr\u00f5es de seguran\u00e7a qu\u00edmica dentro da Uni\u00e3o Europeia, garantindo que as subst\u00e2ncias usadas na fabrica\u00e7\u00e3o n\u00e3o representem riscos para os consumidores ou para o meio ambiente. Ao aderir a esses regulamentos, o Grupo ICAPE n\u00e3o apenas atende aos requisitos legais, mas tamb\u00e9m apoia a fabrica\u00e7\u00e3o ecol\u00f3gica, aumenta a confiabilidade do produto e fortalece a confian\u00e7a do cliente em nosso compromisso com pr\u00e1ticas comerciais sustent\u00e1veis e respons\u00e1veis.   <\/p>\n\t\t\t\t\t\t\t\t<\/div>\n\t\t\t\t<\/div>\n\t\t\t\t\t<\/div>\n\t\t<\/div>\n\t\t\t\t\t<\/div>\n\t\t<\/section>\n\t\t\t\t<section class=\"elementor-section elementor-top-section elementor-element elementor-element-7d773c4 elementor-section-boxed elementor-section-height-default elementor-section-height-default\" data-id=\"7d773c4\" data-element_type=\"section\" data-e-type=\"section\">\n\t\t\t\t\t\t<div class=\"elementor-container elementor-column-gap-default\">\n\t\t\t\t\t<div class=\"elementor-column elementor-col-25 elementor-top-column elementor-element elementor-element-a16e342\" data-id=\"a16e342\" data-element_type=\"column\" data-e-type=\"column\">\n\t\t\t<div class=\"elementor-widget-wrap elementor-element-populated\">\n\t\t\t\t\t\t<div class=\"elementor-element elementor-element-f6505c6 elementor-widget elementor-widget-image\" data-id=\"f6505c6\" data-element_type=\"widget\" data-e-type=\"widget\" data-widget_type=\"image.default\">\n\t\t\t\t<div class=\"elementor-widget-container\">\n\t\t\t\t\t\t\t\t\t\t\t\t\t\t\t<img fetchpriority=\"high\" decoding=\"async\" width=\"640\" height=\"641\" src=\"https:\/\/www.icape-group.com\/wp-content\/smush-webp\/2025\/03\/RoHS.svg.png.webp\" class=\"attachment-large size-large wp-image-138018\" alt=\"\" srcset=\"https:\/\/www.icape-group.com\/wp-content\/smush-webp\/2025\/03\/RoHS.svg.png.webp 640w, https:\/\/www.icape-group.com\/wp-content\/smush-webp\/2025\/03\/RoHS.svg-300x300.png.webp 300w, https:\/\/www.icape-group.com\/wp-content\/smush-webp\/2025\/03\/RoHS.svg-150x150.png.webp 150w, https:\/\/www.icape-group.com\/wp-content\/smush-webp\/2025\/03\/RoHS.svg-600x600.png.webp 600w\" sizes=\"(max-width: 640px) 100vw, 640px\" \/>\t\t\t\t\t\t\t\t\t\t\t\t\t\t\t<\/div>\n\t\t\t\t<\/div>\n\t\t\t\t\t<\/div>\n\t\t<\/div>\n\t\t\t\t<div class=\"elementor-column elementor-col-25 elementor-top-column elementor-element elementor-element-b8d72d6\" data-id=\"b8d72d6\" data-element_type=\"column\" data-e-type=\"column\">\n\t\t\t<div class=\"elementor-widget-wrap elementor-element-populated\">\n\t\t\t\t\t\t<div class=\"elementor-element elementor-element-19b2826 elementor-widget elementor-widget-text-editor\" data-id=\"19b2826\" data-element_type=\"widget\" data-e-type=\"widget\" data-widget_type=\"text-editor.default\">\n\t\t\t\t<div class=\"elementor-widget-container\">\n\t\t\t\t\t\t\t\t\t<h6><strong>Conformidade com ROHS<\/strong><\/h6>\n\t\t\t\t\t\t\t\t<\/div>\n\t\t\t\t<\/div>\n\t\t\t\t<div class=\"elementor-element elementor-element-74cb477 elementor-widget elementor-widget-text-editor\" data-id=\"74cb477\" data-element_type=\"widget\" data-e-type=\"widget\" data-widget_type=\"text-editor.default\">\n\t\t\t\t<div class=\"elementor-widget-container\">\n\t\t\t\t\t\t\t\t\t<p>O Grupo ICAPE cumpre integralmente a diretiva de Restri\u00e7\u00e3o de Subst\u00e2ncias Perigosas (RoHS), garantindo que nossos PCBs e componentes eletr\u00f4nicos atendam aos padr\u00f5es de seguran\u00e7a ambiental, limitando subst\u00e2ncias perigosas como chumbo, merc\u00fario e c\u00e1dmio.<\/p>\n\t\t\t\t\t\t\t\t<\/div>\n\t\t\t\t<\/div>\n\t\t\t\t<div class=\"elementor-element elementor-element-c6b0b18 elementor-align-left btn-simple-arrow elementor-widget elementor-widget-button\" data-id=\"c6b0b18\" data-element_type=\"widget\" data-e-type=\"widget\" data-widget_type=\"button.default\">\n\t\t\t\t<div class=\"elementor-widget-container\">\n\t\t\t\t\t\t\t\t\t<div class=\"elementor-button-wrapper\">\n\t\t\t\t\t<a class=\"elementor-button elementor-button-link elementor-size-sm\" href=\"https:\/\/www.icape-group.com\/wp-content\/uploads\/2025\/03\/ICAPE-ROHS-3.0.doc\" target=\"_blank\">\n\t\t\t\t\t\t<span class=\"elementor-button-content-wrapper\">\n\t\t\t\t\t\t<span class=\"elementor-button-icon\">\n\t\t\t\t<svg xmlns=\"http:\/\/www.w3.org\/2000\/svg\" xmlns:xlink=\"http:\/\/www.w3.org\/1999\/xlink\" id=\"Layer_1\" x=\"0px\" y=\"0px\" width=\"32px\" height=\"32px\" viewBox=\"0 0 32 32\" xml:space=\"preserve\"><path d=\"M27.3,16L4.8,31l0-30L27.3,16z\"><\/path><\/svg>\t\t\t<\/span>\n\t\t\t\t\t\t\t\t\t<span class=\"elementor-button-text\">Ver declara\u00e7\u00e3o<\/span>\n\t\t\t\t\t<\/span>\n\t\t\t\t\t<\/a>\n\t\t\t\t<\/div>\n\t\t\t\t\t\t\t\t<\/div>\n\t\t\t\t<\/div>\n\t\t\t\t\t<\/div>\n\t\t<\/div>\n\t\t\t\t<div class=\"elementor-column elementor-col-25 elementor-top-column elementor-element elementor-element-2942e02\" data-id=\"2942e02\" data-element_type=\"column\" data-e-type=\"column\">\n\t\t\t<div class=\"elementor-widget-wrap elementor-element-populated\">\n\t\t\t\t\t\t<div class=\"elementor-element elementor-element-5d4c90e elementor-widget elementor-widget-image\" data-id=\"5d4c90e\" data-element_type=\"widget\" data-e-type=\"widget\" data-widget_type=\"image.default\">\n\t\t\t\t<div class=\"elementor-widget-container\">\n\t\t\t\t\t\t\t\t\t\t\t\t\t\t\t<img decoding=\"async\" width=\"300\" height=\"261\" data-src=\"https:\/\/www.icape-group.com\/wp-content\/smush-webp\/2025\/03\/Logo-REACH-300x261-1.png.webp\" class=\"attachment-large size-large wp-image-138028 lazyload\" alt=\"\" src=\"data:image\/svg+xml;base64,PHN2ZyB3aWR0aD0iMSIgaGVpZ2h0PSIxIiB4bWxucz0iaHR0cDovL3d3dy53My5vcmcvMjAwMC9zdmciPjwvc3ZnPg==\" style=\"--smush-placeholder-width: 300px; --smush-placeholder-aspect-ratio: 300\/261;\" \/>\t\t\t\t\t\t\t\t\t\t\t\t\t\t\t<\/div>\n\t\t\t\t<\/div>\n\t\t\t\t\t<\/div>\n\t\t<\/div>\n\t\t\t\t<div class=\"elementor-column elementor-col-25 elementor-top-column elementor-element elementor-element-55eba12\" data-id=\"55eba12\" data-element_type=\"column\" data-e-type=\"column\">\n\t\t\t<div class=\"elementor-widget-wrap elementor-element-populated\">\n\t\t\t\t\t\t<div class=\"elementor-element elementor-element-ddcc828 elementor-widget elementor-widget-text-editor\" data-id=\"ddcc828\" data-element_type=\"widget\" data-e-type=\"widget\" data-widget_type=\"text-editor.default\">\n\t\t\t\t<div class=\"elementor-widget-container\">\n\t\t\t\t\t\t\t\t\t<h6><strong>Minerais de Conflito &#8211; Declara\u00e7\u00e3o de Pol\u00edtica do Grupo ICAPE <\/strong><\/h6>\n\t\t\t\t\t\t\t\t<\/div>\n\t\t\t\t<\/div>\n\t\t\t\t<div class=\"elementor-element elementor-element-dd05b40 elementor-widget elementor-widget-text-editor\" data-id=\"dd05b40\" data-element_type=\"widget\" data-e-type=\"widget\" data-widget_type=\"text-editor.default\">\n\t\t\t\t<div class=\"elementor-widget-container\">\n\t\t\t\t\t\t\t\t\t<p>O Grupo ICAPE adere ao regulamento de Registro, Avalia\u00e7\u00e3o, Autoriza\u00e7\u00e3o e Restri\u00e7\u00e3o de Produtos Qu\u00edmicos (REACH), garantindo que nossos produtos atendam aos requisitos de seguran\u00e7a qu\u00edmica da Uni\u00e3o Europeia.<\/p>\n\t\t\t\t\t\t\t\t<\/div>\n\t\t\t\t<\/div>\n\t\t\t\t<div class=\"elementor-element elementor-element-14fa2c2 elementor-align-left btn-simple-arrow elementor-widget elementor-widget-button\" data-id=\"14fa2c2\" data-element_type=\"widget\" data-e-type=\"widget\" data-widget_type=\"button.default\">\n\t\t\t\t<div class=\"elementor-widget-container\">\n\t\t\t\t\t\t\t\t\t<div class=\"elementor-button-wrapper\">\n\t\t\t\t\t<a class=\"elementor-button elementor-button-link elementor-size-sm\" href=\"https:\/\/www.icape-group.com\/wp-content\/uploads\/2025\/03\/ICAPE-REACH-247-declaration.doc\" target=\"_blank\">\n\t\t\t\t\t\t<span class=\"elementor-button-content-wrapper\">\n\t\t\t\t\t\t<span class=\"elementor-button-icon\">\n\t\t\t\t<svg xmlns=\"http:\/\/www.w3.org\/2000\/svg\" xmlns:xlink=\"http:\/\/www.w3.org\/1999\/xlink\" id=\"Layer_1\" x=\"0px\" y=\"0px\" width=\"32px\" height=\"32px\" viewBox=\"0 0 32 32\" xml:space=\"preserve\"><path d=\"M27.3,16L4.8,31l0-30L27.3,16z\"><\/path><\/svg>\t\t\t<\/span>\n\t\t\t\t\t\t\t\t\t<span class=\"elementor-button-text\">Ver declara\u00e7\u00e3o<\/span>\n\t\t\t\t\t<\/span>\n\t\t\t\t\t<\/a>\n\t\t\t\t<\/div>\n\t\t\t\t\t\t\t\t<\/div>\n\t\t\t\t<\/div>\n\t\t\t\t\t<\/div>\n\t\t<\/div>\n\t\t\t\t\t<\/div>\n\t\t<\/section>\n\t\t\t\t<section class=\"elementor-section elementor-top-section elementor-element elementor-element-6a2982e elementor-section-boxed elementor-section-height-default elementor-section-height-default\" data-id=\"6a2982e\" data-element_type=\"section\" data-e-type=\"section\">\n\t\t\t\t\t\t<div class=\"elementor-container elementor-column-gap-default\">\n\t\t\t\t\t<div class=\"elementor-column elementor-col-100 elementor-top-column elementor-element elementor-element-ab9da87\" data-id=\"ab9da87\" data-element_type=\"column\" data-e-type=\"column\">\n\t\t\t<div class=\"elementor-widget-wrap\">\n\t\t\t\t\t\t\t<\/div>\n\t\t<\/div>\n\t\t\t\t\t<\/div>\n\t\t<\/section>\n\t\t\t\t<\/div>\n\t\t","protected":false},"excerpt":{"rendered":"<p>Garantindo a conformidade para Sourcing e Fabrica\u00e7\u00e3o Sustent\u00e1veis No Grupo ICAPE, sustentabilidade e conformidade est\u00e3o no centro de nossas opera\u00e7\u00f5es. Garantimos que nossos produtos atendam aos mais altos padr\u00f5es regulat\u00f3rios, ajudando nossos clientes a atingir suas metas ambientais e de responsabilidade corporativa. Fale conosco A conformidade regulat\u00f3ria com RoHS (Restri\u00e7\u00e3o de Subst\u00e2ncias Perigosas) e REACH [&hellip;]<\/p>\n","protected":false},"author":5,"featured_media":0,"parent":0,"menu_order":0,"comment_status":"closed","ping_status":"closed","template":"","meta":{"_acf_changed":false,"content-type":"","inline_featured_image":false,"footnotes":""},"class_list":["post-141982","page","type-page","status-publish","hentry"],"acf":[],"aioseo_notices":[],"yoast_head":"<!-- This site is optimized with the Yoast SEO Premium plugin v27.4 (Yoast SEO v27.4) - https:\/\/yoast.com\/product\/yoast-seo-premium-wordpress\/ -->\n<title>Conformidade RoHS e REACH | Grupo ICAPE<\/title>\n<meta name=\"description\" content=\"Garanta a conformidade com os regulamentos RoHS e REACH com o Grupo ICAPE. Nossos PCBs e componentes eletr\u00f4nicos atendem aos mais altos padr\u00f5es ambientais\" \/>\n<meta name=\"robots\" content=\"index, follow, max-snippet:-1, max-image-preview:large, max-video-preview:-1\" \/>\n<meta name=\"twitter:card\" content=\"summary_large_image\" \/>\n<meta name=\"twitter:title\" content=\"Conformidade RoHS e REACH | Grupo ICAPE\" \/>\n<meta name=\"twitter:description\" content=\"Garanta a conformidade com os regulamentos RoHS e REACH com o Grupo ICAPE. Nossos PCBs e componentes eletr\u00f4nicos atendem aos mais altos padr\u00f5es ambientais\" \/>\n<meta name=\"twitter:image\" content=\"https:\/\/www.icape-group.com\/wp-content\/uploads\/2025\/03\/RoHS.svg.png\" \/>\n<meta name=\"twitter:label1\" content=\"Tempo estimado de leitura\" \/>\n\t<meta name=\"twitter:data1\" content=\"2 minutos\" \/>\n<script type=\"application\/ld+json\" class=\"yoast-schema-graph\">{\"@context\":\"https:\\\/\\\/schema.org\",\"@graph\":[{\"@type\":\"WebPage\",\"@id\":\"https:\\\/\\\/www.icape-group.com\\\/pt-pt\\\/conformidade\\\/\",\"url\":\"https:\\\/\\\/www.icape-group.com\\\/pt-pt\\\/conformidade\\\/\",\"name\":\"Conformidade RoHS e REACH | Grupo ICAPE\",\"isPartOf\":{\"@id\":\"https:\\\/\\\/www.icape-group.com\\\/pt-pt\\\/#website\"},\"primaryImageOfPage\":{\"@id\":\"https:\\\/\\\/www.icape-group.com\\\/pt-pt\\\/conformidade\\\/#primaryimage\"},\"image\":{\"@id\":\"https:\\\/\\\/www.icape-group.com\\\/pt-pt\\\/conformidade\\\/#primaryimage\"},\"thumbnailUrl\":\"https:\\\/\\\/www.icape-group.com\\\/wp-content\\\/uploads\\\/2025\\\/03\\\/RoHS.svg.png\",\"datePublished\":\"2025-03-18T19:18:03+00:00\",\"dateModified\":\"2025-03-25T15:03:21+00:00\",\"description\":\"Garanta a conformidade com os regulamentos RoHS e REACH com o Grupo ICAPE. Nossos PCBs e componentes eletr\u00f4nicos atendem aos mais altos padr\u00f5es ambientais\",\"breadcrumb\":{\"@id\":\"https:\\\/\\\/www.icape-group.com\\\/pt-pt\\\/conformidade\\\/#breadcrumb\"},\"inLanguage\":\"pt-PT\",\"potentialAction\":[{\"@type\":\"ReadAction\",\"target\":[\"https:\\\/\\\/www.icape-group.com\\\/pt-pt\\\/conformidade\\\/\"]}]},{\"@type\":\"ImageObject\",\"inLanguage\":\"pt-PT\",\"@id\":\"https:\\\/\\\/www.icape-group.com\\\/pt-pt\\\/conformidade\\\/#primaryimage\",\"url\":\"https:\\\/\\\/www.icape-group.com\\\/wp-content\\\/uploads\\\/2025\\\/03\\\/RoHS.svg.png\",\"contentUrl\":\"https:\\\/\\\/www.icape-group.com\\\/wp-content\\\/uploads\\\/2025\\\/03\\\/RoHS.svg.png\"},{\"@type\":\"BreadcrumbList\",\"@id\":\"https:\\\/\\\/www.icape-group.com\\\/pt-pt\\\/conformidade\\\/#breadcrumb\",\"itemListElement\":[{\"@type\":\"ListItem\",\"position\":1,\"name\":\"Home\",\"item\":\"https:\\\/\\\/www.icape-group.com\\\/pt-pt\\\/\"},{\"@type\":\"ListItem\",\"position\":2,\"name\":\"conformidade\"}]},{\"@type\":\"WebSite\",\"@id\":\"https:\\\/\\\/www.icape-group.com\\\/pt-pt\\\/#website\",\"url\":\"https:\\\/\\\/www.icape-group.com\\\/pt-pt\\\/\",\"name\":\"ICAPE Group\",\"description\":\"The power of precision\",\"publisher\":{\"@id\":\"https:\\\/\\\/www.icape-group.com\\\/pt-pt\\\/#organization\"},\"potentialAction\":[{\"@type\":\"SearchAction\",\"target\":{\"@type\":\"EntryPoint\",\"urlTemplate\":\"https:\\\/\\\/www.icape-group.com\\\/pt-pt\\\/?s={search_term_string}\"},\"query-input\":{\"@type\":\"PropertyValueSpecification\",\"valueRequired\":true,\"valueName\":\"search_term_string\"}}],\"inLanguage\":\"pt-PT\"},{\"@type\":\"Organization\",\"@id\":\"https:\\\/\\\/www.icape-group.com\\\/pt-pt\\\/#organization\",\"name\":\"ICAPE Group\",\"url\":\"https:\\\/\\\/www.icape-group.com\\\/pt-pt\\\/\",\"logo\":{\"@type\":\"ImageObject\",\"inLanguage\":\"pt-PT\",\"@id\":\"https:\\\/\\\/www.icape-group.com\\\/pt-pt\\\/#\\\/schema\\\/logo\\\/image\\\/\",\"url\":\"\",\"contentUrl\":\"\",\"caption\":\"ICAPE Group\"},\"image\":{\"@id\":\"https:\\\/\\\/www.icape-group.com\\\/pt-pt\\\/#\\\/schema\\\/logo\\\/image\\\/\"}}]}<\/script>\n<!-- \/ Yoast SEO Premium plugin. -->","yoast_head_json":{"title":"Conformidade RoHS e REACH | Grupo ICAPE","description":"Garanta a conformidade com os regulamentos RoHS e REACH com o Grupo ICAPE. Nossos PCBs e componentes eletr\u00f4nicos atendem aos mais altos padr\u00f5es ambientais","robots":{"index":"index","follow":"follow","max-snippet":"max-snippet:-1","max-image-preview":"max-image-preview:large","max-video-preview":"max-video-preview:-1"},"twitter_card":"summary_large_image","twitter_title":"Conformidade RoHS e REACH | Grupo ICAPE","twitter_description":"Garanta a conformidade com os regulamentos RoHS e REACH com o Grupo ICAPE. Nossos PCBs e componentes eletr\u00f4nicos atendem aos mais altos padr\u00f5es ambientais","twitter_image":"https:\/\/www.icape-group.com\/wp-content\/uploads\/2025\/03\/RoHS.svg.png","twitter_misc":{"Tempo estimado de leitura":"2 minutos"},"schema":{"@context":"https:\/\/schema.org","@graph":[{"@type":"WebPage","@id":"https:\/\/www.icape-group.com\/pt-pt\/conformidade\/","url":"https:\/\/www.icape-group.com\/pt-pt\/conformidade\/","name":"Conformidade RoHS e REACH | Grupo ICAPE","isPartOf":{"@id":"https:\/\/www.icape-group.com\/pt-pt\/#website"},"primaryImageOfPage":{"@id":"https:\/\/www.icape-group.com\/pt-pt\/conformidade\/#primaryimage"},"image":{"@id":"https:\/\/www.icape-group.com\/pt-pt\/conformidade\/#primaryimage"},"thumbnailUrl":"https:\/\/www.icape-group.com\/wp-content\/uploads\/2025\/03\/RoHS.svg.png","datePublished":"2025-03-18T19:18:03+00:00","dateModified":"2025-03-25T15:03:21+00:00","description":"Garanta a conformidade com os regulamentos RoHS e REACH com o Grupo ICAPE. Nossos PCBs e componentes eletr\u00f4nicos atendem aos mais altos padr\u00f5es ambientais","breadcrumb":{"@id":"https:\/\/www.icape-group.com\/pt-pt\/conformidade\/#breadcrumb"},"inLanguage":"pt-PT","potentialAction":[{"@type":"ReadAction","target":["https:\/\/www.icape-group.com\/pt-pt\/conformidade\/"]}]},{"@type":"ImageObject","inLanguage":"pt-PT","@id":"https:\/\/www.icape-group.com\/pt-pt\/conformidade\/#primaryimage","url":"https:\/\/www.icape-group.com\/wp-content\/uploads\/2025\/03\/RoHS.svg.png","contentUrl":"https:\/\/www.icape-group.com\/wp-content\/uploads\/2025\/03\/RoHS.svg.png"},{"@type":"BreadcrumbList","@id":"https:\/\/www.icape-group.com\/pt-pt\/conformidade\/#breadcrumb","itemListElement":[{"@type":"ListItem","position":1,"name":"Home","item":"https:\/\/www.icape-group.com\/pt-pt\/"},{"@type":"ListItem","position":2,"name":"conformidade"}]},{"@type":"WebSite","@id":"https:\/\/www.icape-group.com\/pt-pt\/#website","url":"https:\/\/www.icape-group.com\/pt-pt\/","name":"ICAPE Group","description":"The power of precision","publisher":{"@id":"https:\/\/www.icape-group.com\/pt-pt\/#organization"},"potentialAction":[{"@type":"SearchAction","target":{"@type":"EntryPoint","urlTemplate":"https:\/\/www.icape-group.com\/pt-pt\/?s={search_term_string}"},"query-input":{"@type":"PropertyValueSpecification","valueRequired":true,"valueName":"search_term_string"}}],"inLanguage":"pt-PT"},{"@type":"Organization","@id":"https:\/\/www.icape-group.com\/pt-pt\/#organization","name":"ICAPE Group","url":"https:\/\/www.icape-group.com\/pt-pt\/","logo":{"@type":"ImageObject","inLanguage":"pt-PT","@id":"https:\/\/www.icape-group.com\/pt-pt\/#\/schema\/logo\/image\/","url":"","contentUrl":"","caption":"ICAPE Group"},"image":{"@id":"https:\/\/www.icape-group.com\/pt-pt\/#\/schema\/logo\/image\/"}}]}},"_links":{"self":[{"href":"https:\/\/www.icape-group.com\/pt-pt\/wp-json\/wp\/v2\/pages\/141982","targetHints":{"allow":["GET"]}}],"collection":[{"href":"https:\/\/www.icape-group.com\/pt-pt\/wp-json\/wp\/v2\/pages"}],"about":[{"href":"https:\/\/www.icape-group.com\/pt-pt\/wp-json\/wp\/v2\/types\/page"}],"author":[{"embeddable":true,"href":"https:\/\/www.icape-group.com\/pt-pt\/wp-json\/wp\/v2\/users\/5"}],"replies":[{"embeddable":true,"href":"https:\/\/www.icape-group.com\/pt-pt\/wp-json\/wp\/v2\/comments?post=141982"}],"version-history":[{"count":1,"href":"https:\/\/www.icape-group.com\/pt-pt\/wp-json\/wp\/v2\/pages\/141982\/revisions"}],"predecessor-version":[{"id":141984,"href":"https:\/\/www.icape-group.com\/pt-pt\/wp-json\/wp\/v2\/pages\/141982\/revisions\/141984"}],"wp:attachment":[{"href":"https:\/\/www.icape-group.com\/pt-pt\/wp-json\/wp\/v2\/media?parent=141982"}],"curies":[{"name":"wp","href":"https:\/\/api.w.org\/{rel}","templated":true}]}}