{"id":70608,"date":"2024-02-26T20:42:02","date_gmt":"2024-02-26T19:42:02","guid":{"rendered":"https:\/\/www.icape-group.com\/skontaktuj-sie-z-icape-trax\/"},"modified":"2024-10-04T13:56:23","modified_gmt":"2024-10-04T13:56:23","slug":"skontaktuj-sie-z-icape-trax","status":"publish","type":"page","link":"https:\/\/www.icape-group.com\/pl\/skontaktuj-sie-z-icape-trax\/","title":{"rendered":"Skontaktuj si\u0119 z&nbsp;ICAPE Trax"},"content":{"rendered":"\t\t<div data-elementor-type=\"wp-page\" data-elementor-id=\"70608\" class=\"elementor elementor-70608 elementor-54164\" data-elementor-post-type=\"page\">\n\t\t\t\t\t\t<section class=\"elementor-section elementor-top-section elementor-element elementor-element-39fc556 elementor-section-height-min-height elementor-section-boxed elementor-section-height-default elementor-section-items-middle\" data-id=\"39fc556\" data-element_type=\"section\" data-e-type=\"section\" data-settings=\"{&quot;background_background&quot;:&quot;gradient&quot;}\">\n\t\t\t\t\t\t<div class=\"elementor-container elementor-column-gap-no\">\n\t\t\t\t\t<div class=\"elementor-column elementor-col-100 elementor-top-column elementor-element elementor-element-14cce1d\" data-id=\"14cce1d\" data-element_type=\"column\" data-e-type=\"column\">\n\t\t\t<div class=\"elementor-widget-wrap elementor-element-populated\">\n\t\t\t\t\t\t<section class=\"elementor-section elementor-inner-section elementor-element elementor-element-8a26b77 elementor-section-boxed elementor-section-height-default elementor-section-height-default\" data-id=\"8a26b77\" data-element_type=\"section\" data-e-type=\"section\">\n\t\t\t\t\t\t<div class=\"elementor-container elementor-column-gap-no\">\n\t\t\t\t\t<div class=\"elementor-column elementor-col-100 elementor-inner-column elementor-element elementor-element-4bfa74a\" data-id=\"4bfa74a\" data-element_type=\"column\" data-e-type=\"column\">\n\t\t\t<div class=\"elementor-widget-wrap elementor-element-populated\">\n\t\t\t\t\t\t<div class=\"elementor-element elementor-element-6fde65c elementor-widget elementor-widget-heading\" data-id=\"6fde65c\" data-element_type=\"widget\" data-e-type=\"widget\" data-widget_type=\"heading.default\">\n\t\t\t\t<div class=\"elementor-widget-container\">\n\t\t\t\t\t<h1 class=\"elementor-heading-title elementor-size-default\">Skontaktuj si\u0119 z&nbsp;ICAPE Trax<\/h1>\t\t\t\t<\/div>\n\t\t\t\t<\/div>\n\t\t\t\t<div class=\"elementor-element elementor-element-c6153a8 elementor-widget__width-initial elementor-widget elementor-widget-text-editor\" data-id=\"c6153a8\" data-element_type=\"widget\" data-e-type=\"widget\" data-widget_type=\"text-editor.default\">\n\t\t\t\t<div class=\"elementor-widget-container\">\n\t\t\t\t\t\t\t\t\t<p>Skontaktuj si\u0119 z&nbsp;ICAPE Trax wype\u0142niaj\u0105c poni\u017cszy formularz. Czekamy na wiadomo\u015b\u0107 od Ciebie!<\/p>\n\t\t\t\t\t\t\t\t<\/div>\n\t\t\t\t<\/div>\n\t\t\t\t<div class=\"elementor-element elementor-element-18e3617 elementor-widget elementor-widget-spacer\" data-id=\"18e3617\" data-element_type=\"widget\" data-e-type=\"widget\" data-widget_type=\"spacer.default\">\n\t\t\t\t<div class=\"elementor-widget-container\">\n\t\t\t\t\t\t\t<div class=\"elementor-spacer\">\n\t\t\t<div class=\"elementor-spacer-inner\"><\/div>\n\t\t<\/div>\n\t\t\t\t\t\t<\/div>\n\t\t\t\t<\/div>\n\t\t\t\t<div class=\"elementor-element elementor-element-7065c60 elementor-widget elementor-widget-shortcode\" data-id=\"7065c60\" data-element_type=\"widget\" data-e-type=\"widget\" data-widget_type=\"shortcode.default\">\n\t\t\t\t<div class=\"elementor-widget-container\">\n\t\t\t\t\t\t\t<div class=\"elementor-shortcode\"><p class=\"wpcf7-contact-form-not-found\"><strong>B\u0142\u0105d:<\/strong> Brak formularza kontaktowego.<\/p><\/div>\n\t\t\t\t\t\t<\/div>\n\t\t\t\t<\/div>\n\t\t\t\t<div class=\"elementor-element elementor-element-e39fe7a elementor-widget elementor-widget-spacer\" data-id=\"e39fe7a\" data-element_type=\"widget\" data-e-type=\"widget\" data-widget_type=\"spacer.default\">\n\t\t\t\t<div class=\"elementor-widget-container\">\n\t\t\t\t\t\t\t<div class=\"elementor-spacer\">\n\t\t\t<div class=\"elementor-spacer-inner\"><\/div>\n\t\t<\/div>\n\t\t\t\t\t\t<\/div>\n\t\t\t\t<\/div>\n\t\t\t\t<div class=\"elementor-element elementor-element-9b7f9b4 elementor-widget elementor-widget-heading\" data-id=\"9b7f9b4\" data-element_type=\"widget\" data-e-type=\"widget\" data-widget_type=\"heading.default\">\n\t\t\t\t<div class=\"elementor-widget-container\">\n\t\t\t\t\t<div class=\"elementor-heading-title elementor-size-default\">*Wymagane pola<\/div>\t\t\t\t<\/div>\n\t\t\t\t<\/div>\n\t\t\t\t\t<\/div>\n\t\t<\/div>\n\t\t\t\t\t<\/div>\n\t\t<\/section>\n\t\t\t\t\t<\/div>\n\t\t<\/div>\n\t\t\t\t\t<\/div>\n\t\t<\/section>\n\t\t\t\t<\/div>\n\t\t","protected":false},"excerpt":{"rendered":"<p>Skontaktuj si\u0119 z&nbsp;ICAPE Trax Skontaktuj si\u0119 z&nbsp;ICAPE Trax wype\u0142niaj\u0105c poni\u017cszy formularz. Czekamy na wiadomo\u015b\u0107 od Ciebie! *Wymagane pola<\/p>\n","protected":false},"author":5,"featured_media":0,"parent":0,"menu_order":0,"comment_status":"closed","ping_status":"closed","template":"","meta":{"_acf_changed":false,"content-type":"","inline_featured_image":false,"footnotes":""},"class_list":["post-70608","page","type-page","status-publish","hentry"],"acf":[],"aioseo_notices":[],"yoast_head":"<!-- This site is optimized with the Yoast SEO Premium plugin v27.3 (Yoast SEO v27.4) - https:\/\/yoast.com\/product\/yoast-seo-premium-wordpress\/ -->\n<title>Skontaktuj si\u0119 z&nbsp;ICAPE Trax - ICAPE Group<\/title>\n<meta name=\"description\" content=\"ICAPE Group s\u0142u\u017cy pomoc\u0105, aby odpowiedzie\u0107 na wszelkie pytania dotycz\u0105ce zam\u00f3wie\u0144, produkt\u00f3w, lokalnego zespo\u0142u sprzeda\u017cy i\u00a0nie tylko. Skontaktuj si\u0119 z\u00a0nami ju\u017c dzi\u015b!\" \/>\n<meta name=\"robots\" content=\"index, follow, max-snippet:-1, max-image-preview:large, max-video-preview:-1\" \/>\n<meta name=\"twitter:card\" content=\"summary_large_image\" \/>\n<meta name=\"twitter:title\" content=\"Skontaktuj si\u0119 z&nbsp;ICAPE Trax - ICAPE Group\" \/>\n<meta name=\"twitter:description\" content=\"ICAPE Group s\u0142u\u017cy pomoc\u0105, aby odpowiedzie\u0107 na wszelkie pytania dotycz\u0105ce zam\u00f3wie\u0144, produkt\u00f3w, lokalnego zespo\u0142u sprzeda\u017cy i\u00a0nie tylko. Skontaktuj si\u0119 z\u00a0nami ju\u017c dzi\u015b!\" \/>\n<script type=\"application\/ld+json\" class=\"yoast-schema-graph\">{\"@context\":\"https:\\\/\\\/schema.org\",\"@graph\":[{\"@type\":\"WebPage\",\"@id\":\"https:\\\/\\\/www.icape-group.com\\\/pl\\\/skontaktuj-sie-z-icape-trax\\\/\",\"url\":\"https:\\\/\\\/www.icape-group.com\\\/pl\\\/skontaktuj-sie-z-icape-trax\\\/\",\"name\":\"Skontaktuj si\u0119 z&nbsp;ICAPE Trax - ICAPE Group\",\"isPartOf\":{\"@id\":\"https:\\\/\\\/www.icape-group.com\\\/pl\\\/#website\"},\"datePublished\":\"2024-02-26T19:42:02+00:00\",\"dateModified\":\"2024-10-04T13:56:23+00:00\",\"description\":\"ICAPE Group s\u0142u\u017cy pomoc\u0105, aby odpowiedzie\u0107 na wszelkie pytania dotycz\u0105ce zam\u00f3wie\u0144, produkt\u00f3w, lokalnego zespo\u0142u sprzeda\u017cy i\u00a0nie tylko. Skontaktuj si\u0119 z\u00a0nami ju\u017c dzi\u015b!\",\"breadcrumb\":{\"@id\":\"https:\\\/\\\/www.icape-group.com\\\/pl\\\/skontaktuj-sie-z-icape-trax\\\/#breadcrumb\"},\"inLanguage\":\"pl-PL\",\"potentialAction\":[{\"@type\":\"ReadAction\",\"target\":[\"https:\\\/\\\/www.icape-group.com\\\/pl\\\/skontaktuj-sie-z-icape-trax\\\/\"]}]},{\"@type\":\"BreadcrumbList\",\"@id\":\"https:\\\/\\\/www.icape-group.com\\\/pl\\\/skontaktuj-sie-z-icape-trax\\\/#breadcrumb\",\"itemListElement\":[{\"@type\":\"ListItem\",\"position\":1,\"name\":\"Home\",\"item\":\"https:\\\/\\\/www.icape-group.com\\\/pl\\\/\"},{\"@type\":\"ListItem\",\"position\":2,\"name\":\"Skontaktuj si\u0119 z&nbsp;ICAPE Trax\"}]},{\"@type\":\"WebSite\",\"@id\":\"https:\\\/\\\/www.icape-group.com\\\/pl\\\/#website\",\"url\":\"https:\\\/\\\/www.icape-group.com\\\/pl\\\/\",\"name\":\"ICAPE Group\",\"description\":\"The power of precision\",\"publisher\":{\"@id\":\"https:\\\/\\\/www.icape-group.com\\\/pl\\\/#organization\"},\"potentialAction\":[{\"@type\":\"SearchAction\",\"target\":{\"@type\":\"EntryPoint\",\"urlTemplate\":\"https:\\\/\\\/www.icape-group.com\\\/pl\\\/?s={search_term_string}\"},\"query-input\":{\"@type\":\"PropertyValueSpecification\",\"valueRequired\":true,\"valueName\":\"search_term_string\"}}],\"inLanguage\":\"pl-PL\"},{\"@type\":\"Organization\",\"@id\":\"https:\\\/\\\/www.icape-group.com\\\/pl\\\/#organization\",\"name\":\"ICAPE Group\",\"url\":\"https:\\\/\\\/www.icape-group.com\\\/pl\\\/\",\"logo\":{\"@type\":\"ImageObject\",\"inLanguage\":\"pl-PL\",\"@id\":\"https:\\\/\\\/www.icape-group.com\\\/pl\\\/#\\\/schema\\\/logo\\\/image\\\/\",\"url\":\"\",\"contentUrl\":\"\",\"caption\":\"ICAPE Group\"},\"image\":{\"@id\":\"https:\\\/\\\/www.icape-group.com\\\/pl\\\/#\\\/schema\\\/logo\\\/image\\\/\"}}]}<\/script>\n<!-- \/ Yoast SEO Premium plugin. -->","yoast_head_json":{"title":"Skontaktuj si\u0119 z&nbsp;ICAPE Trax - ICAPE Group","description":"ICAPE Group s\u0142u\u017cy pomoc\u0105, aby odpowiedzie\u0107 na wszelkie pytania dotycz\u0105ce zam\u00f3wie\u0144, produkt\u00f3w, lokalnego zespo\u0142u sprzeda\u017cy i\u00a0nie tylko. Skontaktuj si\u0119 z\u00a0nami ju\u017c dzi\u015b!","robots":{"index":"index","follow":"follow","max-snippet":"max-snippet:-1","max-image-preview":"max-image-preview:large","max-video-preview":"max-video-preview:-1"},"twitter_card":"summary_large_image","twitter_title":"Skontaktuj si\u0119 z&nbsp;ICAPE Trax - ICAPE Group","twitter_description":"ICAPE Group s\u0142u\u017cy pomoc\u0105, aby odpowiedzie\u0107 na wszelkie pytania dotycz\u0105ce zam\u00f3wie\u0144, produkt\u00f3w, lokalnego zespo\u0142u sprzeda\u017cy i\u00a0nie tylko. Skontaktuj si\u0119 z\u00a0nami ju\u017c dzi\u015b!","schema":{"@context":"https:\/\/schema.org","@graph":[{"@type":"WebPage","@id":"https:\/\/www.icape-group.com\/pl\/skontaktuj-sie-z-icape-trax\/","url":"https:\/\/www.icape-group.com\/pl\/skontaktuj-sie-z-icape-trax\/","name":"Skontaktuj si\u0119 z&nbsp;ICAPE Trax - ICAPE Group","isPartOf":{"@id":"https:\/\/www.icape-group.com\/pl\/#website"},"datePublished":"2024-02-26T19:42:02+00:00","dateModified":"2024-10-04T13:56:23+00:00","description":"ICAPE Group s\u0142u\u017cy pomoc\u0105, aby odpowiedzie\u0107 na wszelkie pytania dotycz\u0105ce zam\u00f3wie\u0144, produkt\u00f3w, lokalnego zespo\u0142u sprzeda\u017cy i\u00a0nie tylko. Skontaktuj si\u0119 z\u00a0nami ju\u017c dzi\u015b!","breadcrumb":{"@id":"https:\/\/www.icape-group.com\/pl\/skontaktuj-sie-z-icape-trax\/#breadcrumb"},"inLanguage":"pl-PL","potentialAction":[{"@type":"ReadAction","target":["https:\/\/www.icape-group.com\/pl\/skontaktuj-sie-z-icape-trax\/"]}]},{"@type":"BreadcrumbList","@id":"https:\/\/www.icape-group.com\/pl\/skontaktuj-sie-z-icape-trax\/#breadcrumb","itemListElement":[{"@type":"ListItem","position":1,"name":"Home","item":"https:\/\/www.icape-group.com\/pl\/"},{"@type":"ListItem","position":2,"name":"Skontaktuj si\u0119 z&nbsp;ICAPE Trax"}]},{"@type":"WebSite","@id":"https:\/\/www.icape-group.com\/pl\/#website","url":"https:\/\/www.icape-group.com\/pl\/","name":"ICAPE Group","description":"The power of precision","publisher":{"@id":"https:\/\/www.icape-group.com\/pl\/#organization"},"potentialAction":[{"@type":"SearchAction","target":{"@type":"EntryPoint","urlTemplate":"https:\/\/www.icape-group.com\/pl\/?s={search_term_string}"},"query-input":{"@type":"PropertyValueSpecification","valueRequired":true,"valueName":"search_term_string"}}],"inLanguage":"pl-PL"},{"@type":"Organization","@id":"https:\/\/www.icape-group.com\/pl\/#organization","name":"ICAPE Group","url":"https:\/\/www.icape-group.com\/pl\/","logo":{"@type":"ImageObject","inLanguage":"pl-PL","@id":"https:\/\/www.icape-group.com\/pl\/#\/schema\/logo\/image\/","url":"","contentUrl":"","caption":"ICAPE Group"},"image":{"@id":"https:\/\/www.icape-group.com\/pl\/#\/schema\/logo\/image\/"}}]}},"_links":{"self":[{"href":"https:\/\/www.icape-group.com\/pl\/wp-json\/wp\/v2\/pages\/70608","targetHints":{"allow":["GET"]}}],"collection":[{"href":"https:\/\/www.icape-group.com\/pl\/wp-json\/wp\/v2\/pages"}],"about":[{"href":"https:\/\/www.icape-group.com\/pl\/wp-json\/wp\/v2\/types\/page"}],"author":[{"embeddable":true,"href":"https:\/\/www.icape-group.com\/pl\/wp-json\/wp\/v2\/users\/5"}],"replies":[{"embeddable":true,"href":"https:\/\/www.icape-group.com\/pl\/wp-json\/wp\/v2\/comments?post=70608"}],"version-history":[{"count":1,"href":"https:\/\/www.icape-group.com\/pl\/wp-json\/wp\/v2\/pages\/70608\/revisions"}],"predecessor-version":[{"id":70614,"href":"https:\/\/www.icape-group.com\/pl\/wp-json\/wp\/v2\/pages\/70608\/revisions\/70614"}],"wp:attachment":[{"href":"https:\/\/www.icape-group.com\/pl\/wp-json\/wp\/v2\/media?parent=70608"}],"curies":[{"name":"wp","href":"https:\/\/api.w.org\/{rel}","templated":true}]}}