{"id":28639,"date":"2023-02-20T03:36:22","date_gmt":"2023-02-20T03:36:22","guid":{"rendered":"https:\/\/www.icape-group.com\/webinarium\/"},"modified":"2026-02-04T15:19:14","modified_gmt":"2026-02-04T15:19:14","slug":"webinarium","status":"publish","type":"page","link":"https:\/\/www.icape-group.com\/pl\/webinarium\/","title":{"rendered":"Webinarium"},"content":{"rendered":"\t\t<div data-elementor-type=\"wp-page\" data-elementor-id=\"28639\" class=\"elementor elementor-28639 elementor-2674\" data-elementor-post-type=\"page\">\n\t\t\t\t\t\t<section class=\"elementor-section elementor-top-section elementor-element elementor-element-9085b64 elementor-section-height-min-height hero elementor-section-items-bottom elementor-section-boxed elementor-section-height-default\" data-id=\"9085b64\" data-element_type=\"section\" data-e-type=\"section\" data-settings=\"{&quot;background_background&quot;:&quot;classic&quot;}\">\n\t\t\t\t\t\t\t<div class=\"elementor-background-overlay\"><\/div>\n\t\t\t\t\t\t\t<div class=\"elementor-container elementor-column-gap-default\">\n\t\t\t\t\t<div class=\"elementor-column elementor-col-100 elementor-top-column elementor-element elementor-element-1dcc4d4 hero-content\" data-id=\"1dcc4d4\" data-element_type=\"column\" data-e-type=\"column\">\n\t\t\t<div class=\"elementor-widget-wrap elementor-element-populated\">\n\t\t\t\t\t\t<div class=\"elementor-element elementor-element-a9b2b61 elementor-widget elementor-widget-elementskit-heading\" data-id=\"a9b2b61\" data-element_type=\"widget\" data-e-type=\"widget\" data-widget_type=\"elementskit-heading.default\">\n\t\t\t\t<div class=\"elementor-widget-container\">\n\t\t\t\t\t<div class=\"ekit-wid-con\" ><div class=\"ekit-heading elementskit-section-title-wraper text_left   ekit_heading_tablet-   ekit_heading_mobile-\"><h1 class=\"ekit-heading--title elementskit-section-title \">Webinaria<\/h1><\/div><\/div>\t\t\t\t<\/div>\n\t\t\t\t<\/div>\n\t\t\t\t<div class=\"elementor-element elementor-element-fdcef79 elementor-widget__width-initial elementor-widget elementor-widget-text-editor\" data-id=\"fdcef79\" data-element_type=\"widget\" data-e-type=\"widget\" data-widget_type=\"text-editor.default\">\n\t\t\t\t<div class=\"elementor-widget-container\">\n\t\t\t\t\t\t\t\t\t<p>Przez kilka miesi\u0119cy analizowali\u015bmy i&nbsp;okre\u015blali\u015bmy aktualne potrzeby rynku w&nbsp;zakresie szkole\u0144 technicznych oraz o&nbsp;charakterze og\u00f3lnym w&nbsp;dziedzinie p\u0142ytek drukowanych i&nbsp;cz\u0119\u015bci technicznych. Przy pomocy naszych in\u017cynier\u00f3w oraz ekspert\u00f3w w&nbsp;dziedzinie p\u0142ytek drukowanych i&nbsp;cz\u0119\u015bci technicznych uda\u0142o nam si\u0119 zebra\u0107 i&nbsp;opracowa\u0107 te potrzeby, tworz\u0105c z&nbsp;nich zbi\u00f3r temat\u00f3w, kt\u00f3re s\u0105 omawiane podczas naszych webinari\u00f3w.<\/p>\n\t\t\t\t\t\t\t\t<\/div>\n\t\t\t\t<\/div>\n\t\t\t\t\t<\/div>\n\t\t<\/div>\n\t\t\t\t\t<\/div>\n\t\t<\/section>\n\t\t\t\t<section class=\"elementor-section elementor-top-section elementor-element elementor-element-932f130 elementor-hidden-mobile elementor-section-boxed elementor-section-height-default elementor-section-height-default\" data-id=\"932f130\" data-element_type=\"section\" data-e-type=\"section\">\n\t\t\t\t\t\t<div class=\"elementor-container elementor-column-gap-no\">\n\t\t\t\t\t<div class=\"elementor-column elementor-col-100 elementor-top-column elementor-element elementor-element-2030a0c\" data-id=\"2030a0c\" data-element_type=\"column\" data-e-type=\"column\">\n\t\t\t<div class=\"elementor-widget-wrap elementor-element-populated\">\n\t\t\t\t\t\t<div class=\"elementor-element elementor-element-040ba59 breadcrumb elementor-widget elementor-widget-shortcode\" data-id=\"040ba59\" data-element_type=\"widget\" data-e-type=\"widget\" data-widget_type=\"shortcode.default\">\n\t\t\t\t<div class=\"elementor-widget-container\">\n\t\t\t\t\t\t\t<div class=\"elementor-shortcode\"><span><span><a href=\"https:\/\/www.icape-group.com\/pl\/\">Home<\/a><\/span><\/span><\/div>\n\t\t\t\t\t\t<\/div>\n\t\t\t\t<\/div>\n\t\t\t\t\t<\/div>\n\t\t<\/div>\n\t\t\t\t\t<\/div>\n\t\t<\/section>\n\t\t\t\t<section class=\"elementor-section elementor-top-section elementor-element elementor-element-749831c elementor-section-boxed elementor-section-height-default elementor-section-height-default\" data-id=\"749831c\" data-element_type=\"section\" data-e-type=\"section\">\n\t\t\t\t\t\t<div class=\"elementor-container elementor-column-gap-default\">\n\t\t\t\t\t<div class=\"elementor-column elementor-col-100 elementor-top-column elementor-element elementor-element-b2318b3\" data-id=\"b2318b3\" data-element_type=\"column\" data-e-type=\"column\">\n\t\t\t<div class=\"elementor-widget-wrap elementor-element-populated\">\n\t\t\t\t\t\t<div class=\"elementor-element elementor-element-ccffbe1 elementor-widget elementor-widget-text-editor\" data-id=\"ccffbe1\" data-element_type=\"widget\" data-e-type=\"widget\" data-widget_type=\"text-editor.default\">\n\t\t\t\t<div class=\"elementor-widget-container\">\n\t\t\t\t\t\t\t\t\t<p>Wybierz harmonogram sesji, kt\u00f3ry najbardziej Ci odpowiada dla ka\u017cdego wydarzenia:<\/p>\t\t\t\t\t\t\t\t<\/div>\n\t\t\t\t<\/div>\n\t\t\t\t<div class=\"elementor-element elementor-element-21462e9 elementor-widget elementor-widget-html\" data-id=\"21462e9\" data-element_type=\"widget\" data-e-type=\"widget\" data-widget_type=\"html.default\">\n\t\t\t\t<div class=\"elementor-widget-container\">\n\t\t\t\t\t<iframe width=\"100%\" height=\"600\" frameborder=\"0\" data-src=\"https:\/\/app.livestorm.co\/icape-group\/upcoming?limit=80\" title=\"ICAPE Group events | Livestorm\" src=\"data:image\/svg+xml;base64,PHN2ZyB3aWR0aD0iMSIgaGVpZ2h0PSIxIiB4bWxucz0iaHR0cDovL3d3dy53My5vcmcvMjAwMC9zdmciPjwvc3ZnPg==\" class=\"lazyload\" data-load-mode=\"1\"><\/iframe>\t\t\t\t<\/div>\n\t\t\t\t<\/div>\n\t\t\t\t<div class=\"elementor-element elementor-element-359395e elementor-widget elementor-widget-spacer\" data-id=\"359395e\" data-element_type=\"widget\" data-e-type=\"widget\" data-widget_type=\"spacer.default\">\n\t\t\t\t<div class=\"elementor-widget-container\">\n\t\t\t\t\t\t\t<div class=\"elementor-spacer\">\n\t\t\t<div class=\"elementor-spacer-inner\"><\/div>\n\t\t<\/div>\n\t\t\t\t\t\t<\/div>\n\t\t\t\t<\/div>\n\t\t\t\t<div class=\"elementor-element elementor-element-f39ac3a elementor-widget elementor-widget-text-editor\" data-id=\"f39ac3a\" data-element_type=\"widget\" data-e-type=\"widget\" data-widget_type=\"text-editor.default\">\n\t\t\t\t<div class=\"elementor-widget-container\">\n\t\t\t\t\t\t\t\t\t<p>Zapoznaj si\u0119 z naszymi webinarami na \u017c\u0105danie, dost\u0119pnymi na \u017c\u0105danie w dowolnym momencie!<\/p>\t\t\t\t\t\t\t\t<\/div>\n\t\t\t\t<\/div>\n\t\t\t\t<div class=\"elementor-element elementor-element-697ddd7 elementor-widget elementor-widget-html\" data-id=\"697ddd7\" data-element_type=\"widget\" data-e-type=\"widget\" data-widget_type=\"html.default\">\n\t\t\t\t<div class=\"elementor-widget-container\">\n\t\t\t\t\t<iframe width=\"100%\" height=\"400\" frameborder=\"0\" src=https:\/\/app.livestorm.co\/icape-group\/on_demand title=\"ICAPE Group events | Livestorm\"><\/iframe>\n\n\t\t\t\t<\/div>\n\t\t\t\t<\/div>\n\t\t\t\t\t<\/div>\n\t\t<\/div>\n\t\t\t\t\t<\/div>\n\t\t<\/section>\n\t\t\t\t<section class=\"elementor-section elementor-top-section elementor-element elementor-element-68e9bf0 elementor-section-boxed elementor-section-height-default elementor-section-height-default\" data-id=\"68e9bf0\" data-element_type=\"section\" data-e-type=\"section\" data-settings=\"{&quot;background_background&quot;:&quot;gradient&quot;}\">\n\t\t\t\t\t\t<div class=\"elementor-container elementor-column-gap-no\">\n\t\t\t\t\t<div class=\"elementor-column elementor-col-100 elementor-top-column elementor-element elementor-element-00885ad\" data-id=\"00885ad\" data-element_type=\"column\" data-e-type=\"column\">\n\t\t\t<div class=\"elementor-widget-wrap\">\n\t\t\t\t\t\t\t<\/div>\n\t\t<\/div>\n\t\t\t\t\t<\/div>\n\t\t<\/section>\n\t\t\t\t<\/div>\n\t\t","protected":false},"excerpt":{"rendered":"<p>Webinaria Przez kilka miesi\u0119cy analizowali\u015bmy i&nbsp;okre\u015blali\u015bmy aktualne potrzeby rynku w&nbsp;zakresie szkole\u0144 technicznych oraz o&nbsp;charakterze og\u00f3lnym w&nbsp;dziedzinie p\u0142ytek drukowanych i&nbsp;cz\u0119\u015bci technicznych. Przy pomocy naszych in\u017cynier\u00f3w oraz ekspert\u00f3w w&nbsp;dziedzinie p\u0142ytek drukowanych i&nbsp;cz\u0119\u015bci technicznych uda\u0142o nam si\u0119 zebra\u0107 i&nbsp;opracowa\u0107 te potrzeby, tworz\u0105c z&nbsp;nich zbi\u00f3r temat\u00f3w, kt\u00f3re s\u0105 omawiane podczas naszych webinari\u00f3w. Wybierz harmonogram sesji, kt\u00f3ry najbardziej Ci odpowiada [&hellip;]<\/p>\n","protected":false},"author":1,"featured_media":0,"parent":0,"menu_order":0,"comment_status":"closed","ping_status":"closed","template":"","meta":{"_acf_changed":false,"content-type":"","inline_featured_image":false,"footnotes":""},"class_list":["post-28639","page","type-page","status-publish","hentry"],"acf":[],"aioseo_notices":[],"yoast_head":"<!-- This site is optimized with the Yoast SEO Premium plugin v27.3 (Yoast SEO v27.4) - https:\/\/yoast.com\/product\/yoast-seo-premium-wordpress\/ -->\n<title>Webinarium - ICAPE Group<\/title>\n<meta name=\"robots\" content=\"index, follow, max-snippet:-1, max-image-preview:large, max-video-preview:-1\" \/>\n<meta name=\"twitter:card\" content=\"summary_large_image\" \/>\n<meta name=\"twitter:title\" content=\"Webinarium - ICAPE Group\" \/>\n<meta name=\"twitter:description\" content=\"Webinaria Przez kilka miesi\u0119cy analizowali\u015bmy i&nbsp;okre\u015blali\u015bmy aktualne potrzeby rynku w&nbsp;zakresie szkole\u0144 technicznych oraz o&nbsp;charakterze og\u00f3lnym w&nbsp;dziedzinie p\u0142ytek drukowanych i&nbsp;cz\u0119\u015bci technicznych. Przy pomocy naszych in\u017cynier\u00f3w oraz ekspert\u00f3w w&nbsp;dziedzinie p\u0142ytek drukowanych i&nbsp;cz\u0119\u015bci technicznych uda\u0142o nam si\u0119 zebra\u0107 i&nbsp;opracowa\u0107 te potrzeby, tworz\u0105c z&nbsp;nich zbi\u00f3r temat\u00f3w, kt\u00f3re s\u0105 omawiane podczas naszych webinari\u00f3w. Wybierz harmonogram sesji, kt\u00f3ry najbardziej Ci odpowiada [&hellip;]\" \/>\n<meta name=\"twitter:label1\" content=\"Szacowany czas czytania\" \/>\n\t<meta name=\"twitter:data1\" content=\"1 minuta\" \/>\n<script type=\"application\/ld+json\" class=\"yoast-schema-graph\">{\"@context\":\"https:\\\/\\\/schema.org\",\"@graph\":[{\"@type\":\"WebPage\",\"@id\":\"https:\\\/\\\/www.icape-group.com\\\/pl\\\/webinarium\\\/\",\"url\":\"https:\\\/\\\/www.icape-group.com\\\/pl\\\/webinarium\\\/\",\"name\":\"Webinarium - ICAPE Group\",\"isPartOf\":{\"@id\":\"https:\\\/\\\/www.icape-group.com\\\/pl\\\/#website\"},\"datePublished\":\"2023-02-20T03:36:22+00:00\",\"dateModified\":\"2026-02-04T15:19:14+00:00\",\"breadcrumb\":{\"@id\":\"https:\\\/\\\/www.icape-group.com\\\/pl\\\/webinarium\\\/#breadcrumb\"},\"inLanguage\":\"pl-PL\",\"potentialAction\":[{\"@type\":\"ReadAction\",\"target\":[\"https:\\\/\\\/www.icape-group.com\\\/pl\\\/webinarium\\\/\"]}]},{\"@type\":\"BreadcrumbList\",\"@id\":\"https:\\\/\\\/www.icape-group.com\\\/pl\\\/webinarium\\\/#breadcrumb\",\"itemListElement\":[{\"@type\":\"ListItem\",\"position\":1,\"name\":\"Home\",\"item\":\"https:\\\/\\\/www.icape-group.com\\\/pl\\\/\"},{\"@type\":\"ListItem\",\"position\":2,\"name\":\"Webinarium\"}]},{\"@type\":\"WebSite\",\"@id\":\"https:\\\/\\\/www.icape-group.com\\\/pl\\\/#website\",\"url\":\"https:\\\/\\\/www.icape-group.com\\\/pl\\\/\",\"name\":\"ICAPE Group\",\"description\":\"The power of precision\",\"publisher\":{\"@id\":\"https:\\\/\\\/www.icape-group.com\\\/pl\\\/#organization\"},\"potentialAction\":[{\"@type\":\"SearchAction\",\"target\":{\"@type\":\"EntryPoint\",\"urlTemplate\":\"https:\\\/\\\/www.icape-group.com\\\/pl\\\/?s={search_term_string}\"},\"query-input\":{\"@type\":\"PropertyValueSpecification\",\"valueRequired\":true,\"valueName\":\"search_term_string\"}}],\"inLanguage\":\"pl-PL\"},{\"@type\":\"Organization\",\"@id\":\"https:\\\/\\\/www.icape-group.com\\\/pl\\\/#organization\",\"name\":\"ICAPE Group\",\"url\":\"https:\\\/\\\/www.icape-group.com\\\/pl\\\/\",\"logo\":{\"@type\":\"ImageObject\",\"inLanguage\":\"pl-PL\",\"@id\":\"https:\\\/\\\/www.icape-group.com\\\/pl\\\/#\\\/schema\\\/logo\\\/image\\\/\",\"url\":\"\",\"contentUrl\":\"\",\"caption\":\"ICAPE Group\"},\"image\":{\"@id\":\"https:\\\/\\\/www.icape-group.com\\\/pl\\\/#\\\/schema\\\/logo\\\/image\\\/\"}}]}<\/script>\n<!-- \/ Yoast SEO Premium plugin. -->","yoast_head_json":{"title":"Webinarium - ICAPE Group","robots":{"index":"index","follow":"follow","max-snippet":"max-snippet:-1","max-image-preview":"max-image-preview:large","max-video-preview":"max-video-preview:-1"},"twitter_card":"summary_large_image","twitter_title":"Webinarium - ICAPE Group","twitter_description":"Webinaria Przez kilka miesi\u0119cy analizowali\u015bmy i&nbsp;okre\u015blali\u015bmy aktualne potrzeby rynku w&nbsp;zakresie szkole\u0144 technicznych oraz o&nbsp;charakterze og\u00f3lnym w&nbsp;dziedzinie p\u0142ytek drukowanych i&nbsp;cz\u0119\u015bci technicznych. Przy pomocy naszych in\u017cynier\u00f3w oraz ekspert\u00f3w w&nbsp;dziedzinie p\u0142ytek drukowanych i&nbsp;cz\u0119\u015bci technicznych uda\u0142o nam si\u0119 zebra\u0107 i&nbsp;opracowa\u0107 te potrzeby, tworz\u0105c z&nbsp;nich zbi\u00f3r temat\u00f3w, kt\u00f3re s\u0105 omawiane podczas naszych webinari\u00f3w. Wybierz harmonogram sesji, kt\u00f3ry najbardziej Ci odpowiada [&hellip;]","twitter_misc":{"Szacowany czas czytania":"1 minuta"},"schema":{"@context":"https:\/\/schema.org","@graph":[{"@type":"WebPage","@id":"https:\/\/www.icape-group.com\/pl\/webinarium\/","url":"https:\/\/www.icape-group.com\/pl\/webinarium\/","name":"Webinarium - ICAPE Group","isPartOf":{"@id":"https:\/\/www.icape-group.com\/pl\/#website"},"datePublished":"2023-02-20T03:36:22+00:00","dateModified":"2026-02-04T15:19:14+00:00","breadcrumb":{"@id":"https:\/\/www.icape-group.com\/pl\/webinarium\/#breadcrumb"},"inLanguage":"pl-PL","potentialAction":[{"@type":"ReadAction","target":["https:\/\/www.icape-group.com\/pl\/webinarium\/"]}]},{"@type":"BreadcrumbList","@id":"https:\/\/www.icape-group.com\/pl\/webinarium\/#breadcrumb","itemListElement":[{"@type":"ListItem","position":1,"name":"Home","item":"https:\/\/www.icape-group.com\/pl\/"},{"@type":"ListItem","position":2,"name":"Webinarium"}]},{"@type":"WebSite","@id":"https:\/\/www.icape-group.com\/pl\/#website","url":"https:\/\/www.icape-group.com\/pl\/","name":"ICAPE Group","description":"The power of precision","publisher":{"@id":"https:\/\/www.icape-group.com\/pl\/#organization"},"potentialAction":[{"@type":"SearchAction","target":{"@type":"EntryPoint","urlTemplate":"https:\/\/www.icape-group.com\/pl\/?s={search_term_string}"},"query-input":{"@type":"PropertyValueSpecification","valueRequired":true,"valueName":"search_term_string"}}],"inLanguage":"pl-PL"},{"@type":"Organization","@id":"https:\/\/www.icape-group.com\/pl\/#organization","name":"ICAPE Group","url":"https:\/\/www.icape-group.com\/pl\/","logo":{"@type":"ImageObject","inLanguage":"pl-PL","@id":"https:\/\/www.icape-group.com\/pl\/#\/schema\/logo\/image\/","url":"","contentUrl":"","caption":"ICAPE Group"},"image":{"@id":"https:\/\/www.icape-group.com\/pl\/#\/schema\/logo\/image\/"}}]}},"_links":{"self":[{"href":"https:\/\/www.icape-group.com\/pl\/wp-json\/wp\/v2\/pages\/28639","targetHints":{"allow":["GET"]}}],"collection":[{"href":"https:\/\/www.icape-group.com\/pl\/wp-json\/wp\/v2\/pages"}],"about":[{"href":"https:\/\/www.icape-group.com\/pl\/wp-json\/wp\/v2\/types\/page"}],"author":[{"embeddable":true,"href":"https:\/\/www.icape-group.com\/pl\/wp-json\/wp\/v2\/users\/1"}],"replies":[{"embeddable":true,"href":"https:\/\/www.icape-group.com\/pl\/wp-json\/wp\/v2\/comments?post=28639"}],"version-history":[{"count":21,"href":"https:\/\/www.icape-group.com\/pl\/wp-json\/wp\/v2\/pages\/28639\/revisions"}],"predecessor-version":[{"id":362418,"href":"https:\/\/www.icape-group.com\/pl\/wp-json\/wp\/v2\/pages\/28639\/revisions\/362418"}],"wp:attachment":[{"href":"https:\/\/www.icape-group.com\/pl\/wp-json\/wp\/v2\/media?parent=28639"}],"curies":[{"name":"wp","href":"https:\/\/api.w.org\/{rel}","templated":true}]}}