{"id":28596,"date":"2023-02-16T08:08:35","date_gmt":"2023-02-16T08:08:35","guid":{"rendered":"https:\/\/www.icape-group.com\/kontakt\/"},"modified":"2024-08-07T20:51:39","modified_gmt":"2024-08-07T20:51:39","slug":"kontakt","status":"publish","type":"page","link":"https:\/\/www.icape-group.com\/pl\/kontakt\/","title":{"rendered":"Kontakt"},"content":{"rendered":"\t\t<div data-elementor-type=\"wp-page\" data-elementor-id=\"28596\" class=\"elementor elementor-28596 elementor-2558\">\n\t\t\t\t\t\t<section class=\"elementor-section elementor-top-section elementor-element elementor-element-39fc556 elementor-section-height-min-height elementor-section-boxed elementor-section-height-default elementor-section-items-middle\" data-id=\"39fc556\" data-element_type=\"section\" data-e-type=\"section\" data-settings=\"{&quot;background_background&quot;:&quot;gradient&quot;}\">\n\t\t\t\t\t\t<div class=\"elementor-container elementor-column-gap-no\">\n\t\t\t\t\t<div class=\"elementor-column elementor-col-100 elementor-top-column elementor-element elementor-element-14cce1d\" data-id=\"14cce1d\" data-element_type=\"column\" data-e-type=\"column\">\n\t\t\t<div class=\"elementor-widget-wrap elementor-element-populated\">\n\t\t\t\t\t\t<section class=\"elementor-section elementor-inner-section elementor-element elementor-element-8a26b77 elementor-section-boxed elementor-section-height-default elementor-section-height-default\" data-id=\"8a26b77\" data-element_type=\"section\" data-e-type=\"section\">\n\t\t\t\t\t\t<div class=\"elementor-container elementor-column-gap-no\">\n\t\t\t\t\t<div class=\"elementor-column elementor-col-100 elementor-inner-column elementor-element elementor-element-4bfa74a\" data-id=\"4bfa74a\" data-element_type=\"column\" data-e-type=\"column\">\n\t\t\t<div class=\"elementor-widget-wrap elementor-element-populated\">\n\t\t\t\t\t\t<div class=\"elementor-element elementor-element-6fde65c elementor-widget elementor-widget-heading\" data-id=\"6fde65c\" data-element_type=\"widget\" data-e-type=\"widget\" data-widget_type=\"heading.default\">\n\t\t\t\t<div class=\"elementor-widget-container\">\n\t\t\t\t\t<h1 class=\"elementor-heading-title elementor-size-default\">Skontaktuj si\u0119 z&nbsp;nami<\/h1>\t\t\t\t<\/div>\n\t\t\t\t<\/div>\n\t\t\t\t<div class=\"elementor-element elementor-element-c6153a8 elementor-widget__width-initial elementor-widget elementor-widget-text-editor\" data-id=\"c6153a8\" data-element_type=\"widget\" data-e-type=\"widget\" data-widget_type=\"text-editor.default\">\n\t\t\t\t<div class=\"elementor-widget-container\">\n\t\t\t\t\t\t\t\t\t<p>Je\u017celi masz pytania lub chcesz skontaktowa\u0107 si\u0119 z&nbsp;najbli\u017cszym przedstawicielem handlowym, wype\u0142nij poni\u017cszy formularz.<\/p>\n\t\t\t\t\t\t\t\t<\/div>\n\t\t\t\t<\/div>\n\t\t\t\t<div class=\"elementor-element elementor-element-18e3617 elementor-widget elementor-widget-spacer\" data-id=\"18e3617\" data-element_type=\"widget\" data-e-type=\"widget\" data-widget_type=\"spacer.default\">\n\t\t\t\t<div class=\"elementor-widget-container\">\n\t\t\t\t\t\t\t<div class=\"elementor-spacer\">\n\t\t\t<div class=\"elementor-spacer-inner\"><\/div>\n\t\t<\/div>\n\t\t\t\t\t\t<\/div>\n\t\t\t\t<\/div>\n\t\t\t\t<div class=\"elementor-element elementor-element-7065c60 elementor-widget elementor-widget-shortcode\" data-id=\"7065c60\" data-element_type=\"widget\" data-e-type=\"widget\" data-widget_type=\"shortcode.default\">\n\t\t\t\t<div class=\"elementor-widget-container\">\n\t\t\t\t\t\t\t<div class=\"elementor-shortcode\">\n\t\t\t\t\t\t<script>\n\t\t\t\t\t\t\twindow.hsFormsOnReady = window.hsFormsOnReady || [];\n\t\t\t\t\t\t\twindow.hsFormsOnReady.push(()=>{\n\t\t\t\t\t\t\t\thbspt.forms.create({\n\t\t\t\t\t\t\t\t\tportalId: 144268662,\n\t\t\t\t\t\t\t\t\tformId: \"6e0171cb-b47e-485c-9afc-fc0f80486bd9\",\n\t\t\t\t\t\t\t\t\ttarget: \"#hbspt-form-1777627589000-8343751593\",\n\t\t\t\t\t\t\t\t\tregion: \"eu1\",\n\t\t\t\t\t\t\t\t\t\n\t\t\t\t\t\t\t})});\n\t\t\t\t\t\t<\/script>\n\t\t\t\t\t\t<div class=\"hbspt-form\" id=\"hbspt-form-1777627589000-8343751593\"><\/div><\/div>\n\t\t\t\t\t\t<\/div>\n\t\t\t\t<\/div>\n\t\t\t\t<div class=\"elementor-element elementor-element-e39fe7a elementor-widget elementor-widget-spacer\" data-id=\"e39fe7a\" data-element_type=\"widget\" data-e-type=\"widget\" data-widget_type=\"spacer.default\">\n\t\t\t\t<div class=\"elementor-widget-container\">\n\t\t\t\t\t\t\t<div class=\"elementor-spacer\">\n\t\t\t<div class=\"elementor-spacer-inner\"><\/div>\n\t\t<\/div>\n\t\t\t\t\t\t<\/div>\n\t\t\t\t<\/div>\n\t\t\t\t<div class=\"elementor-element elementor-element-9b7f9b4 elementor-widget elementor-widget-heading\" data-id=\"9b7f9b4\" data-element_type=\"widget\" data-e-type=\"widget\" data-widget_type=\"heading.default\">\n\t\t\t\t<div class=\"elementor-widget-container\">\n\t\t\t\t\t<div class=\"elementor-heading-title elementor-size-default\">*Wymagane pola<\/div>\t\t\t\t<\/div>\n\t\t\t\t<\/div>\n\t\t\t\t\t<\/div>\n\t\t<\/div>\n\t\t\t\t\t<\/div>\n\t\t<\/section>\n\t\t\t\t\t<\/div>\n\t\t<\/div>\n\t\t\t\t\t<\/div>\n\t\t<\/section>\n\t\t\t\t<\/div>\n\t\t","protected":false},"excerpt":{"rendered":"<p>Skontaktuj si\u0119 z&nbsp;nami Je\u017celi masz pytania lub chcesz skontaktowa\u0107 si\u0119 z&nbsp;najbli\u017cszym przedstawicielem handlowym, wype\u0142nij poni\u017cszy formularz. *Wymagane pola<\/p>\n","protected":false},"author":1,"featured_media":0,"parent":0,"menu_order":0,"comment_status":"closed","ping_status":"closed","template":"","meta":{"_acf_changed":false,"content-type":"","inline_featured_image":false,"footnotes":""},"class_list":["post-28596","page","type-page","status-publish","hentry"],"acf":[],"aioseo_notices":[],"yoast_head":"<!-- This site is optimized with the Yoast SEO Premium plugin v27.4 (Yoast SEO v27.5) - https:\/\/yoast.com\/product\/yoast-seo-premium-wordpress\/ -->\n<title>Kontakt - ICAPE Group<\/title>\n<meta name=\"robots\" content=\"index, follow, max-snippet:-1, max-image-preview:large, max-video-preview:-1\" \/>\n<meta name=\"twitter:card\" content=\"summary_large_image\" \/>\n<meta name=\"twitter:title\" content=\"Kontakt - ICAPE Group\" \/>\n<meta name=\"twitter:description\" content=\"Skontaktuj si\u0119 z&nbsp;nami Je\u017celi masz pytania lub chcesz skontaktowa\u0107 si\u0119 z&nbsp;najbli\u017cszym przedstawicielem handlowym, wype\u0142nij poni\u017cszy formularz. *Wymagane pola\" \/>\n<meta name=\"twitter:label1\" content=\"Szacowany czas czytania\" \/>\n\t<meta name=\"twitter:data1\" content=\"1 minuta\" \/>\n<script type=\"application\/ld+json\" class=\"yoast-schema-graph\">{\"@context\":\"https:\\\/\\\/schema.org\",\"@graph\":[{\"@type\":\"WebPage\",\"@id\":\"https:\\\/\\\/www.icape-group.com\\\/pl\\\/kontakt\\\/\",\"url\":\"https:\\\/\\\/www.icape-group.com\\\/pl\\\/kontakt\\\/\",\"name\":\"Kontakt - ICAPE Group\",\"isPartOf\":{\"@id\":\"https:\\\/\\\/www.icape-group.com\\\/pl\\\/#website\"},\"datePublished\":\"2023-02-16T08:08:35+00:00\",\"dateModified\":\"2024-08-07T20:51:39+00:00\",\"breadcrumb\":{\"@id\":\"https:\\\/\\\/www.icape-group.com\\\/pl\\\/kontakt\\\/#breadcrumb\"},\"inLanguage\":\"pl-PL\",\"potentialAction\":[{\"@type\":\"ReadAction\",\"target\":[\"https:\\\/\\\/www.icape-group.com\\\/pl\\\/kontakt\\\/\"]}]},{\"@type\":\"BreadcrumbList\",\"@id\":\"https:\\\/\\\/www.icape-group.com\\\/pl\\\/kontakt\\\/#breadcrumb\",\"itemListElement\":[{\"@type\":\"ListItem\",\"position\":1,\"name\":\"Home\",\"item\":\"https:\\\/\\\/www.icape-group.com\\\/pl\\\/\"},{\"@type\":\"ListItem\",\"position\":2,\"name\":\"Kontakt\"}]},{\"@type\":\"WebSite\",\"@id\":\"https:\\\/\\\/www.icape-group.com\\\/pl\\\/#website\",\"url\":\"https:\\\/\\\/www.icape-group.com\\\/pl\\\/\",\"name\":\"ICAPE Group\",\"description\":\"The power of precision\",\"publisher\":{\"@id\":\"https:\\\/\\\/www.icape-group.com\\\/pl\\\/#organization\"},\"potentialAction\":[{\"@type\":\"SearchAction\",\"target\":{\"@type\":\"EntryPoint\",\"urlTemplate\":\"https:\\\/\\\/www.icape-group.com\\\/pl\\\/?s={search_term_string}\"},\"query-input\":{\"@type\":\"PropertyValueSpecification\",\"valueRequired\":true,\"valueName\":\"search_term_string\"}}],\"inLanguage\":\"pl-PL\"},{\"@type\":\"Organization\",\"@id\":\"https:\\\/\\\/www.icape-group.com\\\/pl\\\/#organization\",\"name\":\"ICAPE Group\",\"url\":\"https:\\\/\\\/www.icape-group.com\\\/pl\\\/\",\"logo\":{\"@type\":\"ImageObject\",\"inLanguage\":\"pl-PL\",\"@id\":\"https:\\\/\\\/www.icape-group.com\\\/pl\\\/#\\\/schema\\\/logo\\\/image\\\/\",\"url\":\"\",\"contentUrl\":\"\",\"caption\":\"ICAPE Group\"},\"image\":{\"@id\":\"https:\\\/\\\/www.icape-group.com\\\/pl\\\/#\\\/schema\\\/logo\\\/image\\\/\"}}]}<\/script>\n<!-- \/ Yoast SEO Premium plugin. -->","yoast_head_json":{"title":"Kontakt - ICAPE Group","robots":{"index":"index","follow":"follow","max-snippet":"max-snippet:-1","max-image-preview":"max-image-preview:large","max-video-preview":"max-video-preview:-1"},"twitter_card":"summary_large_image","twitter_title":"Kontakt - ICAPE Group","twitter_description":"Skontaktuj si\u0119 z&nbsp;nami Je\u017celi masz pytania lub chcesz skontaktowa\u0107 si\u0119 z&nbsp;najbli\u017cszym przedstawicielem handlowym, wype\u0142nij poni\u017cszy formularz. *Wymagane pola","twitter_misc":{"Szacowany czas czytania":"1 minuta"},"schema":{"@context":"https:\/\/schema.org","@graph":[{"@type":"WebPage","@id":"https:\/\/www.icape-group.com\/pl\/kontakt\/","url":"https:\/\/www.icape-group.com\/pl\/kontakt\/","name":"Kontakt - ICAPE Group","isPartOf":{"@id":"https:\/\/www.icape-group.com\/pl\/#website"},"datePublished":"2023-02-16T08:08:35+00:00","dateModified":"2024-08-07T20:51:39+00:00","breadcrumb":{"@id":"https:\/\/www.icape-group.com\/pl\/kontakt\/#breadcrumb"},"inLanguage":"pl-PL","potentialAction":[{"@type":"ReadAction","target":["https:\/\/www.icape-group.com\/pl\/kontakt\/"]}]},{"@type":"BreadcrumbList","@id":"https:\/\/www.icape-group.com\/pl\/kontakt\/#breadcrumb","itemListElement":[{"@type":"ListItem","position":1,"name":"Home","item":"https:\/\/www.icape-group.com\/pl\/"},{"@type":"ListItem","position":2,"name":"Kontakt"}]},{"@type":"WebSite","@id":"https:\/\/www.icape-group.com\/pl\/#website","url":"https:\/\/www.icape-group.com\/pl\/","name":"ICAPE Group","description":"The power of precision","publisher":{"@id":"https:\/\/www.icape-group.com\/pl\/#organization"},"potentialAction":[{"@type":"SearchAction","target":{"@type":"EntryPoint","urlTemplate":"https:\/\/www.icape-group.com\/pl\/?s={search_term_string}"},"query-input":{"@type":"PropertyValueSpecification","valueRequired":true,"valueName":"search_term_string"}}],"inLanguage":"pl-PL"},{"@type":"Organization","@id":"https:\/\/www.icape-group.com\/pl\/#organization","name":"ICAPE Group","url":"https:\/\/www.icape-group.com\/pl\/","logo":{"@type":"ImageObject","inLanguage":"pl-PL","@id":"https:\/\/www.icape-group.com\/pl\/#\/schema\/logo\/image\/","url":"","contentUrl":"","caption":"ICAPE Group"},"image":{"@id":"https:\/\/www.icape-group.com\/pl\/#\/schema\/logo\/image\/"}}]}},"_links":{"self":[{"href":"https:\/\/www.icape-group.com\/pl\/wp-json\/wp\/v2\/pages\/28596","targetHints":{"allow":["GET"]}}],"collection":[{"href":"https:\/\/www.icape-group.com\/pl\/wp-json\/wp\/v2\/pages"}],"about":[{"href":"https:\/\/www.icape-group.com\/pl\/wp-json\/wp\/v2\/types\/page"}],"author":[{"embeddable":true,"href":"https:\/\/www.icape-group.com\/pl\/wp-json\/wp\/v2\/users\/1"}],"replies":[{"embeddable":true,"href":"https:\/\/www.icape-group.com\/pl\/wp-json\/wp\/v2\/comments?post=28596"}],"version-history":[{"count":9,"href":"https:\/\/www.icape-group.com\/pl\/wp-json\/wp\/v2\/pages\/28596\/revisions"}],"predecessor-version":[{"id":66727,"href":"https:\/\/www.icape-group.com\/pl\/wp-json\/wp\/v2\/pages\/28596\/revisions\/66727"}],"wp:attachment":[{"href":"https:\/\/www.icape-group.com\/pl\/wp-json\/wp\/v2\/media?parent=28596"}],"curies":[{"name":"wp","href":"https:\/\/api.w.org\/{rel}","templated":true}]}}