{"id":61716,"date":"2023-07-12T15:13:28","date_gmt":"2023-07-12T15:13:28","guid":{"rendered":"https:\/\/www.icape-group.com\/perspectives-de-lindustrie\/"},"modified":"2024-05-10T19:37:07","modified_gmt":"2024-05-10T19:37:07","slug":"perspectives-de-lindustrie","status":"publish","type":"page","link":"https:\/\/www.icape-group.com\/fr\/perspectives-de-lindustrie\/","title":{"rendered":"Perspectives de l&rsquo;industrie"},"content":{"rendered":"\t\t<div data-elementor-type=\"wp-page\" data-elementor-id=\"61716\" class=\"elementor elementor-61716 elementor-34965\" data-elementor-post-type=\"page\">\n\t\t\t\t\t\t<section class=\"elementor-section elementor-top-section elementor-element elementor-element-529d4b6 elementor-section-height-min-height hero elementor-section-items-bottom elementor-section-boxed elementor-section-height-default\" data-id=\"529d4b6\" data-element_type=\"section\" data-e-type=\"section\" data-settings=\"{&quot;background_background&quot;:&quot;classic&quot;}\">\n\t\t\t\t\t\t\t<div class=\"elementor-background-overlay\"><\/div>\n\t\t\t\t\t\t\t<div class=\"elementor-container elementor-column-gap-default\">\n\t\t\t\t\t<div class=\"elementor-column elementor-col-100 elementor-top-column elementor-element elementor-element-83ef2c4 hero-content\" data-id=\"83ef2c4\" data-element_type=\"column\" data-e-type=\"column\">\n\t\t\t<div class=\"elementor-widget-wrap elementor-element-populated\">\n\t\t\t\t\t\t<div class=\"elementor-element elementor-element-e657860 elementor-widget__width-initial elementor-widget elementor-widget-elementskit-heading\" data-id=\"e657860\" data-element_type=\"widget\" data-e-type=\"widget\" data-widget_type=\"elementskit-heading.default\">\n\t\t\t\t<div class=\"elementor-widget-container\">\n\t\t\t\t\t<div class=\"ekit-wid-con\" ><div class=\"ekit-heading elementskit-section-title-wraper text_left   ekit_heading_tablet-   ekit_heading_mobile-\"><h1 class=\"ekit-heading--title elementskit-section-title \">Perspectives de l'industrie<\/h1><\/div><\/div>\t\t\t\t<\/div>\n\t\t\t\t<\/div>\n\t\t\t\t<div class=\"elementor-element elementor-element-a4f1c63 elementor-widget elementor-widget-text-editor\" data-id=\"a4f1c63\" data-element_type=\"widget\" data-e-type=\"widget\" data-widget_type=\"text-editor.default\">\n\t\t\t\t<div class=\"elementor-widget-container\">\n\t\t\t\t\t\t\t\t\t<p>Industry Insights aide les experts \u00e0 d\u00e9couvrir les facteurs essentiels qui alimentent l&rsquo;expansion du march\u00e9 mondial des PCB dans un guide trimestriel complet. Plongez au c\u0153ur de cette industrie florissante et acqu\u00e9rez des connaissances pr\u00e9cieuses ! <\/p>\n\t\t\t\t\t\t\t\t<\/div>\n\t\t\t\t<\/div>\n\t\t\t\t\t<\/div>\n\t\t<\/div>\n\t\t\t\t\t<\/div>\n\t\t<\/section>\n\t\t\t\t<section class=\"elementor-section elementor-top-section elementor-element elementor-element-faef8d2 elementor-hidden-mobile elementor-section-boxed elementor-section-height-default elementor-section-height-default\" data-id=\"faef8d2\" data-element_type=\"section\" data-e-type=\"section\">\n\t\t\t\t\t\t<div class=\"elementor-container elementor-column-gap-no\">\n\t\t\t\t\t<div class=\"elementor-column elementor-col-100 elementor-top-column elementor-element elementor-element-0af4a76\" data-id=\"0af4a76\" data-element_type=\"column\" data-e-type=\"column\">\n\t\t\t<div class=\"elementor-widget-wrap elementor-element-populated\">\n\t\t\t\t\t\t<div class=\"elementor-element elementor-element-d98d745 breadcrumb elementor-widget elementor-widget-shortcode\" data-id=\"d98d745\" data-element_type=\"widget\" data-e-type=\"widget\" data-widget_type=\"shortcode.default\">\n\t\t\t\t<div class=\"elementor-widget-container\">\n\t\t\t\t\t\t\t<div class=\"elementor-shortcode\"><span><span><a href=\"https:\/\/www.icape-group.com\/fr\/\">Home<\/a><\/span><\/span><\/div>\n\t\t\t\t\t\t<\/div>\n\t\t\t\t<\/div>\n\t\t\t\t\t<\/div>\n\t\t<\/div>\n\t\t\t\t\t<\/div>\n\t\t<\/section>\n\t\t\t\t<section class=\"elementor-section elementor-top-section elementor-element elementor-element-0485a8f elementor-section-content-middle elementor-section-boxed elementor-section-height-default elementor-section-height-default\" data-id=\"0485a8f\" data-element_type=\"section\" data-e-type=\"section\" data-settings=\"{&quot;background_background&quot;:&quot;classic&quot;}\">\n\t\t\t\t\t\t<div class=\"elementor-container elementor-column-gap-no\">\n\t\t\t\t\t<div class=\"elementor-column elementor-col-66 elementor-top-column elementor-element elementor-element-832f9b0\" data-id=\"832f9b0\" data-element_type=\"column\" data-e-type=\"column\">\n\t\t\t<div class=\"elementor-widget-wrap elementor-element-populated\">\n\t\t\t\t\t\t<section class=\"elementor-section elementor-inner-section elementor-element elementor-element-a08e3c4 elementor-section-content-middle elementor-section-boxed elementor-section-height-default elementor-section-height-default\" data-id=\"a08e3c4\" data-element_type=\"section\" data-e-type=\"section\">\n\t\t\t\t\t\t<div class=\"elementor-container elementor-column-gap-no\">\n\t\t\t\t\t<div class=\"elementor-column elementor-col-33 elementor-inner-column elementor-element elementor-element-5026fce\" data-id=\"5026fce\" data-element_type=\"column\" data-e-type=\"column\">\n\t\t\t<div class=\"elementor-widget-wrap elementor-element-populated\">\n\t\t\t\t\t\t<div class=\"elementor-element elementor-element-624a5b2 elementor-widget__width-inherit animated-slow elementor-invisible elementor-widget elementor-widget-image\" data-id=\"624a5b2\" data-element_type=\"widget\" data-e-type=\"widget\" data-settings=\"{&quot;_animation&quot;:&quot;pulse&quot;,&quot;_animation_delay&quot;:1000}\" data-widget_type=\"image.default\">\n\t\t\t\t<div class=\"elementor-widget-container\">\n\t\t\t\t\t\t\t\t\t\t\t\t\t\t\t<img decoding=\"async\" width=\"200\" height=\"240\" data-src=\"https:\/\/www.icape-group.com\/wp-content\/smush-webp\/2023\/07\/Industry-Insights-book-small.png.webp\" class=\"attachment-full size-full wp-image-35086 lazyload\" alt=\"industry insights pcb market\" src=\"data:image\/svg+xml;base64,PHN2ZyB3aWR0aD0iMSIgaGVpZ2h0PSIxIiB4bWxucz0iaHR0cDovL3d3dy53My5vcmcvMjAwMC9zdmciPjwvc3ZnPg==\" style=\"--smush-placeholder-width: 200px; --smush-placeholder-aspect-ratio: 200\/240;\" \/>\t\t\t\t\t\t\t\t\t\t\t\t\t\t\t<\/div>\n\t\t\t\t<\/div>\n\t\t\t\t\t<\/div>\n\t\t<\/div>\n\t\t\t\t<div class=\"elementor-column elementor-col-66 elementor-inner-column elementor-element elementor-element-beeae71\" data-id=\"beeae71\" data-element_type=\"column\" data-e-type=\"column\">\n\t\t\t<div class=\"elementor-widget-wrap elementor-element-populated\">\n\t\t\t\t\t\t<div class=\"elementor-element elementor-element-f30ee45 elementor-widget__width-initial elementor-widget elementor-widget-heading\" data-id=\"f30ee45\" data-element_type=\"widget\" data-e-type=\"widget\" data-widget_type=\"heading.default\">\n\t\t\t\t<div class=\"elementor-widget-container\">\n\t\t\t\t\t<div class=\"elementor-heading-title elementor-size-default\">Demandez votre guide gratuit maintenant !<\/div>\t\t\t\t<\/div>\n\t\t\t\t<\/div>\n\t\t\t\t<div class=\"elementor-element elementor-element-28c334c elementor-widget elementor-widget-heading\" data-id=\"28c334c\" data-element_type=\"widget\" data-e-type=\"widget\" data-widget_type=\"heading.default\">\n\t\t\t\t<div class=\"elementor-widget-container\">\n\t\t\t\t\t<div class=\"elementor-heading-title elementor-size-default\">Perspectives de l'industrie<\/div>\t\t\t\t<\/div>\n\t\t\t\t<\/div>\n\t\t\t\t<div class=\"elementor-element elementor-element-bb5422c elementor-widget__width-initial elementor-widget elementor-widget-heading\" data-id=\"bb5422c\" data-element_type=\"widget\" data-e-type=\"widget\" data-widget_type=\"heading.default\">\n\t\t\t\t<div class=\"elementor-widget-container\">\n\t\t\t\t\t<h2 class=\"elementor-heading-title elementor-size-default\">Les aspects essentiels du march\u00e9 mondial des circuits imprim\u00e9s<\/h2>\t\t\t\t<\/div>\n\t\t\t\t<\/div>\n\t\t\t\t<div class=\"elementor-element elementor-element-f57baec elementor-widget__width-inherit elementor-widget elementor-widget-text-editor\" data-id=\"f57baec\" data-element_type=\"widget\" data-e-type=\"widget\" data-widget_type=\"text-editor.default\">\n\t\t\t\t<div class=\"elementor-widget-container\">\n\t\t\t\t\t\t\t\t\t<p><strong>Des centaines d&rsquo;experts ont d\u00e9j\u00e0 t\u00e9l\u00e9charg\u00e9 ce guide gratuit. Vous devriez en faire autant !&nbsp;<\/strong><\/p>\n<ul>\n<li>Compilation trimestrielle des tendances, des id\u00e9es, des pr\u00e9visions et des nouvelles de l&rsquo;industrie<\/li>\n<li>Acc\u00e8s aux derniers d\u00e9veloppements de l&rsquo;industrie, y compris les prix des mat\u00e9riaux et les comparaisons de co\u00fbts<\/li>\n<li>Des informations s\u00e9lectionn\u00e9es par des experts dans un format complet, le tout en un seul endroit.<\/li>\n<\/ul>\t\t\t\t\t\t\t\t<\/div>\n\t\t\t\t<\/div>\n\t\t\t\t\t<\/div>\n\t\t<\/div>\n\t\t\t\t\t<\/div>\n\t\t<\/section>\n\t\t\t\t\t<\/div>\n\t\t<\/div>\n\t\t\t\t<div class=\"elementor-column elementor-col-33 elementor-top-column elementor-element elementor-element-b07ef9f\" data-id=\"b07ef9f\" data-element_type=\"column\" data-e-type=\"column\">\n\t\t\t<div class=\"elementor-widget-wrap elementor-element-populated\">\n\t\t\t\t\t\t<div class=\"elementor-element elementor-element-12682ea elementor-widget__width-initial elementor-widget elementor-widget-shortcode\" data-id=\"12682ea\" data-element_type=\"widget\" data-e-type=\"widget\" data-widget_type=\"shortcode.default\">\n\t\t\t\t<div class=\"elementor-widget-container\">\n\t\t\t\t\t\t\t<div class=\"elementor-shortcode\">\n\t\t\t\t\t\t<script>\n\t\t\t\t\t\t\twindow.hsFormsOnReady = window.hsFormsOnReady || [];\n\t\t\t\t\t\t\twindow.hsFormsOnReady.push(()=>{\n\t\t\t\t\t\t\t\thbspt.forms.create({\n\t\t\t\t\t\t\t\t\tportalId: 144268662,\n\t\t\t\t\t\t\t\t\tformId: \"554c88e0-9da6-4e19-999a-724ecb6fa56a\",\n\t\t\t\t\t\t\t\t\ttarget: \"#hbspt-form-1778255449000-7722957818\",\n\t\t\t\t\t\t\t\t\tregion: \"eu1\",\n\t\t\t\t\t\t\t\t\t\n\t\t\t\t\t\t\t})});\n\t\t\t\t\t\t<\/script>\n\t\t\t\t\t\t<div class=\"hbspt-form\" id=\"hbspt-form-1778255449000-7722957818\"><\/div><\/div>\n\t\t\t\t\t\t<\/div>\n\t\t\t\t<\/div>\n\t\t\t\t\t<\/div>\n\t\t<\/div>\n\t\t\t\t\t<\/div>\n\t\t<\/section>\n\t\t\t\t<section class=\"elementor-section elementor-top-section elementor-element elementor-element-b1a1a43 elementor-section-boxed elementor-section-height-default elementor-section-height-default\" data-id=\"b1a1a43\" data-element_type=\"section\" data-e-type=\"section\">\n\t\t\t\t\t\t<div class=\"elementor-container elementor-column-gap-default\">\n\t\t\t\t\t<div class=\"elementor-column elementor-col-100 elementor-top-column elementor-element elementor-element-9788224\" data-id=\"9788224\" data-element_type=\"column\" data-e-type=\"column\">\n\t\t\t<div class=\"elementor-widget-wrap elementor-element-populated\">\n\t\t\t\t\t\t<div class=\"elementor-element elementor-element-b06f48d elementor-widget elementor-widget-image\" data-id=\"b06f48d\" data-element_type=\"widget\" data-e-type=\"widget\" data-widget_type=\"image.default\">\n\t\t\t\t<div class=\"elementor-widget-container\">\n\t\t\t\t\t\t\t\t\t\t\t\t\t\t\t<img fetchpriority=\"high\" decoding=\"async\" width=\"800\" height=\"450\" src=\"https:\/\/www.icape-group.com\/wp-content\/smush-webp\/2024\/04\/Industry-Insights-Cover-1024x576.png.webp\" class=\"attachment-large size-large wp-image-57424\" alt=\"\" srcset=\"https:\/\/www.icape-group.com\/wp-content\/smush-webp\/2024\/04\/Industry-Insights-Cover-1024x576.png.webp 1024w, https:\/\/www.icape-group.com\/wp-content\/smush-webp\/2024\/04\/Industry-Insights-Cover-300x169.png.webp 300w, https:\/\/www.icape-group.com\/wp-content\/smush-webp\/2024\/04\/Industry-Insights-Cover-768x432.png.webp 768w, https:\/\/www.icape-group.com\/wp-content\/smush-webp\/2024\/04\/Industry-Insights-Cover-1536x864.png.webp 1536w, https:\/\/www.icape-group.com\/wp-content\/smush-webp\/2024\/04\/Industry-Insights-Cover.png.webp 1920w\" sizes=\"(max-width: 800px) 100vw, 800px\" \/>\t\t\t\t\t\t\t\t\t\t\t\t\t\t\t<\/div>\n\t\t\t\t<\/div>\n\t\t\t\t\t<\/div>\n\t\t<\/div>\n\t\t\t\t\t<\/div>\n\t\t<\/section>\n\t\t\t\t<section class=\"elementor-section elementor-top-section elementor-element elementor-element-1a60008 elementor-section-boxed elementor-section-height-default elementor-section-height-default\" data-id=\"1a60008\" data-element_type=\"section\" data-e-type=\"section\" data-settings=\"{&quot;background_background&quot;:&quot;classic&quot;}\">\n\t\t\t\t\t\t\t<div class=\"elementor-background-overlay\"><\/div>\n\t\t\t\t\t\t\t<div class=\"elementor-container elementor-column-gap-no\">\n\t\t\t\t\t<div class=\"elementor-column elementor-col-100 elementor-top-column elementor-element elementor-element-311c69d\" data-id=\"311c69d\" data-element_type=\"column\" data-e-type=\"column\">\n\t\t\t<div class=\"elementor-widget-wrap elementor-element-populated\">\n\t\t\t\t\t\t<div class=\"elementor-element elementor-element-3eef2c2 elementor-widget elementor-widget-heading\" data-id=\"3eef2c2\" data-element_type=\"widget\" data-e-type=\"widget\" data-widget_type=\"heading.default\">\n\t\t\t\t<div class=\"elementor-widget-container\">\n\t\t\t\t\t<h2 class=\"elementor-heading-title elementor-size-default\">Vous avez des questions ?<\/h2>\t\t\t\t<\/div>\n\t\t\t\t<\/div>\n\t\t\t\t<div class=\"elementor-element elementor-element-95ddd13 elementor-widget elementor-widget-text-editor\" data-id=\"95ddd13\" data-element_type=\"widget\" data-e-type=\"widget\" data-widget_type=\"text-editor.default\">\n\t\t\t\t<div class=\"elementor-widget-container\">\n\t\t\t\t\t\t\t\t\t<p>Une \u00e9quipe du groupe ICAPE est proche de vous et de votre entreprise. Partout dans le monde, nos unit\u00e9s commerciales sont dot\u00e9es d&rsquo;experts locaux disponibles pour r\u00e9pondre \u00e0 toutes vos questions. Contactez-nous d\u00e8s aujourd&rsquo;hui !<\/p>\n\t\t\t\t\t\t\t\t<\/div>\n\t\t\t\t<\/div>\n\t\t\t\t<div class=\"elementor-element elementor-element-7f80b9a elementor-widget__width-inherit elementor-widget-mobile__width-inherit elementor-align-center elementor-widget elementor-widget-elementskit-button\" data-id=\"7f80b9a\" data-element_type=\"widget\" data-e-type=\"widget\" data-widget_type=\"elementskit-button.default\">\n\t\t\t\t<div class=\"elementor-widget-container\">\n\t\t\t\t\t<div class=\"ekit-wid-con\" >\t\t<div class=\"ekit-btn-wraper\">\n\t\t\t\t\t\t\t<a href=\"https:\/\/www.icape-group.com\/fr\/nous-contacter\/\" class=\"elementskit-btn  whitespace--normal\" id=\"\">\n\t\t\t\t\tContactez-nous<svg xmlns=\"http:\/\/www.w3.org\/2000\/svg\" xmlns:xlink=\"http:\/\/www.w3.org\/1999\/xlink\" id=\"Layer_1\" x=\"0px\" y=\"0px\" width=\"32px\" height=\"32px\" viewBox=\"0 0 32 32\" xml:space=\"preserve\"><path d=\"M22.4,14H1.9C1.4,14,1,14.4,1,14.9l0,2.4c0,0.5,0.4,0.9,0.9,0.9h20.5v4.3c0,1.6,0.3,2.5,1.4,1.3l6.6-6.6  c0.7-0.7,0.7-1.9,0-2.6l-6.6-6.6c-1.2-1.2-1.4-0.3-1.4,1.3V14z\"><\/path><\/svg>\t\t\t\t<\/a>\n\t\t\t\t\t<\/div>\n        <\/div>\t\t\t\t<\/div>\n\t\t\t\t<\/div>\n\t\t\t\t\t<\/div>\n\t\t<\/div>\n\t\t\t\t\t<\/div>\n\t\t<\/section>\n\t\t\t\t<\/div>\n\t\t","protected":false},"excerpt":{"rendered":"<p>Perspectives de l&rsquo;industrie Industry Insights aide les experts \u00e0 d\u00e9couvrir les facteurs essentiels qui alimentent l&rsquo;expansion du march\u00e9 mondial des PCB dans un guide trimestriel complet. Plongez au c\u0153ur de cette industrie florissante et acqu\u00e9rez des connaissances pr\u00e9cieuses ! Demandez votre guide gratuit maintenant ! Perspectives de l&rsquo;industrie Les aspects essentiels du march\u00e9 mondial des [&hellip;]<\/p>\n","protected":false},"author":4,"featured_media":0,"parent":0,"menu_order":0,"comment_status":"closed","ping_status":"closed","template":"elementor_header_footer","meta":{"_acf_changed":false,"content-type":"","inline_featured_image":false,"footnotes":""},"class_list":["post-61716","page","type-page","status-publish","hentry"],"acf":[],"aioseo_notices":[],"yoast_head":"<!-- This site is optimized with the Yoast SEO Premium plugin v27.5 (Yoast SEO v27.5) - https:\/\/yoast.com\/product\/yoast-seo-premium-wordpress\/ -->\n<title>Perspectives de l&#039;industrie - ICAPE Group<\/title>\n<meta name=\"description\" content=\"D\u00e9couvrez les facteurs essentiels qui alimentent l&#039;expansion du march\u00e9 mondial des PCB dans notre guide trimestriel complet, Industry Insights.\" \/>\n<meta name=\"robots\" content=\"index, follow, max-snippet:-1, max-image-preview:large, max-video-preview:-1\" \/>\n<meta name=\"twitter:card\" content=\"summary_large_image\" \/>\n<meta name=\"twitter:title\" content=\"Perspectives de l&#039;industrie - ICAPE Group\" \/>\n<meta name=\"twitter:description\" content=\"D\u00e9couvrez les facteurs essentiels qui alimentent l&#039;expansion du march\u00e9 mondial des PCB dans notre guide trimestriel complet, Industry Insights.\" \/>\n<meta name=\"twitter:image\" content=\"https:\/\/www.icape-group.com\/wp-content\/uploads\/2023\/07\/Industry-Insights-book-small.png\" \/>\n<meta name=\"twitter:label1\" content=\"Dur\u00e9e de lecture estim\u00e9e\" \/>\n\t<meta name=\"twitter:data1\" content=\"2 minutes\" \/>\n<script type=\"application\/ld+json\" class=\"yoast-schema-graph\">{\"@context\":\"https:\\\/\\\/schema.org\",\"@graph\":[{\"@type\":\"WebPage\",\"@id\":\"https:\\\/\\\/www.icape-group.com\\\/fr\\\/perspectives-de-lindustrie\\\/\",\"url\":\"https:\\\/\\\/www.icape-group.com\\\/fr\\\/perspectives-de-lindustrie\\\/\",\"name\":\"Perspectives de l'industrie - ICAPE Group\",\"isPartOf\":{\"@id\":\"https:\\\/\\\/www.icape-group.com\\\/fr\\\/#website\"},\"primaryImageOfPage\":{\"@id\":\"https:\\\/\\\/www.icape-group.com\\\/fr\\\/perspectives-de-lindustrie\\\/#primaryimage\"},\"image\":{\"@id\":\"https:\\\/\\\/www.icape-group.com\\\/fr\\\/perspectives-de-lindustrie\\\/#primaryimage\"},\"thumbnailUrl\":\"https:\\\/\\\/www.icape-group.com\\\/wp-content\\\/uploads\\\/2023\\\/07\\\/Industry-Insights-book-small.png\",\"datePublished\":\"2023-07-12T15:13:28+00:00\",\"dateModified\":\"2024-05-10T19:37:07+00:00\",\"description\":\"D\u00e9couvrez les facteurs essentiels qui alimentent l'expansion du march\u00e9 mondial des PCB dans notre guide trimestriel complet, Industry Insights.\",\"breadcrumb\":{\"@id\":\"https:\\\/\\\/www.icape-group.com\\\/fr\\\/perspectives-de-lindustrie\\\/#breadcrumb\"},\"inLanguage\":\"fr-FR\",\"potentialAction\":[{\"@type\":\"ReadAction\",\"target\":[\"https:\\\/\\\/www.icape-group.com\\\/fr\\\/perspectives-de-lindustrie\\\/\"]}]},{\"@type\":\"ImageObject\",\"inLanguage\":\"fr-FR\",\"@id\":\"https:\\\/\\\/www.icape-group.com\\\/fr\\\/perspectives-de-lindustrie\\\/#primaryimage\",\"url\":\"https:\\\/\\\/www.icape-group.com\\\/wp-content\\\/uploads\\\/2023\\\/07\\\/Industry-Insights-book-small.png\",\"contentUrl\":\"https:\\\/\\\/www.icape-group.com\\\/wp-content\\\/uploads\\\/2023\\\/07\\\/Industry-Insights-book-small.png\"},{\"@type\":\"BreadcrumbList\",\"@id\":\"https:\\\/\\\/www.icape-group.com\\\/fr\\\/perspectives-de-lindustrie\\\/#breadcrumb\",\"itemListElement\":[{\"@type\":\"ListItem\",\"position\":1,\"name\":\"Home\",\"item\":\"https:\\\/\\\/www.icape-group.com\\\/fr\\\/\"},{\"@type\":\"ListItem\",\"position\":2,\"name\":\"Perspectives de l&#8217;industrie\"}]},{\"@type\":\"WebSite\",\"@id\":\"https:\\\/\\\/www.icape-group.com\\\/fr\\\/#website\",\"url\":\"https:\\\/\\\/www.icape-group.com\\\/fr\\\/\",\"name\":\"ICAPE Group\",\"description\":\"The power of precision\",\"publisher\":{\"@id\":\"https:\\\/\\\/www.icape-group.com\\\/fr\\\/#organization\"},\"potentialAction\":[{\"@type\":\"SearchAction\",\"target\":{\"@type\":\"EntryPoint\",\"urlTemplate\":\"https:\\\/\\\/www.icape-group.com\\\/fr\\\/?s={search_term_string}\"},\"query-input\":{\"@type\":\"PropertyValueSpecification\",\"valueRequired\":true,\"valueName\":\"search_term_string\"}}],\"inLanguage\":\"fr-FR\"},{\"@type\":\"Organization\",\"@id\":\"https:\\\/\\\/www.icape-group.com\\\/fr\\\/#organization\",\"name\":\"ICAPE Group\",\"url\":\"https:\\\/\\\/www.icape-group.com\\\/fr\\\/\",\"logo\":{\"@type\":\"ImageObject\",\"inLanguage\":\"fr-FR\",\"@id\":\"https:\\\/\\\/www.icape-group.com\\\/fr\\\/#\\\/schema\\\/logo\\\/image\\\/\",\"url\":\"\",\"contentUrl\":\"\",\"caption\":\"ICAPE Group\"},\"image\":{\"@id\":\"https:\\\/\\\/www.icape-group.com\\\/fr\\\/#\\\/schema\\\/logo\\\/image\\\/\"}}]}<\/script>\n<!-- \/ Yoast SEO Premium plugin. -->","yoast_head_json":{"title":"Perspectives de l'industrie - ICAPE Group","description":"D\u00e9couvrez les facteurs essentiels qui alimentent l'expansion du march\u00e9 mondial des PCB dans notre guide trimestriel complet, Industry Insights.","robots":{"index":"index","follow":"follow","max-snippet":"max-snippet:-1","max-image-preview":"max-image-preview:large","max-video-preview":"max-video-preview:-1"},"twitter_card":"summary_large_image","twitter_title":"Perspectives de l'industrie - ICAPE Group","twitter_description":"D\u00e9couvrez les facteurs essentiels qui alimentent l'expansion du march\u00e9 mondial des PCB dans notre guide trimestriel complet, Industry Insights.","twitter_image":"https:\/\/www.icape-group.com\/wp-content\/uploads\/2023\/07\/Industry-Insights-book-small.png","twitter_misc":{"Dur\u00e9e de lecture estim\u00e9e":"2 minutes"},"schema":{"@context":"https:\/\/schema.org","@graph":[{"@type":"WebPage","@id":"https:\/\/www.icape-group.com\/fr\/perspectives-de-lindustrie\/","url":"https:\/\/www.icape-group.com\/fr\/perspectives-de-lindustrie\/","name":"Perspectives de l'industrie - ICAPE Group","isPartOf":{"@id":"https:\/\/www.icape-group.com\/fr\/#website"},"primaryImageOfPage":{"@id":"https:\/\/www.icape-group.com\/fr\/perspectives-de-lindustrie\/#primaryimage"},"image":{"@id":"https:\/\/www.icape-group.com\/fr\/perspectives-de-lindustrie\/#primaryimage"},"thumbnailUrl":"https:\/\/www.icape-group.com\/wp-content\/uploads\/2023\/07\/Industry-Insights-book-small.png","datePublished":"2023-07-12T15:13:28+00:00","dateModified":"2024-05-10T19:37:07+00:00","description":"D\u00e9couvrez les facteurs essentiels qui alimentent l'expansion du march\u00e9 mondial des PCB dans notre guide trimestriel complet, Industry Insights.","breadcrumb":{"@id":"https:\/\/www.icape-group.com\/fr\/perspectives-de-lindustrie\/#breadcrumb"},"inLanguage":"fr-FR","potentialAction":[{"@type":"ReadAction","target":["https:\/\/www.icape-group.com\/fr\/perspectives-de-lindustrie\/"]}]},{"@type":"ImageObject","inLanguage":"fr-FR","@id":"https:\/\/www.icape-group.com\/fr\/perspectives-de-lindustrie\/#primaryimage","url":"https:\/\/www.icape-group.com\/wp-content\/uploads\/2023\/07\/Industry-Insights-book-small.png","contentUrl":"https:\/\/www.icape-group.com\/wp-content\/uploads\/2023\/07\/Industry-Insights-book-small.png"},{"@type":"BreadcrumbList","@id":"https:\/\/www.icape-group.com\/fr\/perspectives-de-lindustrie\/#breadcrumb","itemListElement":[{"@type":"ListItem","position":1,"name":"Home","item":"https:\/\/www.icape-group.com\/fr\/"},{"@type":"ListItem","position":2,"name":"Perspectives de l&#8217;industrie"}]},{"@type":"WebSite","@id":"https:\/\/www.icape-group.com\/fr\/#website","url":"https:\/\/www.icape-group.com\/fr\/","name":"ICAPE Group","description":"The power of precision","publisher":{"@id":"https:\/\/www.icape-group.com\/fr\/#organization"},"potentialAction":[{"@type":"SearchAction","target":{"@type":"EntryPoint","urlTemplate":"https:\/\/www.icape-group.com\/fr\/?s={search_term_string}"},"query-input":{"@type":"PropertyValueSpecification","valueRequired":true,"valueName":"search_term_string"}}],"inLanguage":"fr-FR"},{"@type":"Organization","@id":"https:\/\/www.icape-group.com\/fr\/#organization","name":"ICAPE Group","url":"https:\/\/www.icape-group.com\/fr\/","logo":{"@type":"ImageObject","inLanguage":"fr-FR","@id":"https:\/\/www.icape-group.com\/fr\/#\/schema\/logo\/image\/","url":"","contentUrl":"","caption":"ICAPE Group"},"image":{"@id":"https:\/\/www.icape-group.com\/fr\/#\/schema\/logo\/image\/"}}]}},"_links":{"self":[{"href":"https:\/\/www.icape-group.com\/fr\/wp-json\/wp\/v2\/pages\/61716","targetHints":{"allow":["GET"]}}],"collection":[{"href":"https:\/\/www.icape-group.com\/fr\/wp-json\/wp\/v2\/pages"}],"about":[{"href":"https:\/\/www.icape-group.com\/fr\/wp-json\/wp\/v2\/types\/page"}],"author":[{"embeddable":true,"href":"https:\/\/www.icape-group.com\/fr\/wp-json\/wp\/v2\/users\/4"}],"replies":[{"embeddable":true,"href":"https:\/\/www.icape-group.com\/fr\/wp-json\/wp\/v2\/comments?post=61716"}],"version-history":[{"count":7,"href":"https:\/\/www.icape-group.com\/fr\/wp-json\/wp\/v2\/pages\/61716\/revisions"}],"predecessor-version":[{"id":61727,"href":"https:\/\/www.icape-group.com\/fr\/wp-json\/wp\/v2\/pages\/61716\/revisions\/61727"}],"wp:attachment":[{"href":"https:\/\/www.icape-group.com\/fr\/wp-json\/wp\/v2\/media?parent=61716"}],"curies":[{"name":"wp","href":"https:\/\/api.w.org\/{rel}","templated":true}]}}