{"id":55910,"date":"2024-03-20T01:53:02","date_gmt":"2024-03-20T01:53:02","guid":{"rendered":"https:\/\/www.icape-group.com\/communiques\/"},"modified":"2024-03-20T20:53:47","modified_gmt":"2024-03-20T20:53:47","slug":"communiques","status":"publish","type":"page","link":"https:\/\/www.icape-group.com\/fr\/communiques\/","title":{"rendered":"Communiqu\u00e9s"},"content":{"rendered":"\t\t<div data-elementor-type=\"wp-page\" data-elementor-id=\"55910\" class=\"elementor elementor-55910 elementor-55613\" data-elementor-post-type=\"page\">\n\t\t\t\t\t\t<section class=\"elementor-section elementor-top-section elementor-element elementor-element-4b78127 elementor-section-height-min-height hero elementor-section-items-bottom elementor-section-boxed elementor-section-height-default\" data-id=\"4b78127\" data-element_type=\"section\" data-e-type=\"section\" data-settings=\"{&quot;background_background&quot;:&quot;classic&quot;}\">\n\t\t\t\t\t\t\t<div class=\"elementor-background-overlay\"><\/div>\n\t\t\t\t\t\t\t<div class=\"elementor-container elementor-column-gap-default\">\n\t\t\t\t\t<div class=\"elementor-column elementor-col-100 elementor-top-column elementor-element elementor-element-02d743e hero-content\" data-id=\"02d743e\" data-element_type=\"column\" data-e-type=\"column\">\n\t\t\t<div class=\"elementor-widget-wrap elementor-element-populated\">\n\t\t\t\t\t\t<div class=\"elementor-element elementor-element-dd93b92 elementor-widget elementor-widget-elementskit-heading\" data-id=\"dd93b92\" data-element_type=\"widget\" data-e-type=\"widget\" data-widget_type=\"elementskit-heading.default\">\n\t\t\t\t<div class=\"elementor-widget-container\">\n\t\t\t\t\t<div class=\"ekit-wid-con\" ><div class=\"ekit-heading elementskit-section-title-wraper text_left   ekit_heading_tablet-   ekit_heading_mobile-\"><h1 class=\"ekit-heading--title elementskit-section-title \">Communiqu\u00e9s<\/h1><\/div><\/div>\t\t\t\t<\/div>\n\t\t\t\t<\/div>\n\t\t\t\t\t<\/div>\n\t\t<\/div>\n\t\t\t\t\t<\/div>\n\t\t<\/section>\n\t\t\t\t<section class=\"elementor-section elementor-top-section elementor-element elementor-element-28dd1b0 elementor-section-full_width elementor-section-height-default elementor-section-height-default\" data-id=\"28dd1b0\" data-element_type=\"section\" data-e-type=\"section\">\n\t\t\t\t\t\t<div class=\"elementor-container elementor-column-gap-no\">\n\t\t\t\t\t<div class=\"elementor-column elementor-col-100 elementor-top-column elementor-element elementor-element-20be56b\" data-id=\"20be56b\" data-element_type=\"column\" data-e-type=\"column\">\n\t\t\t<div class=\"elementor-widget-wrap elementor-element-populated\">\n\t\t\t\t\t\t<div class=\"elementor-element elementor-element-74c5599 elementor-widget elementor-widget-shortcode\" data-id=\"74c5599\" data-element_type=\"widget\" data-e-type=\"widget\" data-widget_type=\"shortcode.default\">\n\t\t\t\t<div class=\"elementor-widget-container\">\n\t\t\t\t\t\t\t<div class=\"elementor-shortcode\"><div class=\"menu-investor-menu-french-container\"><ul id=\"menu-investor-menu-french\" class=\"menu-investors-tab hide\"><li id=\"menu-item-56760\" class=\"menu-item menu-item-type-custom menu-item-object-custom menu-item-has-children menu-item-56760\"><a href=\"#\">Investisseurs<\/a>\n<ul class=\"sub-menu\">\n\t<li id=\"menu-item-56750\" class=\"popmake-56927 menu-item menu-item-type-post_type menu-item-object-page menu-item-56750\"><a href=\"https:\/\/www.icape-group.com\/fr\/investisseurs\/\">Investisseurs<\/a><\/li>\n\t<li id=\"menu-item-56755\" class=\"popmake-56927 menu-item menu-item-type-post_type menu-item-object-page menu-item-56755\"><a href=\"https:\/\/www.icape-group.com\/fr\/perspectives-dentreprise\/\">Perspectives d\u2019entreprise<\/a><\/li>\n\t<li id=\"menu-item-56751\" class=\"popmake-56927 menu-item menu-item-type-post_type menu-item-object-page menu-item-56751\"><a href=\"https:\/\/www.icape-group.com\/fr\/communiques\/\">Communiqu\u00e9s<\/a><\/li>\n\t<li id=\"menu-item-56749\" class=\"popmake-56927 menu-item menu-item-type-post_type menu-item-object-page menu-item-56749\"><a href=\"https:\/\/www.icape-group.com\/fr\/documentation\/\">Documentation<\/a><\/li>\n\t<li id=\"menu-item-363349\" class=\"popmake-56927 menu-item menu-item-type-post_type menu-item-object-page menu-item-363349\"><a href=\"https:\/\/www.icape-group.com\/fr\/investisseurs\/assemblees-generales\/\">Assembl\u00e9es G\u00e9n\u00e9rales<\/a><\/li>\n<\/ul>\n<\/li>\n<\/ul><\/div><\/div>\n\t\t\t\t\t\t<\/div>\n\t\t\t\t<\/div>\n\t\t\t\t\t<\/div>\n\t\t<\/div>\n\t\t\t\t\t<\/div>\n\t\t<\/section>\n\t\t\t\t<section class=\"elementor-section elementor-top-section elementor-element elementor-element-169099c elementor-hidden-mobile elementor-section-boxed elementor-section-height-default elementor-section-height-default\" data-id=\"169099c\" data-element_type=\"section\" data-e-type=\"section\">\n\t\t\t\t\t\t<div class=\"elementor-container elementor-column-gap-no\">\n\t\t\t\t\t<div class=\"elementor-column elementor-col-100 elementor-top-column elementor-element elementor-element-5859737\" data-id=\"5859737\" data-element_type=\"column\" data-e-type=\"column\">\n\t\t\t<div class=\"elementor-widget-wrap elementor-element-populated\">\n\t\t\t\t\t\t<div class=\"elementor-element elementor-element-f120077 breadcrumb elementor-widget elementor-widget-shortcode\" data-id=\"f120077\" data-element_type=\"widget\" data-e-type=\"widget\" data-widget_type=\"shortcode.default\">\n\t\t\t\t<div class=\"elementor-widget-container\">\n\t\t\t\t\t\t\t<div class=\"elementor-shortcode\"><span><span><a href=\"https:\/\/www.icape-group.com\/fr\/\">Home<\/a><\/span><\/span><\/div>\n\t\t\t\t\t\t<\/div>\n\t\t\t\t<\/div>\n\t\t\t\t\t<\/div>\n\t\t<\/div>\n\t\t\t\t\t<\/div>\n\t\t<\/section>\n\t\t\t\t<section class=\"elementor-section elementor-top-section elementor-element elementor-element-e56172f elementor-section-boxed elementor-section-height-default elementor-section-height-default\" data-id=\"e56172f\" data-element_type=\"section\" data-e-type=\"section\" data-settings=\"{&quot;background_background&quot;:&quot;gradient&quot;}\">\n\t\t\t\t\t\t<div class=\"elementor-container elementor-column-gap-no\">\n\t\t\t\t\t<div class=\"elementor-column elementor-col-100 elementor-top-column elementor-element elementor-element-b5d94c8\" data-id=\"b5d94c8\" data-element_type=\"column\" data-e-type=\"column\">\n\t\t\t<div class=\"elementor-widget-wrap elementor-element-populated\">\n\t\t\t\t\t\t<div class=\"elementor-element elementor-element-a6adad9 elementor-widget elementor-widget-heading\" data-id=\"a6adad9\" data-element_type=\"widget\" data-e-type=\"widget\" data-widget_type=\"heading.default\">\n\t\t\t\t<div class=\"elementor-widget-container\">\n\t\t\t\t\t<h2 class=\"elementor-heading-title elementor-size-default\">Communiqu\u00e9s<\/h2>\t\t\t\t<\/div>\n\t\t\t\t<\/div>\n\t\t\t\t<div class=\"elementor-element elementor-element-7a66adf elementor-widget elementor-widget-shortcode\" data-id=\"7a66adf\" data-element_type=\"widget\" data-e-type=\"widget\" data-widget_type=\"shortcode.default\">\n\t\t\t\t<div class=\"elementor-widget-container\">\n\t\t\t\t\t\t\t<div class=\"elementor-shortcode\"><ul class='filter_press_year'><li><a href='javascript:void(0)' data-year='0'>Toutes les ann\u00e9es<\/a><\/li><li><a href='javascript:void(0)' data-year='2026'>2026<\/a><\/li><li><a href='javascript:void(0)' data-year='2025'>2025<\/a><\/li><li><a href='javascript:void(0)' data-year='2024'>2024<\/a><\/li><li><a href='javascript:void(0)' data-year='2023'>2023<\/a><\/li><li><a href='javascript:void(0)' data-year='2022'>2022<\/a><\/li><\/ul><\/div>\n\t\t\t\t\t\t<\/div>\n\t\t\t\t<\/div>\n\t\t\t\t<div class=\"elementor-element elementor-element-18741f6 elementor-widget elementor-widget-html\" data-id=\"18741f6\" data-element_type=\"widget\" data-e-type=\"widget\" data-widget_type=\"html.default\">\n\t\t\t\t<div class=\"elementor-widget-container\">\n\t\t\t\t\t<div id=\"press-container\"><\/div>\t\t\t\t<\/div>\n\t\t\t\t<\/div>\n\t\t\t\t\t<\/div>\n\t\t<\/div>\n\t\t\t\t\t<\/div>\n\t\t<\/section>\n\t\t\t\t<\/div>\n\t\t","protected":false},"excerpt":{"rendered":"<p>Communiqu\u00e9s Communiqu\u00e9s<\/p>\n","protected":false},"author":1,"featured_media":0,"parent":0,"menu_order":0,"comment_status":"closed","ping_status":"closed","template":"","meta":{"_acf_changed":false,"content-type":"","inline_featured_image":false,"footnotes":""},"class_list":["post-55910","page","type-page","status-publish","hentry"],"acf":[],"aioseo_notices":[],"yoast_head":"<!-- This site is optimized with the Yoast SEO Premium plugin v27.3 (Yoast SEO v27.3) - https:\/\/yoast.com\/product\/yoast-seo-premium-wordpress\/ -->\n<title>Communiqu\u00e9s - ICAPE Group<\/title>\n<meta name=\"robots\" content=\"index, follow, max-snippet:-1, max-image-preview:large, max-video-preview:-1\" \/>\n<meta name=\"twitter:card\" content=\"summary_large_image\" \/>\n<meta name=\"twitter:title\" content=\"Communiqu\u00e9s - ICAPE Group\" \/>\n<meta name=\"twitter:description\" content=\"Communiqu\u00e9s Communiqu\u00e9s\" \/>\n<script type=\"application\/ld+json\" class=\"yoast-schema-graph\">{\"@context\":\"https:\\\/\\\/schema.org\",\"@graph\":[{\"@type\":\"WebPage\",\"@id\":\"https:\\\/\\\/www.icape-group.com\\\/fr\\\/communiques\\\/\",\"url\":\"https:\\\/\\\/www.icape-group.com\\\/fr\\\/communiques\\\/\",\"name\":\"Communiqu\u00e9s - ICAPE Group\",\"isPartOf\":{\"@id\":\"https:\\\/\\\/www.icape-group.com\\\/fr\\\/#website\"},\"datePublished\":\"2024-03-20T01:53:02+00:00\",\"dateModified\":\"2024-03-20T20:53:47+00:00\",\"breadcrumb\":{\"@id\":\"https:\\\/\\\/www.icape-group.com\\\/fr\\\/communiques\\\/#breadcrumb\"},\"inLanguage\":\"fr-FR\",\"potentialAction\":[{\"@type\":\"ReadAction\",\"target\":[\"https:\\\/\\\/www.icape-group.com\\\/fr\\\/communiques\\\/\"]}]},{\"@type\":\"BreadcrumbList\",\"@id\":\"https:\\\/\\\/www.icape-group.com\\\/fr\\\/communiques\\\/#breadcrumb\",\"itemListElement\":[{\"@type\":\"ListItem\",\"position\":1,\"name\":\"Home\",\"item\":\"https:\\\/\\\/www.icape-group.com\\\/fr\\\/\"},{\"@type\":\"ListItem\",\"position\":2,\"name\":\"Communiqu\u00e9s\"}]},{\"@type\":\"WebSite\",\"@id\":\"https:\\\/\\\/www.icape-group.com\\\/fr\\\/#website\",\"url\":\"https:\\\/\\\/www.icape-group.com\\\/fr\\\/\",\"name\":\"ICAPE Group\",\"description\":\"The power of precision\",\"publisher\":{\"@id\":\"https:\\\/\\\/www.icape-group.com\\\/fr\\\/#organization\"},\"potentialAction\":[{\"@type\":\"SearchAction\",\"target\":{\"@type\":\"EntryPoint\",\"urlTemplate\":\"https:\\\/\\\/www.icape-group.com\\\/fr\\\/?s={search_term_string}\"},\"query-input\":{\"@type\":\"PropertyValueSpecification\",\"valueRequired\":true,\"valueName\":\"search_term_string\"}}],\"inLanguage\":\"fr-FR\"},{\"@type\":\"Organization\",\"@id\":\"https:\\\/\\\/www.icape-group.com\\\/fr\\\/#organization\",\"name\":\"ICAPE Group\",\"url\":\"https:\\\/\\\/www.icape-group.com\\\/fr\\\/\",\"logo\":{\"@type\":\"ImageObject\",\"inLanguage\":\"fr-FR\",\"@id\":\"https:\\\/\\\/www.icape-group.com\\\/fr\\\/#\\\/schema\\\/logo\\\/image\\\/\",\"url\":\"\",\"contentUrl\":\"\",\"caption\":\"ICAPE Group\"},\"image\":{\"@id\":\"https:\\\/\\\/www.icape-group.com\\\/fr\\\/#\\\/schema\\\/logo\\\/image\\\/\"}}]}<\/script>\n<!-- \/ Yoast SEO Premium plugin. -->","yoast_head_json":{"title":"Communiqu\u00e9s - ICAPE Group","robots":{"index":"index","follow":"follow","max-snippet":"max-snippet:-1","max-image-preview":"max-image-preview:large","max-video-preview":"max-video-preview:-1"},"twitter_card":"summary_large_image","twitter_title":"Communiqu\u00e9s - ICAPE Group","twitter_description":"Communiqu\u00e9s Communiqu\u00e9s","schema":{"@context":"https:\/\/schema.org","@graph":[{"@type":"WebPage","@id":"https:\/\/www.icape-group.com\/fr\/communiques\/","url":"https:\/\/www.icape-group.com\/fr\/communiques\/","name":"Communiqu\u00e9s - ICAPE Group","isPartOf":{"@id":"https:\/\/www.icape-group.com\/fr\/#website"},"datePublished":"2024-03-20T01:53:02+00:00","dateModified":"2024-03-20T20:53:47+00:00","breadcrumb":{"@id":"https:\/\/www.icape-group.com\/fr\/communiques\/#breadcrumb"},"inLanguage":"fr-FR","potentialAction":[{"@type":"ReadAction","target":["https:\/\/www.icape-group.com\/fr\/communiques\/"]}]},{"@type":"BreadcrumbList","@id":"https:\/\/www.icape-group.com\/fr\/communiques\/#breadcrumb","itemListElement":[{"@type":"ListItem","position":1,"name":"Home","item":"https:\/\/www.icape-group.com\/fr\/"},{"@type":"ListItem","position":2,"name":"Communiqu\u00e9s"}]},{"@type":"WebSite","@id":"https:\/\/www.icape-group.com\/fr\/#website","url":"https:\/\/www.icape-group.com\/fr\/","name":"ICAPE Group","description":"The power of precision","publisher":{"@id":"https:\/\/www.icape-group.com\/fr\/#organization"},"potentialAction":[{"@type":"SearchAction","target":{"@type":"EntryPoint","urlTemplate":"https:\/\/www.icape-group.com\/fr\/?s={search_term_string}"},"query-input":{"@type":"PropertyValueSpecification","valueRequired":true,"valueName":"search_term_string"}}],"inLanguage":"fr-FR"},{"@type":"Organization","@id":"https:\/\/www.icape-group.com\/fr\/#organization","name":"ICAPE Group","url":"https:\/\/www.icape-group.com\/fr\/","logo":{"@type":"ImageObject","inLanguage":"fr-FR","@id":"https:\/\/www.icape-group.com\/fr\/#\/schema\/logo\/image\/","url":"","contentUrl":"","caption":"ICAPE Group"},"image":{"@id":"https:\/\/www.icape-group.com\/fr\/#\/schema\/logo\/image\/"}}]}},"_links":{"self":[{"href":"https:\/\/www.icape-group.com\/fr\/wp-json\/wp\/v2\/pages\/55910","targetHints":{"allow":["GET"]}}],"collection":[{"href":"https:\/\/www.icape-group.com\/fr\/wp-json\/wp\/v2\/pages"}],"about":[{"href":"https:\/\/www.icape-group.com\/fr\/wp-json\/wp\/v2\/types\/page"}],"author":[{"embeddable":true,"href":"https:\/\/www.icape-group.com\/fr\/wp-json\/wp\/v2\/users\/1"}],"replies":[{"embeddable":true,"href":"https:\/\/www.icape-group.com\/fr\/wp-json\/wp\/v2\/comments?post=55910"}],"version-history":[{"count":1,"href":"https:\/\/www.icape-group.com\/fr\/wp-json\/wp\/v2\/pages\/55910\/revisions"}],"predecessor-version":[{"id":55911,"href":"https:\/\/www.icape-group.com\/fr\/wp-json\/wp\/v2\/pages\/55910\/revisions\/55911"}],"wp:attachment":[{"href":"https:\/\/www.icape-group.com\/fr\/wp-json\/wp\/v2\/media?parent=55910"}],"curies":[{"name":"wp","href":"https:\/\/api.w.org\/{rel}","templated":true}]}}