{"id":31649,"date":"2023-04-19T10:43:30","date_gmt":"2023-04-19T10:43:30","guid":{"rendered":"https:\/\/www.icape-group.com\/pieces-techniques\/boutique-cipem\/"},"modified":"2023-07-03T14:39:13","modified_gmt":"2023-07-03T14:39:13","slug":"boutique-cipem","status":"publish","type":"page","link":"https:\/\/www.icape-group.com\/fr\/pieces-techniques\/boutique-cipem\/","title":{"rendered":"Boutique CIPEM"},"content":{"rendered":"\t\t<div data-elementor-type=\"wp-page\" data-elementor-id=\"31649\" class=\"elementor elementor-31649 elementor-12769\">\n\t\t\t\t\t\t<section class=\"elementor-section elementor-top-section elementor-element elementor-element-6162531 elementor-section-height-min-height hero elementor-section-items-bottom elementor-section-boxed elementor-section-height-default\" data-id=\"6162531\" data-element_type=\"section\" data-e-type=\"section\" data-settings=\"{&quot;background_background&quot;:&quot;classic&quot;}\">\n\t\t\t\t\t\t\t<div class=\"elementor-background-overlay\"><\/div>\n\t\t\t\t\t\t\t<div class=\"elementor-container elementor-column-gap-default\">\n\t\t\t\t\t<div class=\"elementor-column elementor-col-100 elementor-top-column elementor-element elementor-element-55c5e94 hero-content\" data-id=\"55c5e94\" data-element_type=\"column\" data-e-type=\"column\">\n\t\t\t<div class=\"elementor-widget-wrap elementor-element-populated\">\n\t\t\t\t\t\t<div class=\"elementor-element elementor-element-7d8a2b8 elementor-widget__width-initial elementor-widget elementor-widget-elementskit-heading\" data-id=\"7d8a2b8\" data-element_type=\"widget\" data-e-type=\"widget\" data-widget_type=\"elementskit-heading.default\">\n\t\t\t\t<div class=\"elementor-widget-container\">\n\t\t\t\t\t<div class=\"ekit-wid-con\" ><div class=\"ekit-heading elementskit-section-title-wraper text_left   ekit_heading_tablet-   ekit_heading_mobile-\"><h1 class=\"ekit-heading--title elementskit-section-title \">BOUTIQUE CIPEM <\/h1><\/div><\/div>\t\t\t\t<\/div>\n\t\t\t\t<\/div>\n\t\t\t\t<div class=\"elementor-element elementor-element-3101f14 elementor-widget elementor-widget-text-editor\" data-id=\"3101f14\" data-element_type=\"widget\" data-e-type=\"widget\" data-widget_type=\"text-editor.default\">\n\t\t\t\t<div class=\"elementor-widget-container\">\n\t\t\t\t\t\t\t\t\t<p>Nous proposons plus que des pi\u00e8ces techniques, nous fournissons des services complets, de la confiance et de l&rsquo;expertise.<\/p>\n\t\t\t\t\t\t\t\t<\/div>\n\t\t\t\t<\/div>\n\t\t\t\t\t<\/div>\n\t\t<\/div>\n\t\t\t\t\t<\/div>\n\t\t<\/section>\n\t\t\t\t<section class=\"elementor-section elementor-top-section elementor-element elementor-element-914e0bf elementor-hidden-mobile elementor-section-boxed elementor-section-height-default elementor-section-height-default\" data-id=\"914e0bf\" data-element_type=\"section\" data-e-type=\"section\">\n\t\t\t\t\t\t<div class=\"elementor-container elementor-column-gap-no\">\n\t\t\t\t\t<div class=\"elementor-column elementor-col-100 elementor-top-column elementor-element elementor-element-6c96dc6\" data-id=\"6c96dc6\" data-element_type=\"column\" data-e-type=\"column\">\n\t\t\t<div class=\"elementor-widget-wrap elementor-element-populated\">\n\t\t\t\t\t\t<div class=\"elementor-element elementor-element-48588d1 breadcrumb elementor-widget elementor-widget-shortcode\" data-id=\"48588d1\" data-element_type=\"widget\" data-e-type=\"widget\" data-widget_type=\"shortcode.default\">\n\t\t\t\t<div class=\"elementor-widget-container\">\n\t\t\t\t\t\t\t<div class=\"elementor-shortcode\"><span><span><a href=\"https:\/\/www.icape-group.com\/fr\/\">Home<\/a><\/span><\/span><\/div>\n\t\t\t\t\t\t<\/div>\n\t\t\t\t<\/div>\n\t\t\t\t\t<\/div>\n\t\t<\/div>\n\t\t\t\t\t<\/div>\n\t\t<\/section>\n\t\t\t\t<section class=\"elementor-section elementor-top-section elementor-element elementor-element-ca554f0 elementor-section-boxed elementor-section-height-default elementor-section-height-default\" data-id=\"ca554f0\" data-element_type=\"section\" data-e-type=\"section\">\n\t\t\t\t\t\t<div class=\"elementor-container elementor-column-gap-no\">\n\t\t\t\t\t<div class=\"elementor-column elementor-col-100 elementor-top-column elementor-element elementor-element-342e8af\" data-id=\"342e8af\" data-element_type=\"column\" data-e-type=\"column\">\n\t\t\t<div class=\"elementor-widget-wrap elementor-element-populated\">\n\t\t\t\t\t\t<div class=\"elementor-element elementor-element-6337707 elementor-widget elementor-widget-text-editor\" data-id=\"6337707\" data-element_type=\"widget\" data-e-type=\"widget\" data-widget_type=\"text-editor.default\">\n\t\t\t\t<div class=\"elementor-widget-container\">\n\t\t\t\t\t\t\t\t\t<h4>La boutique de CIPEM est actuellement hors service,<\/h4>\n<h4>mais vous pourrez trouver votre contact CIPEM local ici&nbsp;:<\/h4>\n\t\t\t\t\t\t\t\t<\/div>\n\t\t\t\t<\/div>\n\t\t\t\t<div class=\"elementor-element elementor-element-5e8edf1 elementor-widget-mobile__width-inherit style1 elementor-align-center elementor-widget elementor-widget-elementskit-button\" data-id=\"5e8edf1\" data-element_type=\"widget\" data-e-type=\"widget\" data-widget_type=\"elementskit-button.default\">\n\t\t\t\t<div class=\"elementor-widget-container\">\n\t\t\t\t\t<div class=\"ekit-wid-con\" >\t\t<div class=\"ekit-btn-wraper\">\n\t\t\t\t\t\t\t<a href=\"https:\/\/www.icape-group.com\/#find-your-local-expert\" class=\"elementskit-btn  whitespace--normal\" id=\"\">\n\t\t\t\t\tD\u00e9couvrir<svg xmlns=\"http:\/\/www.w3.org\/2000\/svg\" xmlns:xlink=\"http:\/\/www.w3.org\/1999\/xlink\" id=\"Layer_1\" x=\"0px\" y=\"0px\" width=\"32px\" height=\"32px\" viewBox=\"0 0 32 32\" xml:space=\"preserve\"><path d=\"M22.4,14H1.9C1.4,14,1,14.4,1,14.9l0,2.4c0,0.5,0.4,0.9,0.9,0.9h20.5v4.3c0,1.6,0.3,2.5,1.4,1.3l6.6-6.6  c0.7-0.7,0.7-1.9,0-2.6l-6.6-6.6c-1.2-1.2-1.4-0.3-1.4,1.3V14z\"><\/path><\/svg>\t\t\t\t<\/a>\n\t\t\t\t\t<\/div>\n        <\/div>\t\t\t\t<\/div>\n\t\t\t\t<\/div>\n\t\t\t\t\t<\/div>\n\t\t<\/div>\n\t\t\t\t\t<\/div>\n\t\t<\/section>\n\t\t\t\t<\/div>\n\t\t","protected":false},"excerpt":{"rendered":"<p>BOUTIQUE CIPEM Nous proposons plus que des pi\u00e8ces techniques, nous fournissons des services complets, de la confiance et de l&rsquo;expertise. La boutique de CIPEM est actuellement hors service, mais vous pourrez trouver votre contact CIPEM local ici&nbsp;: D\u00e9couvrir<\/p>\n","protected":false},"author":3,"featured_media":0,"parent":29796,"menu_order":0,"comment_status":"closed","ping_status":"closed","template":"","meta":{"_acf_changed":false,"content-type":"","inline_featured_image":false,"footnotes":""},"class_list":["post-31649","page","type-page","status-publish","hentry"],"acf":[],"aioseo_notices":[],"yoast_head":"<!-- This site is optimized with the Yoast SEO Premium plugin v27.4 (Yoast SEO v27.5) - https:\/\/yoast.com\/product\/yoast-seo-premium-wordpress\/ -->\n<title>Boutique CIPEM | ICAPE Group<\/title>\n<meta name=\"description\" content=\"Les circuits imprim\u00e9s standard double face et multicouches sont principalement produits \u00e0 partir de mat\u00e9riau FR4. Il s&#039;agit d&#039;un mat\u00e9riau renforc\u00e9 de verre tiss\u00e9 et recouvert de cuivre, avec une r\u00e9sine \u00e0 base d&#039;\u00e9poxy.\" \/>\n<meta name=\"robots\" content=\"index, follow, max-snippet:-1, max-image-preview:large, max-video-preview:-1\" \/>\n<meta name=\"twitter:card\" content=\"summary_large_image\" \/>\n<meta name=\"twitter:title\" content=\"Boutique CIPEM | ICAPE Group\" \/>\n<meta name=\"twitter:description\" content=\"Les circuits imprim\u00e9s standard double face et multicouches sont principalement produits \u00e0 partir de mat\u00e9riau FR4. Il s&#039;agit d&#039;un mat\u00e9riau renforc\u00e9 de verre tiss\u00e9 et recouvert de cuivre, avec une r\u00e9sine \u00e0 base d&#039;\u00e9poxy.\" \/>\n<script type=\"application\/ld+json\" class=\"yoast-schema-graph\">{\"@context\":\"https:\\\/\\\/schema.org\",\"@graph\":[{\"@type\":\"WebPage\",\"@id\":\"https:\\\/\\\/www.icape-group.com\\\/fr\\\/pieces-techniques\\\/boutique-cipem\\\/\",\"url\":\"https:\\\/\\\/www.icape-group.com\\\/fr\\\/pieces-techniques\\\/boutique-cipem\\\/\",\"name\":\"Boutique CIPEM | ICAPE Group\",\"isPartOf\":{\"@id\":\"https:\\\/\\\/www.icape-group.com\\\/fr\\\/#website\"},\"datePublished\":\"2023-04-19T10:43:30+00:00\",\"dateModified\":\"2023-07-03T14:39:13+00:00\",\"description\":\"Les circuits imprim\u00e9s standard double face et multicouches sont principalement produits \u00e0 partir de mat\u00e9riau FR4. Il s'agit d'un mat\u00e9riau renforc\u00e9 de verre tiss\u00e9 et recouvert de cuivre, avec une r\u00e9sine \u00e0 base d'\u00e9poxy.\",\"breadcrumb\":{\"@id\":\"https:\\\/\\\/www.icape-group.com\\\/fr\\\/pieces-techniques\\\/boutique-cipem\\\/#breadcrumb\"},\"inLanguage\":\"fr-FR\",\"potentialAction\":[{\"@type\":\"ReadAction\",\"target\":[\"https:\\\/\\\/www.icape-group.com\\\/fr\\\/pieces-techniques\\\/boutique-cipem\\\/\"]}]},{\"@type\":\"BreadcrumbList\",\"@id\":\"https:\\\/\\\/www.icape-group.com\\\/fr\\\/pieces-techniques\\\/boutique-cipem\\\/#breadcrumb\",\"itemListElement\":[{\"@type\":\"ListItem\",\"position\":1,\"name\":\"Home\",\"item\":\"https:\\\/\\\/www.icape-group.com\\\/fr\\\/\"},{\"@type\":\"ListItem\",\"position\":2,\"name\":\"Pi\u00e8ces techniques\",\"item\":\"https:\\\/\\\/www.icape-group.com\\\/fr\\\/technical-parts\\\/\"},{\"@type\":\"ListItem\",\"position\":3,\"name\":\"Boutique CIPEM\"}]},{\"@type\":\"WebSite\",\"@id\":\"https:\\\/\\\/www.icape-group.com\\\/fr\\\/#website\",\"url\":\"https:\\\/\\\/www.icape-group.com\\\/fr\\\/\",\"name\":\"ICAPE Group\",\"description\":\"The power of precision\",\"publisher\":{\"@id\":\"https:\\\/\\\/www.icape-group.com\\\/fr\\\/#organization\"},\"potentialAction\":[{\"@type\":\"SearchAction\",\"target\":{\"@type\":\"EntryPoint\",\"urlTemplate\":\"https:\\\/\\\/www.icape-group.com\\\/fr\\\/?s={search_term_string}\"},\"query-input\":{\"@type\":\"PropertyValueSpecification\",\"valueRequired\":true,\"valueName\":\"search_term_string\"}}],\"inLanguage\":\"fr-FR\"},{\"@type\":\"Organization\",\"@id\":\"https:\\\/\\\/www.icape-group.com\\\/fr\\\/#organization\",\"name\":\"ICAPE Group\",\"url\":\"https:\\\/\\\/www.icape-group.com\\\/fr\\\/\",\"logo\":{\"@type\":\"ImageObject\",\"inLanguage\":\"fr-FR\",\"@id\":\"https:\\\/\\\/www.icape-group.com\\\/fr\\\/#\\\/schema\\\/logo\\\/image\\\/\",\"url\":\"\",\"contentUrl\":\"\",\"caption\":\"ICAPE Group\"},\"image\":{\"@id\":\"https:\\\/\\\/www.icape-group.com\\\/fr\\\/#\\\/schema\\\/logo\\\/image\\\/\"}}]}<\/script>\n<!-- \/ Yoast SEO Premium plugin. -->","yoast_head_json":{"title":"Boutique CIPEM | ICAPE Group","description":"Les circuits imprim\u00e9s standard double face et multicouches sont principalement produits \u00e0 partir de mat\u00e9riau FR4. Il s'agit d'un mat\u00e9riau renforc\u00e9 de verre tiss\u00e9 et recouvert de cuivre, avec une r\u00e9sine \u00e0 base d'\u00e9poxy.","robots":{"index":"index","follow":"follow","max-snippet":"max-snippet:-1","max-image-preview":"max-image-preview:large","max-video-preview":"max-video-preview:-1"},"twitter_card":"summary_large_image","twitter_title":"Boutique CIPEM | ICAPE Group","twitter_description":"Les circuits imprim\u00e9s standard double face et multicouches sont principalement produits \u00e0 partir de mat\u00e9riau FR4. Il s'agit d'un mat\u00e9riau renforc\u00e9 de verre tiss\u00e9 et recouvert de cuivre, avec une r\u00e9sine \u00e0 base d'\u00e9poxy.","schema":{"@context":"https:\/\/schema.org","@graph":[{"@type":"WebPage","@id":"https:\/\/www.icape-group.com\/fr\/pieces-techniques\/boutique-cipem\/","url":"https:\/\/www.icape-group.com\/fr\/pieces-techniques\/boutique-cipem\/","name":"Boutique CIPEM | ICAPE Group","isPartOf":{"@id":"https:\/\/www.icape-group.com\/fr\/#website"},"datePublished":"2023-04-19T10:43:30+00:00","dateModified":"2023-07-03T14:39:13+00:00","description":"Les circuits imprim\u00e9s standard double face et multicouches sont principalement produits \u00e0 partir de mat\u00e9riau FR4. Il s'agit d'un mat\u00e9riau renforc\u00e9 de verre tiss\u00e9 et recouvert de cuivre, avec une r\u00e9sine \u00e0 base d'\u00e9poxy.","breadcrumb":{"@id":"https:\/\/www.icape-group.com\/fr\/pieces-techniques\/boutique-cipem\/#breadcrumb"},"inLanguage":"fr-FR","potentialAction":[{"@type":"ReadAction","target":["https:\/\/www.icape-group.com\/fr\/pieces-techniques\/boutique-cipem\/"]}]},{"@type":"BreadcrumbList","@id":"https:\/\/www.icape-group.com\/fr\/pieces-techniques\/boutique-cipem\/#breadcrumb","itemListElement":[{"@type":"ListItem","position":1,"name":"Home","item":"https:\/\/www.icape-group.com\/fr\/"},{"@type":"ListItem","position":2,"name":"Pi\u00e8ces techniques","item":"https:\/\/www.icape-group.com\/fr\/technical-parts\/"},{"@type":"ListItem","position":3,"name":"Boutique CIPEM"}]},{"@type":"WebSite","@id":"https:\/\/www.icape-group.com\/fr\/#website","url":"https:\/\/www.icape-group.com\/fr\/","name":"ICAPE Group","description":"The power of precision","publisher":{"@id":"https:\/\/www.icape-group.com\/fr\/#organization"},"potentialAction":[{"@type":"SearchAction","target":{"@type":"EntryPoint","urlTemplate":"https:\/\/www.icape-group.com\/fr\/?s={search_term_string}"},"query-input":{"@type":"PropertyValueSpecification","valueRequired":true,"valueName":"search_term_string"}}],"inLanguage":"fr-FR"},{"@type":"Organization","@id":"https:\/\/www.icape-group.com\/fr\/#organization","name":"ICAPE Group","url":"https:\/\/www.icape-group.com\/fr\/","logo":{"@type":"ImageObject","inLanguage":"fr-FR","@id":"https:\/\/www.icape-group.com\/fr\/#\/schema\/logo\/image\/","url":"","contentUrl":"","caption":"ICAPE Group"},"image":{"@id":"https:\/\/www.icape-group.com\/fr\/#\/schema\/logo\/image\/"}}]}},"_links":{"self":[{"href":"https:\/\/www.icape-group.com\/fr\/wp-json\/wp\/v2\/pages\/31649","targetHints":{"allow":["GET"]}}],"collection":[{"href":"https:\/\/www.icape-group.com\/fr\/wp-json\/wp\/v2\/pages"}],"about":[{"href":"https:\/\/www.icape-group.com\/fr\/wp-json\/wp\/v2\/types\/page"}],"author":[{"embeddable":true,"href":"https:\/\/www.icape-group.com\/fr\/wp-json\/wp\/v2\/users\/3"}],"replies":[{"embeddable":true,"href":"https:\/\/www.icape-group.com\/fr\/wp-json\/wp\/v2\/comments?post=31649"}],"version-history":[{"count":0,"href":"https:\/\/www.icape-group.com\/fr\/wp-json\/wp\/v2\/pages\/31649\/revisions"}],"up":[{"embeddable":true,"href":"https:\/\/www.icape-group.com\/fr\/wp-json\/wp\/v2\/pages\/29796"}],"wp:attachment":[{"href":"https:\/\/www.icape-group.com\/fr\/wp-json\/wp\/v2\/media?parent=31649"}],"curies":[{"name":"wp","href":"https:\/\/api.w.org\/{rel}","templated":true}]}}