{"id":28620,"date":"2023-02-20T03:36:22","date_gmt":"2023-02-20T03:36:22","guid":{"rendered":"https:\/\/www.icape-group.com\/webinaire\/"},"modified":"2026-02-04T15:03:00","modified_gmt":"2026-02-04T15:03:00","slug":"webinaire","status":"publish","type":"page","link":"https:\/\/www.icape-group.com\/fr\/webinaire\/","title":{"rendered":"Webinaire"},"content":{"rendered":"\t\t<div data-elementor-type=\"wp-page\" data-elementor-id=\"28620\" class=\"elementor elementor-28620 elementor-2674\" data-elementor-post-type=\"page\">\n\t\t\t\t\t\t<section class=\"elementor-section elementor-top-section elementor-element elementor-element-9085b64 elementor-section-height-min-height hero elementor-section-items-bottom elementor-section-boxed elementor-section-height-default\" data-id=\"9085b64\" data-element_type=\"section\" data-e-type=\"section\" data-settings=\"{&quot;background_background&quot;:&quot;classic&quot;}\">\n\t\t\t\t\t\t\t<div class=\"elementor-background-overlay\"><\/div>\n\t\t\t\t\t\t\t<div class=\"elementor-container elementor-column-gap-default\">\n\t\t\t\t\t<div class=\"elementor-column elementor-col-100 elementor-top-column elementor-element elementor-element-1dcc4d4 hero-content\" data-id=\"1dcc4d4\" data-element_type=\"column\" data-e-type=\"column\">\n\t\t\t<div class=\"elementor-widget-wrap elementor-element-populated\">\n\t\t\t\t\t\t<div class=\"elementor-element elementor-element-a9b2b61 elementor-widget elementor-widget-elementskit-heading\" data-id=\"a9b2b61\" data-element_type=\"widget\" data-e-type=\"widget\" data-widget_type=\"elementskit-heading.default\">\n\t\t\t\t<div class=\"elementor-widget-container\">\n\t\t\t\t\t<div class=\"ekit-wid-con\" ><div class=\"ekit-heading elementskit-section-title-wraper text_left   ekit_heading_tablet-   ekit_heading_mobile-\"><h1 class=\"ekit-heading--title elementskit-section-title \">Webinaire ICAPE Group -<span> Nos formations en ligne sur le circuit imprim\u00e9 et les pi\u00e8ces techniques<\/h1><\/div><\/div>\t\t\t\t<\/div>\n\t\t\t\t<\/div>\n\t\t\t\t<div class=\"elementor-element elementor-element-fdcef79 elementor-widget__width-initial elementor-widget elementor-widget-text-editor\" data-id=\"fdcef79\" data-element_type=\"widget\" data-e-type=\"widget\" data-widget_type=\"text-editor.default\">\n\t\t\t\t<div class=\"elementor-widget-container\">\n\t\t\t\t\t\t\t\t\t<p>Nous avons \u00e9tudi\u00e9 et structur\u00e9 les besoins actuels du march\u00e9 en mati\u00e8re de formation technique et g\u00e9n\u00e9rale dans le domaine des PCB et des pi\u00e8ces techniques. Gr\u00e2ce \u00e0 la collaboration \u00e9troite avec nos ing\u00e9nieurs, v\u00e9ritables experts dans ces domaines, nous avons identifi\u00e9 et d\u00e9velopp\u00e9 les th\u00e9matiques cl\u00e9s qui r\u00e9pondent \u00e0 vos attentes. Ces th\u00e9matiques, soigneusement s\u00e9lectionn\u00e9es, seront abord\u00e9es au cours de nos webinaires interactifs, con\u00e7us pour enrichir vos connaissances et soutenir vos projets techniques.<\/p>\t\t\t\t\t\t\t\t<\/div>\n\t\t\t\t<\/div>\n\t\t\t\t\t<\/div>\n\t\t<\/div>\n\t\t\t\t\t<\/div>\n\t\t<\/section>\n\t\t\t\t<section class=\"elementor-section elementor-top-section elementor-element elementor-element-932f130 elementor-hidden-mobile elementor-section-boxed elementor-section-height-default elementor-section-height-default\" data-id=\"932f130\" data-element_type=\"section\" data-e-type=\"section\">\n\t\t\t\t\t\t<div class=\"elementor-container elementor-column-gap-no\">\n\t\t\t\t\t<div class=\"elementor-column elementor-col-100 elementor-top-column elementor-element elementor-element-2030a0c\" data-id=\"2030a0c\" data-element_type=\"column\" data-e-type=\"column\">\n\t\t\t<div class=\"elementor-widget-wrap elementor-element-populated\">\n\t\t\t\t\t\t<div class=\"elementor-element elementor-element-040ba59 breadcrumb elementor-widget elementor-widget-shortcode\" data-id=\"040ba59\" data-element_type=\"widget\" data-e-type=\"widget\" data-widget_type=\"shortcode.default\">\n\t\t\t\t<div class=\"elementor-widget-container\">\n\t\t\t\t\t\t\t<div class=\"elementor-shortcode\"><span><span><a href=\"https:\/\/www.icape-group.com\/fr\/\">Home<\/a><\/span><\/span><\/div>\n\t\t\t\t\t\t<\/div>\n\t\t\t\t<\/div>\n\t\t\t\t\t<\/div>\n\t\t<\/div>\n\t\t\t\t\t<\/div>\n\t\t<\/section>\n\t\t\t\t<section class=\"elementor-section elementor-top-section elementor-element elementor-element-7795dbd elementor-section-boxed elementor-section-height-default elementor-section-height-default\" data-id=\"7795dbd\" data-element_type=\"section\" data-e-type=\"section\">\n\t\t\t\t\t\t<div class=\"elementor-container elementor-column-gap-default\">\n\t\t\t\t\t<div class=\"elementor-column elementor-col-100 elementor-top-column elementor-element elementor-element-3229885\" data-id=\"3229885\" data-element_type=\"column\" data-e-type=\"column\">\n\t\t\t<div class=\"elementor-widget-wrap elementor-element-populated\">\n\t\t\t\t\t\t<div class=\"elementor-element elementor-element-2cafc8d elementor-widget elementor-widget-text-editor\" data-id=\"2cafc8d\" data-element_type=\"widget\" data-e-type=\"widget\" data-widget_type=\"text-editor.default\">\n\t\t\t\t<div class=\"elementor-widget-container\">\n\t\t\t\t\t\t\t\t\t<p>Choisissez l\u2019horaire de sessions qui vous convient le mieux pour chaque \u00e9v\u00e8nement :<\/p>\t\t\t\t\t\t\t\t<\/div>\n\t\t\t\t<\/div>\n\t\t\t\t<div class=\"elementor-element elementor-element-fdffa45 elementor-widget elementor-widget-html\" data-id=\"fdffa45\" data-element_type=\"widget\" data-e-type=\"widget\" data-widget_type=\"html.default\">\n\t\t\t\t<div class=\"elementor-widget-container\">\n\t\t\t\t\t<iframe width=\"100%\" height=\"600\" frameborder=\"0\" data-src=\"https:\/\/app.livestorm.co\/icape-group\/upcoming?limit=80\" title=\"ICAPE Group events | Livestorm\" src=\"data:image\/svg+xml;base64,PHN2ZyB3aWR0aD0iMSIgaGVpZ2h0PSIxIiB4bWxucz0iaHR0cDovL3d3dy53My5vcmcvMjAwMC9zdmciPjwvc3ZnPg==\" class=\"lazyload\" data-load-mode=\"1\"><\/iframe>\n\t\t\t\t<\/div>\n\t\t\t\t<\/div>\n\t\t\t\t<div class=\"elementor-element elementor-element-b4ea9f5 elementor-widget elementor-widget-spacer\" data-id=\"b4ea9f5\" data-element_type=\"widget\" data-e-type=\"widget\" data-widget_type=\"spacer.default\">\n\t\t\t\t<div class=\"elementor-widget-container\">\n\t\t\t\t\t\t\t<div class=\"elementor-spacer\">\n\t\t\t<div class=\"elementor-spacer-inner\"><\/div>\n\t\t<\/div>\n\t\t\t\t\t\t<\/div>\n\t\t\t\t<\/div>\n\t\t\t\t<div class=\"elementor-element elementor-element-199cf57 elementor-widget elementor-widget-text-editor\" data-id=\"199cf57\" data-element_type=\"widget\" data-e-type=\"widget\" data-widget_type=\"text-editor.default\">\n\t\t\t\t<div class=\"elementor-widget-container\">\n\t\t\t\t\t\t\t\t\t<p>D\u00e9couvrez nos webinaires \u00e0 la demande, disponibles \u00e0 tout moment&nbsp;!<\/p>\t\t\t\t\t\t\t\t<\/div>\n\t\t\t\t<\/div>\n\t\t\t\t<div class=\"elementor-element elementor-element-8dfb44d elementor-widget elementor-widget-html\" data-id=\"8dfb44d\" data-element_type=\"widget\" data-e-type=\"widget\" data-widget_type=\"html.default\">\n\t\t\t\t<div class=\"elementor-widget-container\">\n\t\t\t\t\t<iframe width=\"100%\" height=\"400\" frameborder=\"0\" src=https:\/\/app.livestorm.co\/icape-group\/on_demand title=\"ICAPE Group events | Livestorm\"><\/iframe>\n\n\t\t\t\t<\/div>\n\t\t\t\t<\/div>\n\t\t\t\t\t<\/div>\n\t\t<\/div>\n\t\t\t\t\t<\/div>\n\t\t<\/section>\n\t\t\t\t<section class=\"elementor-section elementor-top-section elementor-element elementor-element-8bb3f3f elementor-section-boxed elementor-section-height-default elementor-section-height-default\" data-id=\"8bb3f3f\" data-element_type=\"section\" data-e-type=\"section\" data-settings=\"{&quot;background_background&quot;:&quot;gradient&quot;}\">\n\t\t\t\t\t\t<div class=\"elementor-container elementor-column-gap-no\">\n\t\t\t\t\t<div class=\"elementor-column elementor-col-100 elementor-top-column elementor-element elementor-element-5ac7495\" data-id=\"5ac7495\" data-element_type=\"column\" data-e-type=\"column\">\n\t\t\t<div class=\"elementor-widget-wrap\">\n\t\t\t\t\t\t\t<\/div>\n\t\t<\/div>\n\t\t\t\t\t<\/div>\n\t\t<\/section>\n\t\t\t\t<\/div>\n\t\t","protected":false},"excerpt":{"rendered":"<p>Webinaire ICAPE Group &#8211; Nos formations en ligne sur le circuit imprim\u00e9 et les pi\u00e8ces techniques Nous avons \u00e9tudi\u00e9 et structur\u00e9 les besoins actuels du march\u00e9 en mati\u00e8re de formation technique et g\u00e9n\u00e9rale dans le domaine des PCB et des pi\u00e8ces techniques. Gr\u00e2ce \u00e0 la collaboration \u00e9troite avec nos ing\u00e9nieurs, v\u00e9ritables experts dans ces domaines, [&hellip;]<\/p>\n","protected":false},"author":1,"featured_media":0,"parent":0,"menu_order":0,"comment_status":"closed","ping_status":"closed","template":"","meta":{"_acf_changed":false,"content-type":"","inline_featured_image":false,"footnotes":""},"class_list":["post-28620","page","type-page","status-publish","hentry"],"acf":[],"aioseo_notices":[],"yoast_head":"<!-- This site is optimized with the Yoast SEO Premium plugin v27.3 (Yoast SEO v27.4) - https:\/\/yoast.com\/product\/yoast-seo-premium-wordpress\/ -->\n<title>Webinaire - ICAPE Group<\/title>\n<meta name=\"robots\" content=\"index, follow, max-snippet:-1, max-image-preview:large, max-video-preview:-1\" \/>\n<meta name=\"twitter:card\" content=\"summary_large_image\" \/>\n<meta name=\"twitter:title\" content=\"Webinaire - ICAPE Group\" \/>\n<meta name=\"twitter:description\" content=\"Webinaire ICAPE Group &#8211; Nos formations en ligne sur le circuit imprim\u00e9 et les pi\u00e8ces techniques Nous avons \u00e9tudi\u00e9 et structur\u00e9 les besoins actuels du march\u00e9 en mati\u00e8re de formation technique et g\u00e9n\u00e9rale dans le domaine des PCB et des pi\u00e8ces techniques. Gr\u00e2ce \u00e0 la collaboration \u00e9troite avec nos ing\u00e9nieurs, v\u00e9ritables experts dans ces domaines, [&hellip;]\" \/>\n<meta name=\"twitter:label1\" content=\"Dur\u00e9e de lecture estim\u00e9e\" \/>\n\t<meta name=\"twitter:data1\" content=\"1 minute\" \/>\n<script type=\"application\/ld+json\" class=\"yoast-schema-graph\">{\"@context\":\"https:\\\/\\\/schema.org\",\"@graph\":[{\"@type\":\"WebPage\",\"@id\":\"https:\\\/\\\/www.icape-group.com\\\/fr\\\/webinaire\\\/\",\"url\":\"https:\\\/\\\/www.icape-group.com\\\/fr\\\/webinaire\\\/\",\"name\":\"Webinaire - ICAPE Group\",\"isPartOf\":{\"@id\":\"https:\\\/\\\/www.icape-group.com\\\/fr\\\/#website\"},\"datePublished\":\"2023-02-20T03:36:22+00:00\",\"dateModified\":\"2026-02-04T15:03:00+00:00\",\"breadcrumb\":{\"@id\":\"https:\\\/\\\/www.icape-group.com\\\/fr\\\/webinaire\\\/#breadcrumb\"},\"inLanguage\":\"fr-FR\",\"potentialAction\":[{\"@type\":\"ReadAction\",\"target\":[\"https:\\\/\\\/www.icape-group.com\\\/fr\\\/webinaire\\\/\"]}]},{\"@type\":\"BreadcrumbList\",\"@id\":\"https:\\\/\\\/www.icape-group.com\\\/fr\\\/webinaire\\\/#breadcrumb\",\"itemListElement\":[{\"@type\":\"ListItem\",\"position\":1,\"name\":\"Home\",\"item\":\"https:\\\/\\\/www.icape-group.com\\\/fr\\\/\"},{\"@type\":\"ListItem\",\"position\":2,\"name\":\"Webinaire\"}]},{\"@type\":\"WebSite\",\"@id\":\"https:\\\/\\\/www.icape-group.com\\\/fr\\\/#website\",\"url\":\"https:\\\/\\\/www.icape-group.com\\\/fr\\\/\",\"name\":\"ICAPE Group\",\"description\":\"The power of precision\",\"publisher\":{\"@id\":\"https:\\\/\\\/www.icape-group.com\\\/fr\\\/#organization\"},\"potentialAction\":[{\"@type\":\"SearchAction\",\"target\":{\"@type\":\"EntryPoint\",\"urlTemplate\":\"https:\\\/\\\/www.icape-group.com\\\/fr\\\/?s={search_term_string}\"},\"query-input\":{\"@type\":\"PropertyValueSpecification\",\"valueRequired\":true,\"valueName\":\"search_term_string\"}}],\"inLanguage\":\"fr-FR\"},{\"@type\":\"Organization\",\"@id\":\"https:\\\/\\\/www.icape-group.com\\\/fr\\\/#organization\",\"name\":\"ICAPE Group\",\"url\":\"https:\\\/\\\/www.icape-group.com\\\/fr\\\/\",\"logo\":{\"@type\":\"ImageObject\",\"inLanguage\":\"fr-FR\",\"@id\":\"https:\\\/\\\/www.icape-group.com\\\/fr\\\/#\\\/schema\\\/logo\\\/image\\\/\",\"url\":\"\",\"contentUrl\":\"\",\"caption\":\"ICAPE Group\"},\"image\":{\"@id\":\"https:\\\/\\\/www.icape-group.com\\\/fr\\\/#\\\/schema\\\/logo\\\/image\\\/\"}}]}<\/script>\n<!-- \/ Yoast SEO Premium plugin. -->","yoast_head_json":{"title":"Webinaire - ICAPE Group","robots":{"index":"index","follow":"follow","max-snippet":"max-snippet:-1","max-image-preview":"max-image-preview:large","max-video-preview":"max-video-preview:-1"},"twitter_card":"summary_large_image","twitter_title":"Webinaire - ICAPE Group","twitter_description":"Webinaire ICAPE Group &#8211; Nos formations en ligne sur le circuit imprim\u00e9 et les pi\u00e8ces techniques Nous avons \u00e9tudi\u00e9 et structur\u00e9 les besoins actuels du march\u00e9 en mati\u00e8re de formation technique et g\u00e9n\u00e9rale dans le domaine des PCB et des pi\u00e8ces techniques. Gr\u00e2ce \u00e0 la collaboration \u00e9troite avec nos ing\u00e9nieurs, v\u00e9ritables experts dans ces domaines, [&hellip;]","twitter_misc":{"Dur\u00e9e de lecture estim\u00e9e":"1 minute"},"schema":{"@context":"https:\/\/schema.org","@graph":[{"@type":"WebPage","@id":"https:\/\/www.icape-group.com\/fr\/webinaire\/","url":"https:\/\/www.icape-group.com\/fr\/webinaire\/","name":"Webinaire - ICAPE Group","isPartOf":{"@id":"https:\/\/www.icape-group.com\/fr\/#website"},"datePublished":"2023-02-20T03:36:22+00:00","dateModified":"2026-02-04T15:03:00+00:00","breadcrumb":{"@id":"https:\/\/www.icape-group.com\/fr\/webinaire\/#breadcrumb"},"inLanguage":"fr-FR","potentialAction":[{"@type":"ReadAction","target":["https:\/\/www.icape-group.com\/fr\/webinaire\/"]}]},{"@type":"BreadcrumbList","@id":"https:\/\/www.icape-group.com\/fr\/webinaire\/#breadcrumb","itemListElement":[{"@type":"ListItem","position":1,"name":"Home","item":"https:\/\/www.icape-group.com\/fr\/"},{"@type":"ListItem","position":2,"name":"Webinaire"}]},{"@type":"WebSite","@id":"https:\/\/www.icape-group.com\/fr\/#website","url":"https:\/\/www.icape-group.com\/fr\/","name":"ICAPE Group","description":"The power of precision","publisher":{"@id":"https:\/\/www.icape-group.com\/fr\/#organization"},"potentialAction":[{"@type":"SearchAction","target":{"@type":"EntryPoint","urlTemplate":"https:\/\/www.icape-group.com\/fr\/?s={search_term_string}"},"query-input":{"@type":"PropertyValueSpecification","valueRequired":true,"valueName":"search_term_string"}}],"inLanguage":"fr-FR"},{"@type":"Organization","@id":"https:\/\/www.icape-group.com\/fr\/#organization","name":"ICAPE Group","url":"https:\/\/www.icape-group.com\/fr\/","logo":{"@type":"ImageObject","inLanguage":"fr-FR","@id":"https:\/\/www.icape-group.com\/fr\/#\/schema\/logo\/image\/","url":"","contentUrl":"","caption":"ICAPE Group"},"image":{"@id":"https:\/\/www.icape-group.com\/fr\/#\/schema\/logo\/image\/"}}]}},"_links":{"self":[{"href":"https:\/\/www.icape-group.com\/fr\/wp-json\/wp\/v2\/pages\/28620","targetHints":{"allow":["GET"]}}],"collection":[{"href":"https:\/\/www.icape-group.com\/fr\/wp-json\/wp\/v2\/pages"}],"about":[{"href":"https:\/\/www.icape-group.com\/fr\/wp-json\/wp\/v2\/types\/page"}],"author":[{"embeddable":true,"href":"https:\/\/www.icape-group.com\/fr\/wp-json\/wp\/v2\/users\/1"}],"replies":[{"embeddable":true,"href":"https:\/\/www.icape-group.com\/fr\/wp-json\/wp\/v2\/comments?post=28620"}],"version-history":[{"count":39,"href":"https:\/\/www.icape-group.com\/fr\/wp-json\/wp\/v2\/pages\/28620\/revisions"}],"predecessor-version":[{"id":362403,"href":"https:\/\/www.icape-group.com\/fr\/wp-json\/wp\/v2\/pages\/28620\/revisions\/362403"}],"wp:attachment":[{"href":"https:\/\/www.icape-group.com\/fr\/wp-json\/wp\/v2\/media?parent=28620"}],"curies":[{"name":"wp","href":"https:\/\/api.w.org\/{rel}","templated":true}]}}