{"id":141985,"date":"2025-03-18T19:18:03","date_gmt":"2025-03-18T19:18:03","guid":{"rendered":"https:\/\/www.icape-group.com\/cumplimiento\/"},"modified":"2025-03-25T15:11:45","modified_gmt":"2025-03-25T15:11:45","slug":"cumplimiento","status":"publish","type":"page","link":"https:\/\/www.icape-group.com\/es\/cumplimiento\/","title":{"rendered":"cumplimiento"},"content":{"rendered":"\t\t<div data-elementor-type=\"wp-page\" data-elementor-id=\"141985\" class=\"elementor elementor-141985 elementor-137981\">\n\t\t\t\t\t\t<section class=\"elementor-section elementor-top-section elementor-element elementor-element-6162531 elementor-section-height-min-height elementor-section-items-bottom elementor-section-boxed elementor-section-height-default\" data-id=\"6162531\" data-element_type=\"section\" data-e-type=\"section\" data-settings=\"{&quot;background_background&quot;:&quot;classic&quot;}\">\n\t\t\t\t\t\t\t<div class=\"elementor-background-overlay\"><\/div>\n\t\t\t\t\t\t\t<div class=\"elementor-container elementor-column-gap-default\">\n\t\t\t\t\t<div class=\"elementor-column elementor-col-100 elementor-top-column elementor-element elementor-element-55c5e94 hero-content\" data-id=\"55c5e94\" data-element_type=\"column\" data-e-type=\"column\">\n\t\t\t<div class=\"elementor-widget-wrap elementor-element-populated\">\n\t\t\t\t\t\t<div class=\"elementor-element elementor-element-7d8a2b8 elementor-widget__width-initial elementor-widget-mobile__width-initial elementor-widget elementor-widget-elementskit-heading\" data-id=\"7d8a2b8\" data-element_type=\"widget\" data-e-type=\"widget\" data-widget_type=\"elementskit-heading.default\">\n\t\t\t\t<div class=\"elementor-widget-container\">\n\t\t\t\t\t<div class=\"ekit-wid-con\" ><div class=\"ekit-heading elementskit-section-title-wraper text_left   ekit_heading_tablet-   ekit_heading_mobile-\"><h1 class=\"ekit-heading--title elementskit-section-title \">Garantizar el cumplimiento de <span><span>Sustainable Sourcing and Manufacturing<\/h1><\/div><\/div>\t\t\t\t<\/div>\n\t\t\t\t<\/div>\n\t\t\t\t<div class=\"elementor-element elementor-element-3101f14 elementor-widget elementor-widget-text-editor\" data-id=\"3101f14\" data-element_type=\"widget\" data-e-type=\"widget\" data-widget_type=\"text-editor.default\">\n\t\t\t\t<div class=\"elementor-widget-container\">\n\t\t\t\t\t\t\t\t\t<p>En el Grupo ICAPE, la sostenibilidad y el cumplimiento son el centro de nuestras operaciones. Nos aseguramos de que nuestros productos cumplan con los m\u00e1s altos est\u00e1ndares regulatorios, ayudando a nuestros clientes a lograr sus objetivos ambientales y de responsabilidad corporativa. <\/p>\n\t\t\t\t\t\t\t\t<\/div>\n\t\t\t\t<\/div>\n\t\t\t\t<div class=\"elementor-element elementor-element-6b611ac elementor-align-left elementor-widget__width-auto elementor-widget-mobile__width-inherit style1 elementor-widget elementor-widget-elementskit-button\" data-id=\"6b611ac\" data-element_type=\"widget\" data-e-type=\"widget\" data-widget_type=\"elementskit-button.default\">\n\t\t\t\t<div class=\"elementor-widget-container\">\n\t\t\t\t\t<div class=\"ekit-wid-con\" >\t\t<div class=\"ekit-btn-wraper\">\n\t\t\t\t\t\t\t<a href=\"https:\/\/www.icape-group.com\/contact\/\" class=\"elementskit-btn  whitespace--normal\" id=\"\">\n\t\t\t\t\tContacte con nosotros<svg xmlns=\"http:\/\/www.w3.org\/2000\/svg\" xmlns:xlink=\"http:\/\/www.w3.org\/1999\/xlink\" id=\"Layer_1\" x=\"0px\" y=\"0px\" width=\"32px\" height=\"32px\" viewBox=\"0 0 32 32\" xml:space=\"preserve\"><path d=\"M22.4,14H1.9C1.4,14,1,14.4,1,14.9l0,2.4c0,0.5,0.4,0.9,0.9,0.9h20.5v4.3c0,1.6,0.3,2.5,1.4,1.3l6.6-6.6  c0.7-0.7,0.7-1.9,0-2.6l-6.6-6.6c-1.2-1.2-1.4-0.3-1.4,1.3V14z\"><\/path><\/svg>\t\t\t\t<\/a>\n\t\t\t\t\t<\/div>\n        <\/div>\t\t\t\t<\/div>\n\t\t\t\t<\/div>\n\t\t\t\t\t<\/div>\n\t\t<\/div>\n\t\t\t\t\t<\/div>\n\t\t<\/section>\n\t\t\t\t<section class=\"elementor-section elementor-top-section elementor-element elementor-element-914e0bf elementor-hidden-mobile elementor-section-boxed elementor-section-height-default elementor-section-height-default\" data-id=\"914e0bf\" data-element_type=\"section\" data-e-type=\"section\">\n\t\t\t\t\t\t<div class=\"elementor-container elementor-column-gap-no\">\n\t\t\t\t\t<div class=\"elementor-column elementor-col-100 elementor-top-column elementor-element elementor-element-6c96dc6\" data-id=\"6c96dc6\" data-element_type=\"column\" data-e-type=\"column\">\n\t\t\t<div class=\"elementor-widget-wrap elementor-element-populated\">\n\t\t\t\t\t\t<div class=\"elementor-element elementor-element-48588d1 breadcrumb elementor-widget elementor-widget-shortcode\" data-id=\"48588d1\" data-element_type=\"widget\" data-e-type=\"widget\" data-widget_type=\"shortcode.default\">\n\t\t\t\t<div class=\"elementor-widget-container\">\n\t\t\t\t\t\t\t<div class=\"elementor-shortcode\"><span><span><a href=\"https:\/\/www.icape-group.com\/es\/\">Home<\/a><\/span><\/span><\/div>\n\t\t\t\t\t\t<\/div>\n\t\t\t\t<\/div>\n\t\t\t\t\t<\/div>\n\t\t<\/div>\n\t\t\t\t\t<\/div>\n\t\t<\/section>\n\t\t\t\t<section class=\"elementor-section elementor-top-section elementor-element elementor-element-31274bb elementor-section-boxed elementor-section-height-default elementor-section-height-default\" data-id=\"31274bb\" data-element_type=\"section\" data-e-type=\"section\">\n\t\t\t\t\t\t<div class=\"elementor-container elementor-column-gap-default\">\n\t\t\t\t\t<div class=\"elementor-column elementor-col-100 elementor-top-column elementor-element elementor-element-0a9afd8\" data-id=\"0a9afd8\" data-element_type=\"column\" data-e-type=\"column\">\n\t\t\t<div class=\"elementor-widget-wrap elementor-element-populated\">\n\t\t\t\t\t\t<div class=\"elementor-element elementor-element-d261d6c elementor-widget elementor-widget-text-editor\" data-id=\"d261d6c\" data-element_type=\"widget\" data-e-type=\"widget\" data-widget_type=\"text-editor.default\">\n\t\t\t\t<div class=\"elementor-widget-container\">\n\t\t\t\t\t\t\t\t\t<p>El cumplimiento normativo de <strong data-start=\"129\" data-end=\"175\">RoHS (Restricci\u00f3n de sustancias peligrosas)<\/strong> y <strong data-start=\"180\" data-end=\"261\">REACH (Registro, evaluaci\u00f3n, autorizaci\u00f3n y restricci\u00f3n de sustancias qu\u00edmicas)<\/strong> es crucial para garantizar la seguridad, la sostenibilidad y la comercializaci\u00f3n global de los productos electr\u00f3nicos. RoHS restringe el uso de materiales peligrosos como el plomo y el mercurio, reduciendo el impacto ambiental y protegiendo la salud humana. Mientras tanto, REACH hace cumplir estrictas normas de seguridad qu\u00edmica dentro de la Uni\u00f3n Europea, garantizando que las sustancias utilizadas en la fabricaci\u00f3n no supongan riesgos para los consumidores o el medio ambiente. Al cumplir con estas regulaciones, el Grupo ICAPE no solo cumple con los requisitos legales, sino que tambi\u00e9n apoya la fabricaci\u00f3n respetuosa con el medio ambiente, mejora la fiabilidad de los productos y fortalece la confianza de los clientes en nuestro compromiso con las pr\u00e1cticas comerciales sostenibles y responsables.   <\/p>\n\t\t\t\t\t\t\t\t<\/div>\n\t\t\t\t<\/div>\n\t\t\t\t\t<\/div>\n\t\t<\/div>\n\t\t\t\t\t<\/div>\n\t\t<\/section>\n\t\t\t\t<section class=\"elementor-section elementor-top-section elementor-element elementor-element-7d773c4 elementor-section-boxed elementor-section-height-default elementor-section-height-default\" data-id=\"7d773c4\" data-element_type=\"section\" data-e-type=\"section\">\n\t\t\t\t\t\t<div class=\"elementor-container elementor-column-gap-default\">\n\t\t\t\t\t<div class=\"elementor-column elementor-col-25 elementor-top-column elementor-element elementor-element-a16e342\" data-id=\"a16e342\" data-element_type=\"column\" data-e-type=\"column\">\n\t\t\t<div class=\"elementor-widget-wrap elementor-element-populated\">\n\t\t\t\t\t\t<div class=\"elementor-element elementor-element-f6505c6 elementor-widget elementor-widget-image\" data-id=\"f6505c6\" data-element_type=\"widget\" data-e-type=\"widget\" data-widget_type=\"image.default\">\n\t\t\t\t<div class=\"elementor-widget-container\">\n\t\t\t\t\t\t\t\t\t\t\t\t\t\t\t<img fetchpriority=\"high\" decoding=\"async\" width=\"640\" height=\"641\" src=\"https:\/\/www.icape-group.com\/wp-content\/smush-webp\/2025\/03\/RoHS.svg.png.webp\" class=\"attachment-large size-large wp-image-138019\" alt=\"\" srcset=\"https:\/\/www.icape-group.com\/wp-content\/smush-webp\/2025\/03\/RoHS.svg.png.webp 640w, https:\/\/www.icape-group.com\/wp-content\/smush-webp\/2025\/03\/RoHS.svg-300x300.png.webp 300w, https:\/\/www.icape-group.com\/wp-content\/smush-webp\/2025\/03\/RoHS.svg-150x150.png.webp 150w, https:\/\/www.icape-group.com\/wp-content\/smush-webp\/2025\/03\/RoHS.svg-600x600.png.webp 600w\" sizes=\"(max-width: 640px) 100vw, 640px\" \/>\t\t\t\t\t\t\t\t\t\t\t\t\t\t\t<\/div>\n\t\t\t\t<\/div>\n\t\t\t\t\t<\/div>\n\t\t<\/div>\n\t\t\t\t<div class=\"elementor-column elementor-col-25 elementor-top-column elementor-element elementor-element-b8d72d6\" data-id=\"b8d72d6\" data-element_type=\"column\" data-e-type=\"column\">\n\t\t\t<div class=\"elementor-widget-wrap elementor-element-populated\">\n\t\t\t\t\t\t<div class=\"elementor-element elementor-element-19b2826 elementor-widget elementor-widget-text-editor\" data-id=\"19b2826\" data-element_type=\"widget\" data-e-type=\"widget\" data-widget_type=\"text-editor.default\">\n\t\t\t\t<div class=\"elementor-widget-container\">\n\t\t\t\t\t\t\t\t\t<h6><strong>Cumplimiento de la RoHS<\/strong><\/h6>\n\t\t\t\t\t\t\t\t<\/div>\n\t\t\t\t<\/div>\n\t\t\t\t<div class=\"elementor-element elementor-element-74cb477 elementor-widget elementor-widget-text-editor\" data-id=\"74cb477\" data-element_type=\"widget\" data-e-type=\"widget\" data-widget_type=\"text-editor.default\">\n\t\t\t\t<div class=\"elementor-widget-container\">\n\t\t\t\t\t\t\t\t\t<p>El Grupo ICAPE cumple plenamente con la directiva de Restricci\u00f3n de Sustancias Peligrosas (RoHS), asegurando que nuestras PCB y componentes electr\u00f3nicos cumplan con los est\u00e1ndares de seguridad ambiental al limitar sustancias peligrosas como el plomo, el mercurio y el cadmio.<\/p>\n\t\t\t\t\t\t\t\t<\/div>\n\t\t\t\t<\/div>\n\t\t\t\t<div class=\"elementor-element elementor-element-c6b0b18 elementor-align-left btn-simple-arrow elementor-widget elementor-widget-button\" data-id=\"c6b0b18\" data-element_type=\"widget\" data-e-type=\"widget\" data-widget_type=\"button.default\">\n\t\t\t\t<div class=\"elementor-widget-container\">\n\t\t\t\t\t\t\t\t\t<div class=\"elementor-button-wrapper\">\n\t\t\t\t\t<a class=\"elementor-button elementor-button-link elementor-size-sm\" href=\"https:\/\/www.icape-group.com\/wp-content\/uploads\/2025\/03\/ICAPE-ROHS-3.0.doc\" target=\"_blank\">\n\t\t\t\t\t\t<span class=\"elementor-button-content-wrapper\">\n\t\t\t\t\t\t<span class=\"elementor-button-icon\">\n\t\t\t\t<svg xmlns=\"http:\/\/www.w3.org\/2000\/svg\" xmlns:xlink=\"http:\/\/www.w3.org\/1999\/xlink\" id=\"Layer_1\" x=\"0px\" y=\"0px\" width=\"32px\" height=\"32px\" viewBox=\"0 0 32 32\" xml:space=\"preserve\"><path d=\"M27.3,16L4.8,31l0-30L27.3,16z\"><\/path><\/svg>\t\t\t<\/span>\n\t\t\t\t\t\t\t\t\t<span class=\"elementor-button-text\">Ver declaraci\u00f3n<\/span>\n\t\t\t\t\t<\/span>\n\t\t\t\t\t<\/a>\n\t\t\t\t<\/div>\n\t\t\t\t\t\t\t\t<\/div>\n\t\t\t\t<\/div>\n\t\t\t\t\t<\/div>\n\t\t<\/div>\n\t\t\t\t<div class=\"elementor-column elementor-col-25 elementor-top-column elementor-element elementor-element-2942e02\" data-id=\"2942e02\" data-element_type=\"column\" data-e-type=\"column\">\n\t\t\t<div class=\"elementor-widget-wrap elementor-element-populated\">\n\t\t\t\t\t\t<div class=\"elementor-element elementor-element-5d4c90e elementor-widget elementor-widget-image\" data-id=\"5d4c90e\" data-element_type=\"widget\" data-e-type=\"widget\" data-widget_type=\"image.default\">\n\t\t\t\t<div class=\"elementor-widget-container\">\n\t\t\t\t\t\t\t\t\t\t\t\t\t\t\t<img decoding=\"async\" width=\"300\" height=\"261\" data-src=\"https:\/\/www.icape-group.com\/wp-content\/smush-webp\/2025\/03\/Logo-REACH-300x261-1.png.webp\" class=\"attachment-large size-large wp-image-138029 lazyload\" alt=\"\" src=\"data:image\/svg+xml;base64,PHN2ZyB3aWR0aD0iMSIgaGVpZ2h0PSIxIiB4bWxucz0iaHR0cDovL3d3dy53My5vcmcvMjAwMC9zdmciPjwvc3ZnPg==\" style=\"--smush-placeholder-width: 300px; --smush-placeholder-aspect-ratio: 300\/261;\" \/>\t\t\t\t\t\t\t\t\t\t\t\t\t\t\t<\/div>\n\t\t\t\t<\/div>\n\t\t\t\t\t<\/div>\n\t\t<\/div>\n\t\t\t\t<div class=\"elementor-column elementor-col-25 elementor-top-column elementor-element elementor-element-55eba12\" data-id=\"55eba12\" data-element_type=\"column\" data-e-type=\"column\">\n\t\t\t<div class=\"elementor-widget-wrap elementor-element-populated\">\n\t\t\t\t\t\t<div class=\"elementor-element elementor-element-ddcc828 elementor-widget elementor-widget-text-editor\" data-id=\"ddcc828\" data-element_type=\"widget\" data-e-type=\"widget\" data-widget_type=\"text-editor.default\">\n\t\t\t\t<div class=\"elementor-widget-container\">\n\t\t\t\t\t\t\t\t\t<h6><strong>Minerales de conflicto &#8211; Declaraci\u00f3n de pol\u00edtica del Grupo ICAPE <\/strong><\/h6>\n\t\t\t\t\t\t\t\t<\/div>\n\t\t\t\t<\/div>\n\t\t\t\t<div class=\"elementor-element elementor-element-dd05b40 elementor-widget elementor-widget-text-editor\" data-id=\"dd05b40\" data-element_type=\"widget\" data-e-type=\"widget\" data-widget_type=\"text-editor.default\">\n\t\t\t\t<div class=\"elementor-widget-container\">\n\t\t\t\t\t\t\t\t\t<p>El Grupo ICAPE se adhiere al reglamento de Registro, Evaluaci\u00f3n, Autorizaci\u00f3n y Restricci\u00f3n de Sustancias Qu\u00edmicas (REACH), garantizando que nuestros productos cumplen con los requisitos de seguridad qu\u00edmica de la Uni\u00f3n Europea.<\/p>\n\t\t\t\t\t\t\t\t<\/div>\n\t\t\t\t<\/div>\n\t\t\t\t<div class=\"elementor-element elementor-element-14fa2c2 elementor-align-left btn-simple-arrow elementor-widget elementor-widget-button\" data-id=\"14fa2c2\" data-element_type=\"widget\" data-e-type=\"widget\" data-widget_type=\"button.default\">\n\t\t\t\t<div class=\"elementor-widget-container\">\n\t\t\t\t\t\t\t\t\t<div class=\"elementor-button-wrapper\">\n\t\t\t\t\t<a class=\"elementor-button elementor-button-link elementor-size-sm\" href=\"https:\/\/www.icape-group.com\/wp-content\/uploads\/2025\/03\/ICAPE-REACH-247-declaration.doc\" target=\"_blank\">\n\t\t\t\t\t\t<span class=\"elementor-button-content-wrapper\">\n\t\t\t\t\t\t<span class=\"elementor-button-icon\">\n\t\t\t\t<svg xmlns=\"http:\/\/www.w3.org\/2000\/svg\" xmlns:xlink=\"http:\/\/www.w3.org\/1999\/xlink\" id=\"Layer_1\" x=\"0px\" y=\"0px\" width=\"32px\" height=\"32px\" viewBox=\"0 0 32 32\" xml:space=\"preserve\"><path d=\"M27.3,16L4.8,31l0-30L27.3,16z\"><\/path><\/svg>\t\t\t<\/span>\n\t\t\t\t\t\t\t\t\t<span class=\"elementor-button-text\">Ver declaraci\u00f3n<\/span>\n\t\t\t\t\t<\/span>\n\t\t\t\t\t<\/a>\n\t\t\t\t<\/div>\n\t\t\t\t\t\t\t\t<\/div>\n\t\t\t\t<\/div>\n\t\t\t\t\t<\/div>\n\t\t<\/div>\n\t\t\t\t\t<\/div>\n\t\t<\/section>\n\t\t\t\t<section class=\"elementor-section elementor-top-section elementor-element elementor-element-6a2982e elementor-section-boxed elementor-section-height-default elementor-section-height-default\" data-id=\"6a2982e\" data-element_type=\"section\" data-e-type=\"section\">\n\t\t\t\t\t\t<div class=\"elementor-container elementor-column-gap-default\">\n\t\t\t\t\t<div class=\"elementor-column elementor-col-100 elementor-top-column elementor-element elementor-element-ab9da87\" data-id=\"ab9da87\" data-element_type=\"column\" data-e-type=\"column\">\n\t\t\t<div class=\"elementor-widget-wrap\">\n\t\t\t\t\t\t\t<\/div>\n\t\t<\/div>\n\t\t\t\t\t<\/div>\n\t\t<\/section>\n\t\t\t\t<\/div>\n\t\t","protected":false},"excerpt":{"rendered":"<p>Garantizar el cumplimiento de Sustainable Sourcing and Manufacturing En el Grupo ICAPE, la sostenibilidad y el cumplimiento son el centro de nuestras operaciones. Nos aseguramos de que nuestros productos cumplan con los m\u00e1s altos est\u00e1ndares regulatorios, ayudando a nuestros clientes a lograr sus objetivos ambientales y de responsabilidad corporativa. Contacte con nosotros El cumplimiento normativo [&hellip;]<\/p>\n","protected":false},"author":5,"featured_media":0,"parent":0,"menu_order":0,"comment_status":"closed","ping_status":"closed","template":"","meta":{"_acf_changed":false,"content-type":"","inline_featured_image":false,"footnotes":""},"class_list":["post-141985","page","type-page","status-publish","hentry"],"acf":[],"aioseo_notices":[],"yoast_head":"<!-- This site is optimized with the Yoast SEO Premium plugin v27.4 (Yoast SEO v27.4) - https:\/\/yoast.com\/product\/yoast-seo-premium-wordpress\/ -->\n<title>Cumplimiento de RoHS y REACH | Grupo ICAPE<\/title>\n<meta name=\"description\" content=\"Garantice el cumplimiento de las regulaciones RoHS y REACH con ICAPE Group. Nuestros PCB y componentes electr\u00f3nicos cumplen con los m\u00e1s altos est\u00e1ndares ambientales\" \/>\n<meta name=\"robots\" content=\"index, follow, max-snippet:-1, max-image-preview:large, max-video-preview:-1\" \/>\n<meta name=\"twitter:card\" content=\"summary_large_image\" \/>\n<meta name=\"twitter:title\" content=\"Cumplimiento de RoHS y REACH | Grupo ICAPE\" \/>\n<meta name=\"twitter:description\" content=\"Garantice el cumplimiento de las regulaciones RoHS y REACH con ICAPE Group. Nuestros PCB y componentes electr\u00f3nicos cumplen con los m\u00e1s altos est\u00e1ndares ambientales\" \/>\n<meta name=\"twitter:image\" content=\"https:\/\/www.icape-group.com\/wp-content\/uploads\/2025\/03\/RoHS.svg.png\" \/>\n<meta name=\"twitter:label1\" content=\"Tiempo de lectura\" \/>\n\t<meta name=\"twitter:data1\" content=\"2 minutos\" \/>\n<script type=\"application\/ld+json\" class=\"yoast-schema-graph\">{\"@context\":\"https:\\\/\\\/schema.org\",\"@graph\":[{\"@type\":\"WebPage\",\"@id\":\"https:\\\/\\\/www.icape-group.com\\\/es\\\/cumplimiento\\\/\",\"url\":\"https:\\\/\\\/www.icape-group.com\\\/es\\\/cumplimiento\\\/\",\"name\":\"Cumplimiento de RoHS y REACH | Grupo ICAPE\",\"isPartOf\":{\"@id\":\"https:\\\/\\\/www.icape-group.com\\\/es\\\/#website\"},\"primaryImageOfPage\":{\"@id\":\"https:\\\/\\\/www.icape-group.com\\\/es\\\/cumplimiento\\\/#primaryimage\"},\"image\":{\"@id\":\"https:\\\/\\\/www.icape-group.com\\\/es\\\/cumplimiento\\\/#primaryimage\"},\"thumbnailUrl\":\"https:\\\/\\\/www.icape-group.com\\\/wp-content\\\/uploads\\\/2025\\\/03\\\/RoHS.svg.png\",\"datePublished\":\"2025-03-18T19:18:03+00:00\",\"dateModified\":\"2025-03-25T15:11:45+00:00\",\"description\":\"Garantice el cumplimiento de las regulaciones RoHS y REACH con ICAPE Group. Nuestros PCB y componentes electr\u00f3nicos cumplen con los m\u00e1s altos est\u00e1ndares ambientales\",\"breadcrumb\":{\"@id\":\"https:\\\/\\\/www.icape-group.com\\\/es\\\/cumplimiento\\\/#breadcrumb\"},\"inLanguage\":\"es\",\"potentialAction\":[{\"@type\":\"ReadAction\",\"target\":[\"https:\\\/\\\/www.icape-group.com\\\/es\\\/cumplimiento\\\/\"]}]},{\"@type\":\"ImageObject\",\"inLanguage\":\"es\",\"@id\":\"https:\\\/\\\/www.icape-group.com\\\/es\\\/cumplimiento\\\/#primaryimage\",\"url\":\"https:\\\/\\\/www.icape-group.com\\\/wp-content\\\/uploads\\\/2025\\\/03\\\/RoHS.svg.png\",\"contentUrl\":\"https:\\\/\\\/www.icape-group.com\\\/wp-content\\\/uploads\\\/2025\\\/03\\\/RoHS.svg.png\"},{\"@type\":\"BreadcrumbList\",\"@id\":\"https:\\\/\\\/www.icape-group.com\\\/es\\\/cumplimiento\\\/#breadcrumb\",\"itemListElement\":[{\"@type\":\"ListItem\",\"position\":1,\"name\":\"Home\",\"item\":\"https:\\\/\\\/www.icape-group.com\\\/es\\\/\"},{\"@type\":\"ListItem\",\"position\":2,\"name\":\"cumplimiento\"}]},{\"@type\":\"WebSite\",\"@id\":\"https:\\\/\\\/www.icape-group.com\\\/es\\\/#website\",\"url\":\"https:\\\/\\\/www.icape-group.com\\\/es\\\/\",\"name\":\"ICAPE Group\",\"description\":\"The power of precision\",\"publisher\":{\"@id\":\"https:\\\/\\\/www.icape-group.com\\\/es\\\/#organization\"},\"potentialAction\":[{\"@type\":\"SearchAction\",\"target\":{\"@type\":\"EntryPoint\",\"urlTemplate\":\"https:\\\/\\\/www.icape-group.com\\\/es\\\/?s={search_term_string}\"},\"query-input\":{\"@type\":\"PropertyValueSpecification\",\"valueRequired\":true,\"valueName\":\"search_term_string\"}}],\"inLanguage\":\"es\"},{\"@type\":\"Organization\",\"@id\":\"https:\\\/\\\/www.icape-group.com\\\/es\\\/#organization\",\"name\":\"ICAPE Group\",\"url\":\"https:\\\/\\\/www.icape-group.com\\\/es\\\/\",\"logo\":{\"@type\":\"ImageObject\",\"inLanguage\":\"es\",\"@id\":\"https:\\\/\\\/www.icape-group.com\\\/es\\\/#\\\/schema\\\/logo\\\/image\\\/\",\"url\":\"\",\"contentUrl\":\"\",\"caption\":\"ICAPE Group\"},\"image\":{\"@id\":\"https:\\\/\\\/www.icape-group.com\\\/es\\\/#\\\/schema\\\/logo\\\/image\\\/\"}}]}<\/script>\n<!-- \/ Yoast SEO Premium plugin. -->","yoast_head_json":{"title":"Cumplimiento de RoHS y REACH | Grupo ICAPE","description":"Garantice el cumplimiento de las regulaciones RoHS y REACH con ICAPE Group. Nuestros PCB y componentes electr\u00f3nicos cumplen con los m\u00e1s altos est\u00e1ndares ambientales","robots":{"index":"index","follow":"follow","max-snippet":"max-snippet:-1","max-image-preview":"max-image-preview:large","max-video-preview":"max-video-preview:-1"},"twitter_card":"summary_large_image","twitter_title":"Cumplimiento de RoHS y REACH | Grupo ICAPE","twitter_description":"Garantice el cumplimiento de las regulaciones RoHS y REACH con ICAPE Group. Nuestros PCB y componentes electr\u00f3nicos cumplen con los m\u00e1s altos est\u00e1ndares ambientales","twitter_image":"https:\/\/www.icape-group.com\/wp-content\/uploads\/2025\/03\/RoHS.svg.png","twitter_misc":{"Tiempo de lectura":"2 minutos"},"schema":{"@context":"https:\/\/schema.org","@graph":[{"@type":"WebPage","@id":"https:\/\/www.icape-group.com\/es\/cumplimiento\/","url":"https:\/\/www.icape-group.com\/es\/cumplimiento\/","name":"Cumplimiento de RoHS y REACH | Grupo ICAPE","isPartOf":{"@id":"https:\/\/www.icape-group.com\/es\/#website"},"primaryImageOfPage":{"@id":"https:\/\/www.icape-group.com\/es\/cumplimiento\/#primaryimage"},"image":{"@id":"https:\/\/www.icape-group.com\/es\/cumplimiento\/#primaryimage"},"thumbnailUrl":"https:\/\/www.icape-group.com\/wp-content\/uploads\/2025\/03\/RoHS.svg.png","datePublished":"2025-03-18T19:18:03+00:00","dateModified":"2025-03-25T15:11:45+00:00","description":"Garantice el cumplimiento de las regulaciones RoHS y REACH con ICAPE Group. Nuestros PCB y componentes electr\u00f3nicos cumplen con los m\u00e1s altos est\u00e1ndares ambientales","breadcrumb":{"@id":"https:\/\/www.icape-group.com\/es\/cumplimiento\/#breadcrumb"},"inLanguage":"es","potentialAction":[{"@type":"ReadAction","target":["https:\/\/www.icape-group.com\/es\/cumplimiento\/"]}]},{"@type":"ImageObject","inLanguage":"es","@id":"https:\/\/www.icape-group.com\/es\/cumplimiento\/#primaryimage","url":"https:\/\/www.icape-group.com\/wp-content\/uploads\/2025\/03\/RoHS.svg.png","contentUrl":"https:\/\/www.icape-group.com\/wp-content\/uploads\/2025\/03\/RoHS.svg.png"},{"@type":"BreadcrumbList","@id":"https:\/\/www.icape-group.com\/es\/cumplimiento\/#breadcrumb","itemListElement":[{"@type":"ListItem","position":1,"name":"Home","item":"https:\/\/www.icape-group.com\/es\/"},{"@type":"ListItem","position":2,"name":"cumplimiento"}]},{"@type":"WebSite","@id":"https:\/\/www.icape-group.com\/es\/#website","url":"https:\/\/www.icape-group.com\/es\/","name":"ICAPE Group","description":"The power of precision","publisher":{"@id":"https:\/\/www.icape-group.com\/es\/#organization"},"potentialAction":[{"@type":"SearchAction","target":{"@type":"EntryPoint","urlTemplate":"https:\/\/www.icape-group.com\/es\/?s={search_term_string}"},"query-input":{"@type":"PropertyValueSpecification","valueRequired":true,"valueName":"search_term_string"}}],"inLanguage":"es"},{"@type":"Organization","@id":"https:\/\/www.icape-group.com\/es\/#organization","name":"ICAPE Group","url":"https:\/\/www.icape-group.com\/es\/","logo":{"@type":"ImageObject","inLanguage":"es","@id":"https:\/\/www.icape-group.com\/es\/#\/schema\/logo\/image\/","url":"","contentUrl":"","caption":"ICAPE Group"},"image":{"@id":"https:\/\/www.icape-group.com\/es\/#\/schema\/logo\/image\/"}}]}},"_links":{"self":[{"href":"https:\/\/www.icape-group.com\/es\/wp-json\/wp\/v2\/pages\/141985","targetHints":{"allow":["GET"]}}],"collection":[{"href":"https:\/\/www.icape-group.com\/es\/wp-json\/wp\/v2\/pages"}],"about":[{"href":"https:\/\/www.icape-group.com\/es\/wp-json\/wp\/v2\/types\/page"}],"author":[{"embeddable":true,"href":"https:\/\/www.icape-group.com\/es\/wp-json\/wp\/v2\/users\/5"}],"replies":[{"embeddable":true,"href":"https:\/\/www.icape-group.com\/es\/wp-json\/wp\/v2\/comments?post=141985"}],"version-history":[{"count":1,"href":"https:\/\/www.icape-group.com\/es\/wp-json\/wp\/v2\/pages\/141985\/revisions"}],"predecessor-version":[{"id":141987,"href":"https:\/\/www.icape-group.com\/es\/wp-json\/wp\/v2\/pages\/141985\/revisions\/141987"}],"wp:attachment":[{"href":"https:\/\/www.icape-group.com\/es\/wp-json\/wp\/v2\/media?parent=141985"}],"curies":[{"name":"wp","href":"https:\/\/api.w.org\/{rel}","templated":true}]}}