{"id":28733,"date":"2023-03-14T20:20:47","date_gmt":"2023-03-14T20:20:47","guid":{"rendered":"https:\/\/www.icape-group.com\/fachmessen-veranstaltungen\/"},"modified":"2025-06-16T02:38:31","modified_gmt":"2025-06-16T02:38:31","slug":"fachmessen-veranstaltungen","status":"publish","type":"page","link":"https:\/\/www.icape-group.com\/de\/fachmessen-veranstaltungen\/","title":{"rendered":"Fachmessen &#038; Events \u2013 ICAPE Group weltweit dabei"},"content":{"rendered":"\t\t<div data-elementor-type=\"wp-page\" data-elementor-id=\"28733\" class=\"elementor elementor-28733 elementor-4064\" data-elementor-post-type=\"page\">\n\t\t\t\t\t\t<section class=\"elementor-section elementor-top-section elementor-element elementor-element-0b26ede elementor-section-height-min-height hero elementor-section-items-bottom elementor-section-boxed elementor-section-height-default\" data-id=\"0b26ede\" data-element_type=\"section\" data-e-type=\"section\" data-settings=\"{&quot;background_background&quot;:&quot;classic&quot;}\">\n\t\t\t\t\t\t\t<div class=\"elementor-background-overlay\"><\/div>\n\t\t\t\t\t\t\t<div class=\"elementor-container elementor-column-gap-default\">\n\t\t\t\t\t<div class=\"elementor-column elementor-col-100 elementor-top-column elementor-element elementor-element-635ab45 hero-content\" data-id=\"635ab45\" data-element_type=\"column\" data-e-type=\"column\">\n\t\t\t<div class=\"elementor-widget-wrap elementor-element-populated\">\n\t\t\t\t\t\t<div class=\"elementor-element elementor-element-069cf6d elementor-widget elementor-widget-elementskit-heading\" data-id=\"069cf6d\" data-element_type=\"widget\" data-e-type=\"widget\" data-widget_type=\"elementskit-heading.default\">\n\t\t\t\t<div class=\"elementor-widget-container\">\n\t\t\t\t\t<div class=\"ekit-wid-con\" ><div class=\"ekit-heading elementskit-section-title-wraper text_left   ekit_heading_tablet-   ekit_heading_mobile-\"><h1 class=\"ekit-heading--title elementskit-section-title \">Besuchen Sie uns auf diesen bevorstehenden <span><span>Fachmessen und Veranstaltungen<\/span><\/span><\/h1><\/div><\/div>\t\t\t\t<\/div>\n\t\t\t\t<\/div>\n\t\t\t\t\t<\/div>\n\t\t<\/div>\n\t\t\t\t\t<\/div>\n\t\t<\/section>\n\t\t\t\t<section class=\"elementor-section elementor-top-section elementor-element elementor-element-a03c779 elementor-section-boxed elementor-section-height-default elementor-section-height-default\" data-id=\"a03c779\" data-element_type=\"section\" data-e-type=\"section\">\n\t\t\t\t\t\t<div class=\"elementor-container elementor-column-gap-default\">\n\t\t\t\t\t<div class=\"elementor-column elementor-col-100 elementor-top-column elementor-element elementor-element-e728abf\" data-id=\"e728abf\" data-element_type=\"column\" data-e-type=\"column\">\n\t\t\t<div class=\"elementor-widget-wrap elementor-element-populated\">\n\t\t\t\t\t\t<div class=\"elementor-element elementor-element-c7064dd elementor-widget elementor-widget-heading\" data-id=\"c7064dd\" data-element_type=\"widget\" data-e-type=\"widget\" data-widget_type=\"heading.default\">\n\t\t\t\t<div class=\"elementor-widget-container\">\n\t\t\t\t\t<h2 class=\"elementor-heading-title elementor-size-default\">Fachmessen<\/h2>\t\t\t\t<\/div>\n\t\t\t\t<\/div>\n\t\t\t\t\t<\/div>\n\t\t<\/div>\n\t\t\t\t\t<\/div>\n\t\t<\/section>\n\t\t\t\t<section class=\"elementor-section elementor-top-section elementor-element elementor-element-d3664c9 elementor-section-boxed elementor-section-height-default elementor-section-height-default\" data-id=\"d3664c9\" data-element_type=\"section\" data-e-type=\"section\">\n\t\t\t\t\t\t<div class=\"elementor-container elementor-column-gap-default\">\n\t\t\t\t\t<div class=\"elementor-column elementor-col-100 elementor-top-column elementor-element elementor-element-edf4228\" data-id=\"edf4228\" data-element_type=\"column\" data-e-type=\"column\">\n\t\t\t<div class=\"elementor-widget-wrap elementor-element-populated\">\n\t\t\t\t\t\t<div class=\"elementor-element elementor-element-e75c1c8 elementor-widget elementor-widget-heading\" data-id=\"e75c1c8\" data-element_type=\"widget\" data-e-type=\"widget\" data-widget_type=\"heading.default\">\n\t\t\t\t<div class=\"elementor-widget-container\">\n\t\t\t\t\t<div class=\"elementor-heading-title elementor-size-default\">W\u00e4hlen Sie Ihren Standort:<\/div>\t\t\t\t<\/div>\n\t\t\t\t<\/div>\n\t\t\t\t<div class=\"elementor-element elementor-element-8d4e46d elementor-widget elementor-widget-shortcode\" data-id=\"8d4e46d\" data-element_type=\"widget\" data-e-type=\"widget\" data-widget_type=\"shortcode.default\">\n\t\t\t\t<div class=\"elementor-widget-container\">\n\t\t\t\t\t\t\t<div class=\"elementor-shortcode\">        <select name=\"cbo_countries_event\" class=\"cbo_blue\" data-cpt=\"icape_event\" data-col=\"4\">\r\n            <option value=\"\">Land<\/option>\r\n                    <option value=\"335\">BRASILIEN<\/option>\r\n                    <option value=\"387\">D\u00c4NEMARK<\/option>\r\n                    <option value=\"391\">DEUTSCHLAND<\/option>\r\n                    <option value=\"402\">FRANKREICH<\/option>\r\n                    <option value=\"734\">ITALIEN<\/option>\r\n                    <option value=\"364\">JAPAN<\/option>\r\n                    <option value=\"398\">SCHWEDEN<\/option>\r\n                    <option value=\"576\">VEREINIGTES K\u00d6NIGREICH<\/option>\r\n                \r\n        <\/select>\r\n        \r\n        <div class=\"webinar-holder\">\r\n            <div class=\"webinar-loading\">\r\n                <img decoding=\"async\" data-src=\"https:\/\/www.icape-group.com\/wp-content\/themes\/hello-elementor-child\/assets\/images\/loading.svg\" src=\"data:image\/svg+xml;base64,PHN2ZyB3aWR0aD0iMSIgaGVpZ2h0PSIxIiB4bWxucz0iaHR0cDovL3d3dy53My5vcmcvMjAwMC9zdmciPjwvc3ZnPg==\" class=\"lazyload\" \/>\r\n            <\/div>\r\n            <div id=\"webinar-container\"><\/div>\r\n        <\/div>\r\n    \r\n    <\/div>\n\t\t\t\t\t\t<\/div>\n\t\t\t\t<\/div>\n\t\t\t\t\t<\/div>\n\t\t<\/div>\n\t\t\t\t\t<\/div>\n\t\t<\/section>\n\t\t\t\t<\/div>\n\t\t","protected":false},"excerpt":{"rendered":"<p>Besuchen Sie uns auf diesen bevorstehenden Fachmessen und Veranstaltungen Fachmessen W\u00e4hlen Sie Ihren Standort:<\/p>\n","protected":false},"author":2,"featured_media":0,"parent":0,"menu_order":0,"comment_status":"closed","ping_status":"closed","template":"","meta":{"_acf_changed":false,"content-type":"","inline_featured_image":false,"footnotes":""},"class_list":["post-28733","page","type-page","status-publish","hentry"],"acf":[],"aioseo_notices":[],"yoast_head":"<!-- This site is optimized with the Yoast SEO Premium plugin v27.3 (Yoast SEO v27.4) - https:\/\/yoast.com\/product\/yoast-seo-premium-wordpress\/ -->\n<title>Fachmessen &amp; Events \u2013 ICAPE Group weltweit dabei<\/title>\n<meta name=\"description\" content=\"Entdecken Sie die Fachmessen und Branchenevents, bei denen ICAPE Group vertreten ist. Erfahren Sie mehr \u00fcber unsere neuesten L\u00f6sungen.\" \/>\n<meta name=\"robots\" content=\"index, follow, max-snippet:-1, max-image-preview:large, max-video-preview:-1\" \/>\n<meta name=\"twitter:card\" content=\"summary_large_image\" \/>\n<meta name=\"twitter:title\" content=\"Fachmessen &amp; Events \u2013 ICAPE Group weltweit dabei\" \/>\n<meta name=\"twitter:description\" content=\"Entdecken Sie die Fachmessen und Branchenevents, bei denen ICAPE Group vertreten ist. Erfahren Sie mehr \u00fcber unsere neuesten L\u00f6sungen.\" \/>\n<meta name=\"twitter:label1\" content=\"Gesch\u00e4tzte Lesezeit\" \/>\n\t<meta name=\"twitter:data1\" content=\"1\u00a0Minute\" \/>\n<script type=\"application\/ld+json\" class=\"yoast-schema-graph\">{\"@context\":\"https:\\\/\\\/schema.org\",\"@graph\":[{\"@type\":\"WebPage\",\"@id\":\"https:\\\/\\\/www.icape-group.com\\\/de\\\/fachmessen-veranstaltungen\\\/\",\"url\":\"https:\\\/\\\/www.icape-group.com\\\/de\\\/fachmessen-veranstaltungen\\\/\",\"name\":\"Fachmessen & Events \u2013 ICAPE Group weltweit dabei\",\"isPartOf\":{\"@id\":\"https:\\\/\\\/www.icape-group.com\\\/de\\\/#website\"},\"datePublished\":\"2023-03-14T20:20:47+00:00\",\"dateModified\":\"2025-06-16T02:38:31+00:00\",\"description\":\"Entdecken Sie die Fachmessen und Branchenevents, bei denen ICAPE Group vertreten ist. Erfahren Sie mehr \u00fcber unsere neuesten L\u00f6sungen.\",\"breadcrumb\":{\"@id\":\"https:\\\/\\\/www.icape-group.com\\\/de\\\/fachmessen-veranstaltungen\\\/#breadcrumb\"},\"inLanguage\":\"de\",\"potentialAction\":[{\"@type\":\"ReadAction\",\"target\":[\"https:\\\/\\\/www.icape-group.com\\\/de\\\/fachmessen-veranstaltungen\\\/\"]}]},{\"@type\":\"BreadcrumbList\",\"@id\":\"https:\\\/\\\/www.icape-group.com\\\/de\\\/fachmessen-veranstaltungen\\\/#breadcrumb\",\"itemListElement\":[{\"@type\":\"ListItem\",\"position\":1,\"name\":\"Home\",\"item\":\"https:\\\/\\\/www.icape-group.com\\\/de\\\/\"},{\"@type\":\"ListItem\",\"position\":2,\"name\":\"Fachmessen &#038; Events \u2013 ICAPE Group weltweit dabei\"}]},{\"@type\":\"WebSite\",\"@id\":\"https:\\\/\\\/www.icape-group.com\\\/de\\\/#website\",\"url\":\"https:\\\/\\\/www.icape-group.com\\\/de\\\/\",\"name\":\"ICAPE Group\",\"description\":\"The power of precision\",\"publisher\":{\"@id\":\"https:\\\/\\\/www.icape-group.com\\\/de\\\/#organization\"},\"potentialAction\":[{\"@type\":\"SearchAction\",\"target\":{\"@type\":\"EntryPoint\",\"urlTemplate\":\"https:\\\/\\\/www.icape-group.com\\\/de\\\/?s={search_term_string}\"},\"query-input\":{\"@type\":\"PropertyValueSpecification\",\"valueRequired\":true,\"valueName\":\"search_term_string\"}}],\"inLanguage\":\"de\"},{\"@type\":\"Organization\",\"@id\":\"https:\\\/\\\/www.icape-group.com\\\/de\\\/#organization\",\"name\":\"ICAPE Group\",\"url\":\"https:\\\/\\\/www.icape-group.com\\\/de\\\/\",\"logo\":{\"@type\":\"ImageObject\",\"inLanguage\":\"de\",\"@id\":\"https:\\\/\\\/www.icape-group.com\\\/de\\\/#\\\/schema\\\/logo\\\/image\\\/\",\"url\":\"\",\"contentUrl\":\"\",\"caption\":\"ICAPE Group\"},\"image\":{\"@id\":\"https:\\\/\\\/www.icape-group.com\\\/de\\\/#\\\/schema\\\/logo\\\/image\\\/\"}}]}<\/script>\n<!-- \/ Yoast SEO Premium plugin. -->","yoast_head_json":{"title":"Fachmessen & Events \u2013 ICAPE Group weltweit dabei","description":"Entdecken Sie die Fachmessen und Branchenevents, bei denen ICAPE Group vertreten ist. Erfahren Sie mehr \u00fcber unsere neuesten L\u00f6sungen.","robots":{"index":"index","follow":"follow","max-snippet":"max-snippet:-1","max-image-preview":"max-image-preview:large","max-video-preview":"max-video-preview:-1"},"twitter_card":"summary_large_image","twitter_title":"Fachmessen & Events \u2013 ICAPE Group weltweit dabei","twitter_description":"Entdecken Sie die Fachmessen und Branchenevents, bei denen ICAPE Group vertreten ist. Erfahren Sie mehr \u00fcber unsere neuesten L\u00f6sungen.","twitter_misc":{"Gesch\u00e4tzte Lesezeit":"1\u00a0Minute"},"schema":{"@context":"https:\/\/schema.org","@graph":[{"@type":"WebPage","@id":"https:\/\/www.icape-group.com\/de\/fachmessen-veranstaltungen\/","url":"https:\/\/www.icape-group.com\/de\/fachmessen-veranstaltungen\/","name":"Fachmessen & Events \u2013 ICAPE Group weltweit dabei","isPartOf":{"@id":"https:\/\/www.icape-group.com\/de\/#website"},"datePublished":"2023-03-14T20:20:47+00:00","dateModified":"2025-06-16T02:38:31+00:00","description":"Entdecken Sie die Fachmessen und Branchenevents, bei denen ICAPE Group vertreten ist. Erfahren Sie mehr \u00fcber unsere neuesten L\u00f6sungen.","breadcrumb":{"@id":"https:\/\/www.icape-group.com\/de\/fachmessen-veranstaltungen\/#breadcrumb"},"inLanguage":"de","potentialAction":[{"@type":"ReadAction","target":["https:\/\/www.icape-group.com\/de\/fachmessen-veranstaltungen\/"]}]},{"@type":"BreadcrumbList","@id":"https:\/\/www.icape-group.com\/de\/fachmessen-veranstaltungen\/#breadcrumb","itemListElement":[{"@type":"ListItem","position":1,"name":"Home","item":"https:\/\/www.icape-group.com\/de\/"},{"@type":"ListItem","position":2,"name":"Fachmessen &#038; Events \u2013 ICAPE Group weltweit dabei"}]},{"@type":"WebSite","@id":"https:\/\/www.icape-group.com\/de\/#website","url":"https:\/\/www.icape-group.com\/de\/","name":"ICAPE Group","description":"The power of precision","publisher":{"@id":"https:\/\/www.icape-group.com\/de\/#organization"},"potentialAction":[{"@type":"SearchAction","target":{"@type":"EntryPoint","urlTemplate":"https:\/\/www.icape-group.com\/de\/?s={search_term_string}"},"query-input":{"@type":"PropertyValueSpecification","valueRequired":true,"valueName":"search_term_string"}}],"inLanguage":"de"},{"@type":"Organization","@id":"https:\/\/www.icape-group.com\/de\/#organization","name":"ICAPE Group","url":"https:\/\/www.icape-group.com\/de\/","logo":{"@type":"ImageObject","inLanguage":"de","@id":"https:\/\/www.icape-group.com\/de\/#\/schema\/logo\/image\/","url":"","contentUrl":"","caption":"ICAPE Group"},"image":{"@id":"https:\/\/www.icape-group.com\/de\/#\/schema\/logo\/image\/"}}]}},"_links":{"self":[{"href":"https:\/\/www.icape-group.com\/de\/wp-json\/wp\/v2\/pages\/28733","targetHints":{"allow":["GET"]}}],"collection":[{"href":"https:\/\/www.icape-group.com\/de\/wp-json\/wp\/v2\/pages"}],"about":[{"href":"https:\/\/www.icape-group.com\/de\/wp-json\/wp\/v2\/types\/page"}],"author":[{"embeddable":true,"href":"https:\/\/www.icape-group.com\/de\/wp-json\/wp\/v2\/users\/2"}],"replies":[{"embeddable":true,"href":"https:\/\/www.icape-group.com\/de\/wp-json\/wp\/v2\/comments?post=28733"}],"version-history":[{"count":8,"href":"https:\/\/www.icape-group.com\/de\/wp-json\/wp\/v2\/pages\/28733\/revisions"}],"predecessor-version":[{"id":264044,"href":"https:\/\/www.icape-group.com\/de\/wp-json\/wp\/v2\/pages\/28733\/revisions\/264044"}],"wp:attachment":[{"href":"https:\/\/www.icape-group.com\/de\/wp-json\/wp\/v2\/media?parent=28733"}],"curies":[{"name":"wp","href":"https:\/\/api.w.org\/{rel}","templated":true}]}}