{"id":25998,"date":"2023-02-20T03:36:22","date_gmt":"2023-02-20T03:36:22","guid":{"rendered":"https:\/\/www.icape-group.com\/webinar-2\/"},"modified":"2026-02-04T15:11:31","modified_gmt":"2026-02-04T15:11:31","slug":"webinar-2","status":"publish","type":"page","link":"https:\/\/www.icape-group.com\/de\/webinar-2\/","title":{"rendered":"Webinar"},"content":{"rendered":"\t\t<div data-elementor-type=\"wp-page\" data-elementor-id=\"25998\" class=\"elementor elementor-25998 elementor-2674\" data-elementor-post-type=\"page\">\n\t\t\t\t\t\t<section class=\"elementor-section elementor-top-section elementor-element elementor-element-9085b64 elementor-section-height-min-height hero elementor-section-items-bottom elementor-section-boxed elementor-section-height-default\" data-id=\"9085b64\" data-element_type=\"section\" data-e-type=\"section\" data-settings=\"{&quot;background_background&quot;:&quot;classic&quot;}\">\n\t\t\t\t\t\t\t<div class=\"elementor-background-overlay\"><\/div>\n\t\t\t\t\t\t\t<div class=\"elementor-container elementor-column-gap-default\">\n\t\t\t\t\t<div class=\"elementor-column elementor-col-100 elementor-top-column elementor-element elementor-element-1dcc4d4 hero-content\" data-id=\"1dcc4d4\" data-element_type=\"column\" data-e-type=\"column\">\n\t\t\t<div class=\"elementor-widget-wrap elementor-element-populated\">\n\t\t\t\t\t\t<div class=\"elementor-element elementor-element-a9b2b61 elementor-widget elementor-widget-elementskit-heading\" data-id=\"a9b2b61\" data-element_type=\"widget\" data-e-type=\"widget\" data-widget_type=\"elementskit-heading.default\">\n\t\t\t\t<div class=\"elementor-widget-container\">\n\t\t\t\t\t<div class=\"ekit-wid-con\" ><div class=\"ekit-heading elementskit-section-title-wraper text_left   ekit_heading_tablet-   ekit_heading_mobile-\"><h1 class=\"ekit-heading--title elementskit-section-title \">Webinare<\/h1><\/div><\/div>\t\t\t\t<\/div>\n\t\t\t\t<\/div>\n\t\t\t\t<div class=\"elementor-element elementor-element-fdcef79 elementor-widget__width-initial elementor-widget elementor-widget-text-editor\" data-id=\"fdcef79\" data-element_type=\"widget\" data-e-type=\"widget\" data-widget_type=\"text-editor.default\">\n\t\t\t\t<div class=\"elementor-widget-container\">\n\t\t\t\t\t\t\t\t\t<p>Wir haben die aktuellen Marktbed\u00fcrfnisse in Bezug auf technische und allgemeine Schulungen im Bereich Leiterplatten (PCB) und zeichnungsgebundener Teile versucht zu analysieren und zu strukturieren. Mit Hilfe unserer Ingenieure und Experten haben wir Ihre Fragen gesammelt und weiterentwickelt. Innerhalb verschiedener Themenkreisen versuchen wir nun, diese Fragenkomplexe zusammenzufassen und in unseren verschiedenen Webinaren darzustellen und zu diskutieren.<\/p>\t\t\t\t\t\t\t\t<\/div>\n\t\t\t\t<\/div>\n\t\t\t\t\t<\/div>\n\t\t<\/div>\n\t\t\t\t\t<\/div>\n\t\t<\/section>\n\t\t\t\t<section class=\"elementor-section elementor-top-section elementor-element elementor-element-932f130 elementor-hidden-mobile elementor-section-boxed elementor-section-height-default elementor-section-height-default\" data-id=\"932f130\" data-element_type=\"section\" data-e-type=\"section\">\n\t\t\t\t\t\t<div class=\"elementor-container elementor-column-gap-no\">\n\t\t\t\t\t<div class=\"elementor-column elementor-col-100 elementor-top-column elementor-element elementor-element-2030a0c\" data-id=\"2030a0c\" data-element_type=\"column\" data-e-type=\"column\">\n\t\t\t<div class=\"elementor-widget-wrap elementor-element-populated\">\n\t\t\t\t\t\t<div class=\"elementor-element elementor-element-040ba59 breadcrumb elementor-widget elementor-widget-shortcode\" data-id=\"040ba59\" data-element_type=\"widget\" data-e-type=\"widget\" data-widget_type=\"shortcode.default\">\n\t\t\t\t<div class=\"elementor-widget-container\">\n\t\t\t\t\t\t\t<div class=\"elementor-shortcode\"><span><span><a href=\"https:\/\/www.icape-group.com\/de\/\">Home<\/a><\/span><\/span><\/div>\n\t\t\t\t\t\t<\/div>\n\t\t\t\t<\/div>\n\t\t\t\t\t<\/div>\n\t\t<\/div>\n\t\t\t\t\t<\/div>\n\t\t<\/section>\n\t\t\t\t<section class=\"elementor-section elementor-top-section elementor-element elementor-element-fe45876 elementor-section-boxed elementor-section-height-default elementor-section-height-default\" data-id=\"fe45876\" data-element_type=\"section\" data-e-type=\"section\">\n\t\t\t\t\t\t<div class=\"elementor-container elementor-column-gap-default\">\n\t\t\t\t\t<div class=\"elementor-column elementor-col-100 elementor-top-column elementor-element elementor-element-50bfede\" data-id=\"50bfede\" data-element_type=\"column\" data-e-type=\"column\">\n\t\t\t<div class=\"elementor-widget-wrap elementor-element-populated\">\n\t\t\t\t\t\t<div class=\"elementor-element elementor-element-fefbb2a elementor-widget elementor-widget-text-editor\" data-id=\"fefbb2a\" data-element_type=\"widget\" data-e-type=\"widget\" data-widget_type=\"text-editor.default\">\n\t\t\t\t<div class=\"elementor-widget-container\">\n\t\t\t\t\t\t\t\t\t<p>W\u00e4hlen Sie f\u00fcr die nachfolgenden Veranstaltungen, den f\u00fcr Sie passenden Sitzungszeitplan aus:<\/p>\t\t\t\t\t\t\t\t<\/div>\n\t\t\t\t<\/div>\n\t\t\t\t<div class=\"elementor-element elementor-element-4bda74c elementor-widget elementor-widget-html\" data-id=\"4bda74c\" data-element_type=\"widget\" data-e-type=\"widget\" data-widget_type=\"html.default\">\n\t\t\t\t<div class=\"elementor-widget-container\">\n\t\t\t\t\t<iframe width=\"100%\" height=\"600\" frameborder=\"0\" data-src=\"https:\/\/app.livestorm.co\/icape-group\/upcoming?limit=80\" title=\"ICAPE Group events | Livestorm\" src=\"data:image\/svg+xml;base64,PHN2ZyB3aWR0aD0iMSIgaGVpZ2h0PSIxIiB4bWxucz0iaHR0cDovL3d3dy53My5vcmcvMjAwMC9zdmciPjwvc3ZnPg==\" class=\"lazyload\" data-load-mode=\"1\"><\/iframe>\n\t\t\t\t<\/div>\n\t\t\t\t<\/div>\n\t\t\t\t<div class=\"elementor-element elementor-element-5d3076e elementor-widget elementor-widget-spacer\" data-id=\"5d3076e\" data-element_type=\"widget\" data-e-type=\"widget\" data-widget_type=\"spacer.default\">\n\t\t\t\t<div class=\"elementor-widget-container\">\n\t\t\t\t\t\t\t<div class=\"elementor-spacer\">\n\t\t\t<div class=\"elementor-spacer-inner\"><\/div>\n\t\t<\/div>\n\t\t\t\t\t\t<\/div>\n\t\t\t\t<\/div>\n\t\t\t\t<div class=\"elementor-element elementor-element-550646d elementor-widget elementor-widget-text-editor\" data-id=\"550646d\" data-element_type=\"widget\" data-e-type=\"widget\" data-widget_type=\"text-editor.default\">\n\t\t\t\t<div class=\"elementor-widget-container\">\n\t\t\t\t\t\t\t\t\t<p>Entdecken Sie unsere On-Demand-Webinare, die jederzeit auf Anfrage verf\u00fcgbar sind!<\/p>\t\t\t\t\t\t\t\t<\/div>\n\t\t\t\t<\/div>\n\t\t\t\t<div class=\"elementor-element elementor-element-90f3bf1 elementor-widget elementor-widget-html\" data-id=\"90f3bf1\" data-element_type=\"widget\" data-e-type=\"widget\" data-widget_type=\"html.default\">\n\t\t\t\t<div class=\"elementor-widget-container\">\n\t\t\t\t\t<iframe width=\"100%\" height=\"400\" frameborder=\"0\" src=https:\/\/app.livestorm.co\/icape-group\/on_demand title=\"ICAPE Group events | Livestorm\"><\/iframe>\n\n\t\t\t\t<\/div>\n\t\t\t\t<\/div>\n\t\t\t\t\t<\/div>\n\t\t<\/div>\n\t\t\t\t\t<\/div>\n\t\t<\/section>\n\t\t\t\t<section class=\"elementor-section elementor-top-section elementor-element elementor-element-5d9f1dc elementor-section-boxed elementor-section-height-default elementor-section-height-default\" data-id=\"5d9f1dc\" data-element_type=\"section\" data-e-type=\"section\" data-settings=\"{&quot;background_background&quot;:&quot;gradient&quot;}\">\n\t\t\t\t\t\t<div class=\"elementor-container elementor-column-gap-no\">\n\t\t\t\t\t<div class=\"elementor-column elementor-col-100 elementor-top-column elementor-element elementor-element-7784ea0\" data-id=\"7784ea0\" data-element_type=\"column\" data-e-type=\"column\">\n\t\t\t<div class=\"elementor-widget-wrap\">\n\t\t\t\t\t\t\t<\/div>\n\t\t<\/div>\n\t\t\t\t\t<\/div>\n\t\t<\/section>\n\t\t\t\t<\/div>\n\t\t","protected":false},"excerpt":{"rendered":"<p>Webinare Wir haben die aktuellen Marktbed\u00fcrfnisse in Bezug auf technische und allgemeine Schulungen im Bereich Leiterplatten (PCB) und zeichnungsgebundener Teile versucht zu analysieren und zu strukturieren. Mit Hilfe unserer Ingenieure und Experten haben wir Ihre Fragen gesammelt und weiterentwickelt. Innerhalb verschiedener Themenkreisen versuchen wir nun, diese Fragenkomplexe zusammenzufassen und in unseren verschiedenen Webinaren darzustellen und [&hellip;]<\/p>\n","protected":false},"author":1,"featured_media":0,"parent":0,"menu_order":0,"comment_status":"closed","ping_status":"closed","template":"","meta":{"_acf_changed":false,"content-type":"","inline_featured_image":false,"footnotes":""},"class_list":["post-25998","page","type-page","status-publish","hentry"],"acf":[],"aioseo_notices":[],"yoast_head":"<!-- This site is optimized with the Yoast SEO Premium plugin v27.3 (Yoast SEO v27.4) - https:\/\/yoast.com\/product\/yoast-seo-premium-wordpress\/ -->\n<title>Webinar - ICAPE Group<\/title>\n<meta name=\"robots\" content=\"index, follow, max-snippet:-1, max-image-preview:large, max-video-preview:-1\" \/>\n<meta name=\"twitter:card\" content=\"summary_large_image\" \/>\n<meta name=\"twitter:title\" content=\"Webinar - ICAPE Group\" \/>\n<meta name=\"twitter:description\" content=\"Webinare Wir haben die aktuellen Marktbed\u00fcrfnisse in Bezug auf technische und allgemeine Schulungen im Bereich Leiterplatten (PCB) und zeichnungsgebundener Teile versucht zu analysieren und zu strukturieren. Mit Hilfe unserer Ingenieure und Experten haben wir Ihre Fragen gesammelt und weiterentwickelt. Innerhalb verschiedener Themenkreisen versuchen wir nun, diese Fragenkomplexe zusammenzufassen und in unseren verschiedenen Webinaren darzustellen und [&hellip;]\" \/>\n<meta name=\"twitter:label1\" content=\"Gesch\u00e4tzte Lesezeit\" \/>\n\t<meta name=\"twitter:data1\" content=\"1\u00a0Minute\" \/>\n<script type=\"application\/ld+json\" class=\"yoast-schema-graph\">{\"@context\":\"https:\\\/\\\/schema.org\",\"@graph\":[{\"@type\":\"WebPage\",\"@id\":\"https:\\\/\\\/www.icape-group.com\\\/de\\\/webinar-2\\\/\",\"url\":\"https:\\\/\\\/www.icape-group.com\\\/de\\\/webinar-2\\\/\",\"name\":\"Webinar - ICAPE Group\",\"isPartOf\":{\"@id\":\"https:\\\/\\\/www.icape-group.com\\\/de\\\/#website\"},\"datePublished\":\"2023-02-20T03:36:22+00:00\",\"dateModified\":\"2026-02-04T15:11:31+00:00\",\"breadcrumb\":{\"@id\":\"https:\\\/\\\/www.icape-group.com\\\/de\\\/webinar-2\\\/#breadcrumb\"},\"inLanguage\":\"de\",\"potentialAction\":[{\"@type\":\"ReadAction\",\"target\":[\"https:\\\/\\\/www.icape-group.com\\\/de\\\/webinar-2\\\/\"]}]},{\"@type\":\"BreadcrumbList\",\"@id\":\"https:\\\/\\\/www.icape-group.com\\\/de\\\/webinar-2\\\/#breadcrumb\",\"itemListElement\":[{\"@type\":\"ListItem\",\"position\":1,\"name\":\"Home\",\"item\":\"https:\\\/\\\/www.icape-group.com\\\/de\\\/\"},{\"@type\":\"ListItem\",\"position\":2,\"name\":\"Webinar\"}]},{\"@type\":\"WebSite\",\"@id\":\"https:\\\/\\\/www.icape-group.com\\\/de\\\/#website\",\"url\":\"https:\\\/\\\/www.icape-group.com\\\/de\\\/\",\"name\":\"ICAPE Group\",\"description\":\"The power of precision\",\"publisher\":{\"@id\":\"https:\\\/\\\/www.icape-group.com\\\/de\\\/#organization\"},\"potentialAction\":[{\"@type\":\"SearchAction\",\"target\":{\"@type\":\"EntryPoint\",\"urlTemplate\":\"https:\\\/\\\/www.icape-group.com\\\/de\\\/?s={search_term_string}\"},\"query-input\":{\"@type\":\"PropertyValueSpecification\",\"valueRequired\":true,\"valueName\":\"search_term_string\"}}],\"inLanguage\":\"de\"},{\"@type\":\"Organization\",\"@id\":\"https:\\\/\\\/www.icape-group.com\\\/de\\\/#organization\",\"name\":\"ICAPE Group\",\"url\":\"https:\\\/\\\/www.icape-group.com\\\/de\\\/\",\"logo\":{\"@type\":\"ImageObject\",\"inLanguage\":\"de\",\"@id\":\"https:\\\/\\\/www.icape-group.com\\\/de\\\/#\\\/schema\\\/logo\\\/image\\\/\",\"url\":\"\",\"contentUrl\":\"\",\"caption\":\"ICAPE Group\"},\"image\":{\"@id\":\"https:\\\/\\\/www.icape-group.com\\\/de\\\/#\\\/schema\\\/logo\\\/image\\\/\"}}]}<\/script>\n<!-- \/ Yoast SEO Premium plugin. -->","yoast_head_json":{"title":"Webinar - ICAPE Group","robots":{"index":"index","follow":"follow","max-snippet":"max-snippet:-1","max-image-preview":"max-image-preview:large","max-video-preview":"max-video-preview:-1"},"twitter_card":"summary_large_image","twitter_title":"Webinar - ICAPE Group","twitter_description":"Webinare Wir haben die aktuellen Marktbed\u00fcrfnisse in Bezug auf technische und allgemeine Schulungen im Bereich Leiterplatten (PCB) und zeichnungsgebundener Teile versucht zu analysieren und zu strukturieren. Mit Hilfe unserer Ingenieure und Experten haben wir Ihre Fragen gesammelt und weiterentwickelt. Innerhalb verschiedener Themenkreisen versuchen wir nun, diese Fragenkomplexe zusammenzufassen und in unseren verschiedenen Webinaren darzustellen und [&hellip;]","twitter_misc":{"Gesch\u00e4tzte Lesezeit":"1\u00a0Minute"},"schema":{"@context":"https:\/\/schema.org","@graph":[{"@type":"WebPage","@id":"https:\/\/www.icape-group.com\/de\/webinar-2\/","url":"https:\/\/www.icape-group.com\/de\/webinar-2\/","name":"Webinar - ICAPE Group","isPartOf":{"@id":"https:\/\/www.icape-group.com\/de\/#website"},"datePublished":"2023-02-20T03:36:22+00:00","dateModified":"2026-02-04T15:11:31+00:00","breadcrumb":{"@id":"https:\/\/www.icape-group.com\/de\/webinar-2\/#breadcrumb"},"inLanguage":"de","potentialAction":[{"@type":"ReadAction","target":["https:\/\/www.icape-group.com\/de\/webinar-2\/"]}]},{"@type":"BreadcrumbList","@id":"https:\/\/www.icape-group.com\/de\/webinar-2\/#breadcrumb","itemListElement":[{"@type":"ListItem","position":1,"name":"Home","item":"https:\/\/www.icape-group.com\/de\/"},{"@type":"ListItem","position":2,"name":"Webinar"}]},{"@type":"WebSite","@id":"https:\/\/www.icape-group.com\/de\/#website","url":"https:\/\/www.icape-group.com\/de\/","name":"ICAPE Group","description":"The power of precision","publisher":{"@id":"https:\/\/www.icape-group.com\/de\/#organization"},"potentialAction":[{"@type":"SearchAction","target":{"@type":"EntryPoint","urlTemplate":"https:\/\/www.icape-group.com\/de\/?s={search_term_string}"},"query-input":{"@type":"PropertyValueSpecification","valueRequired":true,"valueName":"search_term_string"}}],"inLanguage":"de"},{"@type":"Organization","@id":"https:\/\/www.icape-group.com\/de\/#organization","name":"ICAPE Group","url":"https:\/\/www.icape-group.com\/de\/","logo":{"@type":"ImageObject","inLanguage":"de","@id":"https:\/\/www.icape-group.com\/de\/#\/schema\/logo\/image\/","url":"","contentUrl":"","caption":"ICAPE Group"},"image":{"@id":"https:\/\/www.icape-group.com\/de\/#\/schema\/logo\/image\/"}}]}},"_links":{"self":[{"href":"https:\/\/www.icape-group.com\/de\/wp-json\/wp\/v2\/pages\/25998","targetHints":{"allow":["GET"]}}],"collection":[{"href":"https:\/\/www.icape-group.com\/de\/wp-json\/wp\/v2\/pages"}],"about":[{"href":"https:\/\/www.icape-group.com\/de\/wp-json\/wp\/v2\/types\/page"}],"author":[{"embeddable":true,"href":"https:\/\/www.icape-group.com\/de\/wp-json\/wp\/v2\/users\/1"}],"replies":[{"embeddable":true,"href":"https:\/\/www.icape-group.com\/de\/wp-json\/wp\/v2\/comments?post=25998"}],"version-history":[{"count":30,"href":"https:\/\/www.icape-group.com\/de\/wp-json\/wp\/v2\/pages\/25998\/revisions"}],"predecessor-version":[{"id":362406,"href":"https:\/\/www.icape-group.com\/de\/wp-json\/wp\/v2\/pages\/25998\/revisions\/362406"}],"wp:attachment":[{"href":"https:\/\/www.icape-group.com\/de\/wp-json\/wp\/v2\/media?parent=25998"}],"curies":[{"name":"wp","href":"https:\/\/api.w.org\/{rel}","templated":true}]}}