{"id":138096,"date":"2025-03-18T19:18:03","date_gmt":"2025-03-18T19:18:03","guid":{"rendered":"https:\/\/www.icape-group.com\/compliance\/"},"modified":"2025-03-18T20:10:57","modified_gmt":"2025-03-18T20:10:57","slug":"compliance","status":"publish","type":"page","link":"https:\/\/www.icape-group.com\/de\/compliance\/","title":{"rendered":"Compliance"},"content":{"rendered":"\t\t<div data-elementor-type=\"wp-page\" data-elementor-id=\"138096\" class=\"elementor elementor-138096 elementor-137981\">\n\t\t\t\t\t\t<section class=\"elementor-section elementor-top-section elementor-element elementor-element-6162531 elementor-section-height-min-height elementor-section-items-bottom elementor-section-boxed elementor-section-height-default\" data-id=\"6162531\" data-element_type=\"section\" data-e-type=\"section\" data-settings=\"{&quot;background_background&quot;:&quot;classic&quot;}\">\n\t\t\t\t\t\t\t<div class=\"elementor-background-overlay\"><\/div>\n\t\t\t\t\t\t\t<div class=\"elementor-container elementor-column-gap-default\">\n\t\t\t\t\t<div class=\"elementor-column elementor-col-100 elementor-top-column elementor-element elementor-element-55c5e94 hero-content\" data-id=\"55c5e94\" data-element_type=\"column\" data-e-type=\"column\">\n\t\t\t<div class=\"elementor-widget-wrap elementor-element-populated\">\n\t\t\t\t\t\t<div class=\"elementor-element elementor-element-7d8a2b8 elementor-widget__width-initial elementor-widget-mobile__width-initial elementor-widget elementor-widget-elementskit-heading\" data-id=\"7d8a2b8\" data-element_type=\"widget\" data-e-type=\"widget\" data-widget_type=\"elementskit-heading.default\">\n\t\t\t\t<div class=\"elementor-widget-container\">\n\t\t\t\t\t<div class=\"ekit-wid-con\" ><div class=\"ekit-heading elementskit-section-title-wraper text_left   ekit_heading_tablet-   ekit_heading_mobile-\"><h1 class=\"ekit-heading--title elementskit-section-title \">Sicherstellung der Einhaltung von <span><span>Nachhaltige Beschaffung und Fertigung<\/h1><\/div><\/div>\t\t\t\t<\/div>\n\t\t\t\t<\/div>\n\t\t\t\t<div class=\"elementor-element elementor-element-3101f14 elementor-widget elementor-widget-text-editor\" data-id=\"3101f14\" data-element_type=\"widget\" data-e-type=\"widget\" data-widget_type=\"text-editor.default\">\n\t\t\t\t<div class=\"elementor-widget-container\">\n\t\t\t\t\t\t\t\t\t<p>Bei der ICAPE Group stehen Nachhaltigkeit und Compliance im Mittelpunkt unseres Handelns. Wir stellen sicher, dass unsere Produkte den h\u00f6chsten regulatorischen Standards entsprechen und helfen unseren Kunden, ihre Umwelt- und Unternehmensverantwortungsziele zu erreichen. <\/p>\n\t\t\t\t\t\t\t\t<\/div>\n\t\t\t\t<\/div>\n\t\t\t\t<div class=\"elementor-element elementor-element-6b611ac elementor-align-left elementor-widget__width-auto elementor-widget-mobile__width-inherit style1 elementor-widget elementor-widget-elementskit-button\" data-id=\"6b611ac\" data-element_type=\"widget\" data-e-type=\"widget\" data-widget_type=\"elementskit-button.default\">\n\t\t\t\t<div class=\"elementor-widget-container\">\n\t\t\t\t\t<div class=\"ekit-wid-con\" >\t\t<div class=\"ekit-btn-wraper\">\n\t\t\t\t\t\t\t<a href=\"https:\/\/www.icape-group.com\/contact\/\" class=\"elementskit-btn  whitespace--normal\" id=\"\">\n\t\t\t\t\tKontaktieren Sie uns<svg xmlns=\"http:\/\/www.w3.org\/2000\/svg\" xmlns:xlink=\"http:\/\/www.w3.org\/1999\/xlink\" id=\"Layer_1\" x=\"0px\" y=\"0px\" width=\"32px\" height=\"32px\" viewBox=\"0 0 32 32\" xml:space=\"preserve\"><path d=\"M22.4,14H1.9C1.4,14,1,14.4,1,14.9l0,2.4c0,0.5,0.4,0.9,0.9,0.9h20.5v4.3c0,1.6,0.3,2.5,1.4,1.3l6.6-6.6  c0.7-0.7,0.7-1.9,0-2.6l-6.6-6.6c-1.2-1.2-1.4-0.3-1.4,1.3V14z\"><\/path><\/svg>\t\t\t\t<\/a>\n\t\t\t\t\t<\/div>\n        <\/div>\t\t\t\t<\/div>\n\t\t\t\t<\/div>\n\t\t\t\t\t<\/div>\n\t\t<\/div>\n\t\t\t\t\t<\/div>\n\t\t<\/section>\n\t\t\t\t<section class=\"elementor-section elementor-top-section elementor-element elementor-element-914e0bf elementor-hidden-mobile elementor-section-boxed elementor-section-height-default elementor-section-height-default\" data-id=\"914e0bf\" data-element_type=\"section\" data-e-type=\"section\">\n\t\t\t\t\t\t<div class=\"elementor-container elementor-column-gap-no\">\n\t\t\t\t\t<div class=\"elementor-column elementor-col-100 elementor-top-column elementor-element elementor-element-6c96dc6\" data-id=\"6c96dc6\" data-element_type=\"column\" data-e-type=\"column\">\n\t\t\t<div class=\"elementor-widget-wrap elementor-element-populated\">\n\t\t\t\t\t\t<div class=\"elementor-element elementor-element-48588d1 breadcrumb elementor-widget elementor-widget-shortcode\" data-id=\"48588d1\" data-element_type=\"widget\" data-e-type=\"widget\" data-widget_type=\"shortcode.default\">\n\t\t\t\t<div class=\"elementor-widget-container\">\n\t\t\t\t\t\t\t<div class=\"elementor-shortcode\"><span><span><a href=\"https:\/\/www.icape-group.com\/de\/\">Home<\/a><\/span><\/span><\/div>\n\t\t\t\t\t\t<\/div>\n\t\t\t\t<\/div>\n\t\t\t\t\t<\/div>\n\t\t<\/div>\n\t\t\t\t\t<\/div>\n\t\t<\/section>\n\t\t\t\t<section class=\"elementor-section elementor-top-section elementor-element elementor-element-31274bb elementor-section-boxed elementor-section-height-default elementor-section-height-default\" data-id=\"31274bb\" data-element_type=\"section\" data-e-type=\"section\">\n\t\t\t\t\t\t<div class=\"elementor-container elementor-column-gap-default\">\n\t\t\t\t\t<div class=\"elementor-column elementor-col-100 elementor-top-column elementor-element elementor-element-0a9afd8\" data-id=\"0a9afd8\" data-element_type=\"column\" data-e-type=\"column\">\n\t\t\t<div class=\"elementor-widget-wrap elementor-element-populated\">\n\t\t\t\t\t\t<div class=\"elementor-element elementor-element-d261d6c elementor-widget elementor-widget-text-editor\" data-id=\"d261d6c\" data-element_type=\"widget\" data-e-type=\"widget\" data-widget_type=\"text-editor.default\">\n\t\t\t\t<div class=\"elementor-widget-container\">\n\t\t\t\t\t\t\t\t\t<p>Die Einhaltung der <strong data-start=\"129\" data-end=\"175\">RoHS-Richtlinie (Restriction of Hazardous Substances)<\/strong> und der <strong data-start=\"180\" data-end=\"261\">REACH-Verordnung (Registration, Evaluation, Authorisation and Restriction of Chemicals)<\/strong> ist entscheidend f\u00fcr die Sicherheit, Nachhaltigkeit und globale Marktf\u00e4higkeit elektronischer Produkte. RoHS schr\u00e4nkt die Verwendung gef\u00e4hrlicher Materialien wie Blei und Quecksilber ein, reduziert die Umweltbelastung und sch\u00fctzt die menschliche Gesundheit. Gleichzeitig setzt REACH strenge Sicherheitsstandards f\u00fcr Chemikalien innerhalb der Europ\u00e4ischen Union durch und stellt sicher, dass die bei der Herstellung verwendeten Stoffe keine Risiken f\u00fcr Verbraucher oder die Umwelt darstellen. Durch die Einhaltung dieser Vorschriften erf\u00fcllt die ICAPE Group nicht nur die gesetzlichen Anforderungen, sondern unterst\u00fctzt auch die umweltfreundliche Fertigung, erh\u00f6ht die Produktzuverl\u00e4ssigkeit und st\u00e4rkt das Vertrauen der Kunden in unser Engagement f\u00fcr nachhaltige und verantwortungsvolle Gesch\u00e4ftspraktiken.   <\/p>\n\t\t\t\t\t\t\t\t<\/div>\n\t\t\t\t<\/div>\n\t\t\t\t\t<\/div>\n\t\t<\/div>\n\t\t\t\t\t<\/div>\n\t\t<\/section>\n\t\t\t\t<section class=\"elementor-section elementor-top-section elementor-element elementor-element-7d773c4 elementor-section-boxed elementor-section-height-default elementor-section-height-default\" data-id=\"7d773c4\" data-element_type=\"section\" data-e-type=\"section\">\n\t\t\t\t\t\t<div class=\"elementor-container elementor-column-gap-default\">\n\t\t\t\t\t<div class=\"elementor-column elementor-col-25 elementor-top-column elementor-element elementor-element-a16e342\" data-id=\"a16e342\" data-element_type=\"column\" data-e-type=\"column\">\n\t\t\t<div class=\"elementor-widget-wrap elementor-element-populated\">\n\t\t\t\t\t\t<div class=\"elementor-element elementor-element-f6505c6 elementor-widget elementor-widget-image\" data-id=\"f6505c6\" data-element_type=\"widget\" data-e-type=\"widget\" data-widget_type=\"image.default\">\n\t\t\t\t<div class=\"elementor-widget-container\">\n\t\t\t\t\t\t\t\t\t\t\t\t\t\t\t<img fetchpriority=\"high\" decoding=\"async\" width=\"640\" height=\"641\" src=\"https:\/\/www.icape-group.com\/wp-content\/smush-webp\/2025\/03\/RoHS.svg.png.webp\" class=\"attachment-large size-large wp-image-138014\" alt=\"\" srcset=\"https:\/\/www.icape-group.com\/wp-content\/smush-webp\/2025\/03\/RoHS.svg.png.webp 640w, https:\/\/www.icape-group.com\/wp-content\/smush-webp\/2025\/03\/RoHS.svg-300x300.png.webp 300w, https:\/\/www.icape-group.com\/wp-content\/smush-webp\/2025\/03\/RoHS.svg-150x150.png.webp 150w, https:\/\/www.icape-group.com\/wp-content\/smush-webp\/2025\/03\/RoHS.svg-600x600.png.webp 600w\" sizes=\"(max-width: 640px) 100vw, 640px\" \/>\t\t\t\t\t\t\t\t\t\t\t\t\t\t\t<\/div>\n\t\t\t\t<\/div>\n\t\t\t\t\t<\/div>\n\t\t<\/div>\n\t\t\t\t<div class=\"elementor-column elementor-col-25 elementor-top-column elementor-element elementor-element-b8d72d6\" data-id=\"b8d72d6\" data-element_type=\"column\" data-e-type=\"column\">\n\t\t\t<div class=\"elementor-widget-wrap elementor-element-populated\">\n\t\t\t\t\t\t<div class=\"elementor-element elementor-element-19b2826 elementor-widget elementor-widget-text-editor\" data-id=\"19b2826\" data-element_type=\"widget\" data-e-type=\"widget\" data-widget_type=\"text-editor.default\">\n\t\t\t\t<div class=\"elementor-widget-container\">\n\t\t\t\t\t\t\t\t\t<h6><strong>RoHS-Konformit\u00e4t<\/strong><\/h6>\n\t\t\t\t\t\t\t\t<\/div>\n\t\t\t\t<\/div>\n\t\t\t\t<div class=\"elementor-element elementor-element-74cb477 elementor-widget elementor-widget-text-editor\" data-id=\"74cb477\" data-element_type=\"widget\" data-e-type=\"widget\" data-widget_type=\"text-editor.default\">\n\t\t\t\t<div class=\"elementor-widget-container\">\n\t\t\t\t\t\t\t\t\t<p>Die ICAPE Group erf\u00fcllt die RoHS-Richtlinie (Restriction of Hazardous Substances) vollst\u00e4ndig und stellt sicher, dass unsere Leiterplatten und elektronischen Komponenten die Umweltsicherheitsstandards erf\u00fcllen, indem sie gef\u00e4hrliche Stoffe wie Blei, Quecksilber und Cadmium begrenzen.<\/p>\n\t\t\t\t\t\t\t\t<\/div>\n\t\t\t\t<\/div>\n\t\t\t\t<div class=\"elementor-element elementor-element-c6b0b18 elementor-align-left btn-simple-arrow elementor-widget elementor-widget-button\" data-id=\"c6b0b18\" data-element_type=\"widget\" data-e-type=\"widget\" data-widget_type=\"button.default\">\n\t\t\t\t<div class=\"elementor-widget-container\">\n\t\t\t\t\t\t\t\t\t<div class=\"elementor-button-wrapper\">\n\t\t\t\t\t<a class=\"elementor-button elementor-button-link elementor-size-sm\" href=\"https:\/\/www.icape-group.com\/wp-content\/uploads\/2025\/03\/ICAPE-ROHS-3.0.doc\" target=\"_blank\">\n\t\t\t\t\t\t<span class=\"elementor-button-content-wrapper\">\n\t\t\t\t\t\t<span class=\"elementor-button-icon\">\n\t\t\t\t<svg xmlns=\"http:\/\/www.w3.org\/2000\/svg\" xmlns:xlink=\"http:\/\/www.w3.org\/1999\/xlink\" id=\"Layer_1\" x=\"0px\" y=\"0px\" width=\"32px\" height=\"32px\" viewBox=\"0 0 32 32\" xml:space=\"preserve\"><path d=\"M27.3,16L4.8,31l0-30L27.3,16z\"><\/path><\/svg>\t\t\t<\/span>\n\t\t\t\t\t\t\t\t\t<span class=\"elementor-button-text\">Erkl\u00e4rung anzeigen<\/span>\n\t\t\t\t\t<\/span>\n\t\t\t\t\t<\/a>\n\t\t\t\t<\/div>\n\t\t\t\t\t\t\t\t<\/div>\n\t\t\t\t<\/div>\n\t\t\t\t\t<\/div>\n\t\t<\/div>\n\t\t\t\t<div class=\"elementor-column elementor-col-25 elementor-top-column elementor-element elementor-element-2942e02\" data-id=\"2942e02\" data-element_type=\"column\" data-e-type=\"column\">\n\t\t\t<div class=\"elementor-widget-wrap elementor-element-populated\">\n\t\t\t\t\t\t<div class=\"elementor-element elementor-element-5d4c90e elementor-widget elementor-widget-image\" data-id=\"5d4c90e\" data-element_type=\"widget\" data-e-type=\"widget\" data-widget_type=\"image.default\">\n\t\t\t\t<div class=\"elementor-widget-container\">\n\t\t\t\t\t\t\t\t\t\t\t\t\t\t\t<img decoding=\"async\" width=\"300\" height=\"261\" data-src=\"https:\/\/www.icape-group.com\/wp-content\/smush-webp\/2025\/03\/Logo-REACH-300x261-1.png.webp\" class=\"attachment-large size-large wp-image-138024 lazyload\" alt=\"\" src=\"data:image\/svg+xml;base64,PHN2ZyB3aWR0aD0iMSIgaGVpZ2h0PSIxIiB4bWxucz0iaHR0cDovL3d3dy53My5vcmcvMjAwMC9zdmciPjwvc3ZnPg==\" style=\"--smush-placeholder-width: 300px; --smush-placeholder-aspect-ratio: 300\/261;\" \/>\t\t\t\t\t\t\t\t\t\t\t\t\t\t\t<\/div>\n\t\t\t\t<\/div>\n\t\t\t\t\t<\/div>\n\t\t<\/div>\n\t\t\t\t<div class=\"elementor-column elementor-col-25 elementor-top-column elementor-element elementor-element-55eba12\" data-id=\"55eba12\" data-element_type=\"column\" data-e-type=\"column\">\n\t\t\t<div class=\"elementor-widget-wrap elementor-element-populated\">\n\t\t\t\t\t\t<div class=\"elementor-element elementor-element-ddcc828 elementor-widget elementor-widget-text-editor\" data-id=\"ddcc828\" data-element_type=\"widget\" data-e-type=\"widget\" data-widget_type=\"text-editor.default\">\n\t\t\t\t<div class=\"elementor-widget-container\">\n\t\t\t\t\t\t\t\t\t<h6><strong>Konfliktmineralien \u2013 Grundsatzerkl\u00e4rung der ICAPE Group <\/strong><\/h6>\n\t\t\t\t\t\t\t\t<\/div>\n\t\t\t\t<\/div>\n\t\t\t\t<div class=\"elementor-element elementor-element-dd05b40 elementor-widget elementor-widget-text-editor\" data-id=\"dd05b40\" data-element_type=\"widget\" data-e-type=\"widget\" data-widget_type=\"text-editor.default\">\n\t\t\t\t<div class=\"elementor-widget-container\">\n\t\t\t\t\t\t\t\t\t<p>Die ICAPE Group h\u00e4lt sich an die REACH-Verordnung (Registrierung, Bewertung, Zulassung und Beschr\u00e4nkung von Chemikalien) und garantiert, dass unsere Produkte den Anforderungen der Europ\u00e4ischen Union an die chemische Sicherheit entsprechen.<\/p>\n\t\t\t\t\t\t\t\t<\/div>\n\t\t\t\t<\/div>\n\t\t\t\t<div class=\"elementor-element elementor-element-14fa2c2 elementor-align-left btn-simple-arrow elementor-widget elementor-widget-button\" data-id=\"14fa2c2\" data-element_type=\"widget\" data-e-type=\"widget\" data-widget_type=\"button.default\">\n\t\t\t\t<div class=\"elementor-widget-container\">\n\t\t\t\t\t\t\t\t\t<div class=\"elementor-button-wrapper\">\n\t\t\t\t\t<a class=\"elementor-button elementor-button-link elementor-size-sm\" href=\"https:\/\/www.icape-group.com\/wp-content\/uploads\/2025\/03\/ICAPE-REACH-247-declaration.doc\" target=\"_blank\">\n\t\t\t\t\t\t<span class=\"elementor-button-content-wrapper\">\n\t\t\t\t\t\t<span class=\"elementor-button-icon\">\n\t\t\t\t<svg xmlns=\"http:\/\/www.w3.org\/2000\/svg\" xmlns:xlink=\"http:\/\/www.w3.org\/1999\/xlink\" id=\"Layer_1\" x=\"0px\" y=\"0px\" width=\"32px\" height=\"32px\" viewBox=\"0 0 32 32\" xml:space=\"preserve\"><path d=\"M27.3,16L4.8,31l0-30L27.3,16z\"><\/path><\/svg>\t\t\t<\/span>\n\t\t\t\t\t\t\t\t\t<span class=\"elementor-button-text\">Erkl\u00e4rung anzeigen<\/span>\n\t\t\t\t\t<\/span>\n\t\t\t\t\t<\/a>\n\t\t\t\t<\/div>\n\t\t\t\t\t\t\t\t<\/div>\n\t\t\t\t<\/div>\n\t\t\t\t\t<\/div>\n\t\t<\/div>\n\t\t\t\t\t<\/div>\n\t\t<\/section>\n\t\t\t\t<section class=\"elementor-section elementor-top-section elementor-element elementor-element-6a2982e elementor-section-boxed elementor-section-height-default elementor-section-height-default\" data-id=\"6a2982e\" data-element_type=\"section\" data-e-type=\"section\">\n\t\t\t\t\t\t<div class=\"elementor-container elementor-column-gap-default\">\n\t\t\t\t\t<div class=\"elementor-column elementor-col-100 elementor-top-column elementor-element elementor-element-ab9da87\" data-id=\"ab9da87\" data-element_type=\"column\" data-e-type=\"column\">\n\t\t\t<div class=\"elementor-widget-wrap\">\n\t\t\t\t\t\t\t<\/div>\n\t\t<\/div>\n\t\t\t\t\t<\/div>\n\t\t<\/section>\n\t\t\t\t<\/div>\n\t\t","protected":false},"excerpt":{"rendered":"<p>Sicherstellung der Einhaltung von Nachhaltige Beschaffung und Fertigung Bei der ICAPE Group stehen Nachhaltigkeit und Compliance im Mittelpunkt unseres Handelns. Wir stellen sicher, dass unsere Produkte den h\u00f6chsten regulatorischen Standards entsprechen und helfen unseren Kunden, ihre Umwelt- und Unternehmensverantwortungsziele zu erreichen. Kontaktieren Sie uns Die Einhaltung der RoHS-Richtlinie (Restriction of Hazardous Substances) und der REACH-Verordnung [&hellip;]<\/p>\n","protected":false},"author":5,"featured_media":0,"parent":0,"menu_order":0,"comment_status":"closed","ping_status":"closed","template":"","meta":{"_acf_changed":false,"content-type":"","inline_featured_image":false,"footnotes":""},"class_list":["post-138096","page","type-page","status-publish","hentry"],"acf":[],"aioseo_notices":[],"yoast_head":"<!-- This site is optimized with the Yoast SEO Premium plugin v27.4 (Yoast SEO v27.5) - https:\/\/yoast.com\/product\/yoast-seo-premium-wordpress\/ -->\n<title>RoHS- und REACH-Konformit\u00e4t | ICAPE Group<\/title>\n<meta name=\"description\" content=\"Stellen Sie die Einhaltung der RoHS- und REACH-Vorschriften mit der ICAPE Group sicher. Unsere Leiterplatten und elektronischen Komponenten erf\u00fcllen h\u00f6chste Umweltstandards.\" \/>\n<meta name=\"robots\" content=\"index, follow, max-snippet:-1, max-image-preview:large, max-video-preview:-1\" \/>\n<meta name=\"twitter:card\" content=\"summary_large_image\" \/>\n<meta name=\"twitter:title\" content=\"RoHS- und REACH-Konformit\u00e4t | ICAPE Group\" \/>\n<meta name=\"twitter:description\" content=\"Stellen Sie die Einhaltung der RoHS- und REACH-Vorschriften mit der ICAPE Group sicher. Unsere Leiterplatten und elektronischen Komponenten erf\u00fcllen h\u00f6chste Umweltstandards.\" \/>\n<meta name=\"twitter:image\" content=\"https:\/\/www.icape-group.com\/wp-content\/uploads\/2025\/03\/RoHS.svg.png\" \/>\n<meta name=\"twitter:label1\" content=\"Gesch\u00e4tzte Lesezeit\" \/>\n\t<meta name=\"twitter:data1\" content=\"1 minute\" \/>\n<script type=\"application\/ld+json\" class=\"yoast-schema-graph\">{\"@context\":\"https:\\\/\\\/schema.org\",\"@graph\":[{\"@type\":\"WebPage\",\"@id\":\"https:\\\/\\\/www.icape-group.com\\\/de\\\/compliance\\\/\",\"url\":\"https:\\\/\\\/www.icape-group.com\\\/de\\\/compliance\\\/\",\"name\":\"RoHS- und REACH-Konformit\u00e4t | ICAPE Group\",\"isPartOf\":{\"@id\":\"https:\\\/\\\/www.icape-group.com\\\/de\\\/#website\"},\"primaryImageOfPage\":{\"@id\":\"https:\\\/\\\/www.icape-group.com\\\/de\\\/compliance\\\/#primaryimage\"},\"image\":{\"@id\":\"https:\\\/\\\/www.icape-group.com\\\/de\\\/compliance\\\/#primaryimage\"},\"thumbnailUrl\":\"https:\\\/\\\/www.icape-group.com\\\/wp-content\\\/uploads\\\/2025\\\/03\\\/RoHS.svg.png\",\"datePublished\":\"2025-03-18T19:18:03+00:00\",\"dateModified\":\"2025-03-18T20:10:57+00:00\",\"description\":\"Stellen Sie die Einhaltung der RoHS- und REACH-Vorschriften mit der ICAPE Group sicher. Unsere Leiterplatten und elektronischen Komponenten erf\u00fcllen h\u00f6chste Umweltstandards.\",\"breadcrumb\":{\"@id\":\"https:\\\/\\\/www.icape-group.com\\\/de\\\/compliance\\\/#breadcrumb\"},\"inLanguage\":\"de-DE\",\"potentialAction\":[{\"@type\":\"ReadAction\",\"target\":[\"https:\\\/\\\/www.icape-group.com\\\/de\\\/compliance\\\/\"]}]},{\"@type\":\"ImageObject\",\"inLanguage\":\"de-DE\",\"@id\":\"https:\\\/\\\/www.icape-group.com\\\/de\\\/compliance\\\/#primaryimage\",\"url\":\"https:\\\/\\\/www.icape-group.com\\\/wp-content\\\/uploads\\\/2025\\\/03\\\/RoHS.svg.png\",\"contentUrl\":\"https:\\\/\\\/www.icape-group.com\\\/wp-content\\\/uploads\\\/2025\\\/03\\\/RoHS.svg.png\"},{\"@type\":\"BreadcrumbList\",\"@id\":\"https:\\\/\\\/www.icape-group.com\\\/de\\\/compliance\\\/#breadcrumb\",\"itemListElement\":[{\"@type\":\"ListItem\",\"position\":1,\"name\":\"Home\",\"item\":\"https:\\\/\\\/www.icape-group.com\\\/de\\\/\"},{\"@type\":\"ListItem\",\"position\":2,\"name\":\"Compliance\"}]},{\"@type\":\"WebSite\",\"@id\":\"https:\\\/\\\/www.icape-group.com\\\/de\\\/#website\",\"url\":\"https:\\\/\\\/www.icape-group.com\\\/de\\\/\",\"name\":\"ICAPE Group\",\"description\":\"The power of precision\",\"publisher\":{\"@id\":\"https:\\\/\\\/www.icape-group.com\\\/de\\\/#organization\"},\"potentialAction\":[{\"@type\":\"SearchAction\",\"target\":{\"@type\":\"EntryPoint\",\"urlTemplate\":\"https:\\\/\\\/www.icape-group.com\\\/de\\\/?s={search_term_string}\"},\"query-input\":{\"@type\":\"PropertyValueSpecification\",\"valueRequired\":true,\"valueName\":\"search_term_string\"}}],\"inLanguage\":\"de-DE\"},{\"@type\":\"Organization\",\"@id\":\"https:\\\/\\\/www.icape-group.com\\\/de\\\/#organization\",\"name\":\"ICAPE Group\",\"url\":\"https:\\\/\\\/www.icape-group.com\\\/de\\\/\",\"logo\":{\"@type\":\"ImageObject\",\"inLanguage\":\"de-DE\",\"@id\":\"https:\\\/\\\/www.icape-group.com\\\/de\\\/#\\\/schema\\\/logo\\\/image\\\/\",\"url\":\"\",\"contentUrl\":\"\",\"caption\":\"ICAPE Group\"},\"image\":{\"@id\":\"https:\\\/\\\/www.icape-group.com\\\/de\\\/#\\\/schema\\\/logo\\\/image\\\/\"}}]}<\/script>\n<!-- \/ Yoast SEO Premium plugin. -->","yoast_head_json":{"title":"RoHS- und REACH-Konformit\u00e4t | ICAPE Group","description":"Stellen Sie die Einhaltung der RoHS- und REACH-Vorschriften mit der ICAPE Group sicher. Unsere Leiterplatten und elektronischen Komponenten erf\u00fcllen h\u00f6chste Umweltstandards.","robots":{"index":"index","follow":"follow","max-snippet":"max-snippet:-1","max-image-preview":"max-image-preview:large","max-video-preview":"max-video-preview:-1"},"twitter_card":"summary_large_image","twitter_title":"RoHS- und REACH-Konformit\u00e4t | ICAPE Group","twitter_description":"Stellen Sie die Einhaltung der RoHS- und REACH-Vorschriften mit der ICAPE Group sicher. Unsere Leiterplatten und elektronischen Komponenten erf\u00fcllen h\u00f6chste Umweltstandards.","twitter_image":"https:\/\/www.icape-group.com\/wp-content\/uploads\/2025\/03\/RoHS.svg.png","twitter_misc":{"Gesch\u00e4tzte Lesezeit":"1 minute"},"schema":{"@context":"https:\/\/schema.org","@graph":[{"@type":"WebPage","@id":"https:\/\/www.icape-group.com\/de\/compliance\/","url":"https:\/\/www.icape-group.com\/de\/compliance\/","name":"RoHS- und REACH-Konformit\u00e4t | ICAPE Group","isPartOf":{"@id":"https:\/\/www.icape-group.com\/de\/#website"},"primaryImageOfPage":{"@id":"https:\/\/www.icape-group.com\/de\/compliance\/#primaryimage"},"image":{"@id":"https:\/\/www.icape-group.com\/de\/compliance\/#primaryimage"},"thumbnailUrl":"https:\/\/www.icape-group.com\/wp-content\/uploads\/2025\/03\/RoHS.svg.png","datePublished":"2025-03-18T19:18:03+00:00","dateModified":"2025-03-18T20:10:57+00:00","description":"Stellen Sie die Einhaltung der RoHS- und REACH-Vorschriften mit der ICAPE Group sicher. Unsere Leiterplatten und elektronischen Komponenten erf\u00fcllen h\u00f6chste Umweltstandards.","breadcrumb":{"@id":"https:\/\/www.icape-group.com\/de\/compliance\/#breadcrumb"},"inLanguage":"de-DE","potentialAction":[{"@type":"ReadAction","target":["https:\/\/www.icape-group.com\/de\/compliance\/"]}]},{"@type":"ImageObject","inLanguage":"de-DE","@id":"https:\/\/www.icape-group.com\/de\/compliance\/#primaryimage","url":"https:\/\/www.icape-group.com\/wp-content\/uploads\/2025\/03\/RoHS.svg.png","contentUrl":"https:\/\/www.icape-group.com\/wp-content\/uploads\/2025\/03\/RoHS.svg.png"},{"@type":"BreadcrumbList","@id":"https:\/\/www.icape-group.com\/de\/compliance\/#breadcrumb","itemListElement":[{"@type":"ListItem","position":1,"name":"Home","item":"https:\/\/www.icape-group.com\/de\/"},{"@type":"ListItem","position":2,"name":"Compliance"}]},{"@type":"WebSite","@id":"https:\/\/www.icape-group.com\/de\/#website","url":"https:\/\/www.icape-group.com\/de\/","name":"ICAPE Group","description":"The power of precision","publisher":{"@id":"https:\/\/www.icape-group.com\/de\/#organization"},"potentialAction":[{"@type":"SearchAction","target":{"@type":"EntryPoint","urlTemplate":"https:\/\/www.icape-group.com\/de\/?s={search_term_string}"},"query-input":{"@type":"PropertyValueSpecification","valueRequired":true,"valueName":"search_term_string"}}],"inLanguage":"de-DE"},{"@type":"Organization","@id":"https:\/\/www.icape-group.com\/de\/#organization","name":"ICAPE Group","url":"https:\/\/www.icape-group.com\/de\/","logo":{"@type":"ImageObject","inLanguage":"de-DE","@id":"https:\/\/www.icape-group.com\/de\/#\/schema\/logo\/image\/","url":"","contentUrl":"","caption":"ICAPE Group"},"image":{"@id":"https:\/\/www.icape-group.com\/de\/#\/schema\/logo\/image\/"}}]}},"_links":{"self":[{"href":"https:\/\/www.icape-group.com\/de\/wp-json\/wp\/v2\/pages\/138096","targetHints":{"allow":["GET"]}}],"collection":[{"href":"https:\/\/www.icape-group.com\/de\/wp-json\/wp\/v2\/pages"}],"about":[{"href":"https:\/\/www.icape-group.com\/de\/wp-json\/wp\/v2\/types\/page"}],"author":[{"embeddable":true,"href":"https:\/\/www.icape-group.com\/de\/wp-json\/wp\/v2\/users\/5"}],"replies":[{"embeddable":true,"href":"https:\/\/www.icape-group.com\/de\/wp-json\/wp\/v2\/comments?post=138096"}],"version-history":[{"count":1,"href":"https:\/\/www.icape-group.com\/de\/wp-json\/wp\/v2\/pages\/138096\/revisions"}],"predecessor-version":[{"id":138098,"href":"https:\/\/www.icape-group.com\/de\/wp-json\/wp\/v2\/pages\/138096\/revisions\/138098"}],"wp:attachment":[{"href":"https:\/\/www.icape-group.com\/de\/wp-json\/wp\/v2\/media?parent=138096"}],"curies":[{"name":"wp","href":"https:\/\/api.w.org\/{rel}","templated":true}]}}